{"id":227,"date":"2026-02-21T17:19:33","date_gmt":"2026-02-21T16:19:33","guid":{"rendered":"https:\/\/server-wechsel.de\/?page_id=227"},"modified":"2026-03-13T18:25:02","modified_gmt":"2026-03-13T17:25:02","slug":"erleben","status":"publish","type":"page","link":"https:\/\/staging.portosofie.ch\/en\/erleben\/","title":{"rendered":"Genuss"},"content":{"rendered":"<div class=\"et_pb_section_0 et_pb_section et_section_regular et_block_section\">\n<div class=\"et_pb_row_0 et_pb_row et_block_row\">\n<div class=\"et_pb_column_0 et_pb_column et_pb_column_2_5 et_block_column et_pb_column_empty et_pb_css_mix_blend_mode_passthrough\"><\/div>\n\n<div class=\"et_pb_column_1 et_pb_column et_pb_column_3_5 et-last-child et_block_column et_pb_css_mix_blend_mode_passthrough\">\n<div class=\"et_pb_text_0 et_pb_text et_pb_bg_layout_dark et_pb_module et_block_module\"><div class=\"et_pb_text_inner\"><h1>Genuss am Seerhein<\/h1>\n<\/div><\/div>\n<\/div>\n<\/div>\n<\/div>\n\n<div class=\"et_pb_section_1 et_pb_section et_section_regular et_block_section\">\n<div class=\"et_pb_row_1 et_pb_row et_flex_row\">\n<div class=\"et_pb_column_2 et_pb_column et-last-child et_flex_column et_pb_css_mix_blend_mode_passthrough et_flex_column_24_24 et_flex_column_24_24_tablet et_flex_column_24_24_phone\">\n<div class=\"et_pb_text_1 et_pb_text et_pb_bg_layout_light et_pb_module et_block_module\"><div class=\"et_pb_text_inner\"><p>f\u00fcr jede Jahreszeit und einzigartigen Events bieten wir f\u00fcr G\u00e4ste aus der ganzen Umgebung verschiedene Gen\u00fcsse und Ereignisse an.<\/p>\n<\/div><\/div>\n<\/div>\n<\/div>\n<\/div>\n\n<div class=\"et_pb_section_2 et_pb_section et_section_regular et_block_section\">\n<div class=\"et_pb_row_2 et_pb_row et_pb_gutters1 et_block_row\">\n<div class=\"et_pb_column_3 et_pb_column et_pb_column_1_2 et_block_column et_pb_css_mix_blend_mode_passthrough\">\n<div class=\"et_pb_image_0 et_pb_image et_pb_module et_block_module\"><span class=\"et_pb_image_wrap\"><img loading=\"lazy\" decoding=\"async\" src=\"https:\/\/staging.portosofie.ch\/wp-content\/uploads\/2026\/02\/Winter-kachel-1.jpg\" width=\"1000\" height=\"1000\" srcset=\"https:\/\/staging.portosofie.ch\/wp-content\/uploads\/2026\/02\/Winter-kachel-1.jpg 1000w, https:\/\/staging.portosofie.ch\/wp-content\/uploads\/2026\/02\/Winter-kachel-1-980x980.jpg 980w, https:\/\/staging.portosofie.ch\/wp-content\/uploads\/2026\/02\/Winter-kachel-1-480x480.jpg 480w\" sizes=\"(min-width: 0px) and (max-width: 480px) 480px, (min-width: 481px) and (max-width: 980px) 980px, (min-width: 981px) 1000px, 100vw\" class=\"wp-image-231\" title=\"Zimmer Hotel Porto Sofie am Seerhein, Thurgau, Bodensee\" alt=\"Zimmer Hotel Porto Sofie am Seerhein, Thurgau, Bodensee\" \/><\/span><\/div>\n<\/div>\n\n<div class=\"et_pb_column_4 et_pb_column et_pb_column_1_2 et-last-child et_block_column et_pb_css_mix_blend_mode_passthrough\">\n<div class=\"et_pb_text_2 et_pb_text et_pb_bg_layout_light et_pb_module et_block_module\"><div class=\"et_pb_text_inner\"><h2>Seerhein Zauber<\/h2>\n<\/div><\/div>\n\n<div class=\"et_pb_text_3 et_pb_text et_pb_bg_layout_light et_pb_module et_block_module\"><div class=\"et_pb_text_inner\"><p>Entdecken Sie Ihr ganz pers\u00f6nliches Chalet f\u00fcr einen unverwechselbaren Abend mit Ihren Liebsten.Geniessen Sie den Seerheinzauber vom 01. November bis 28. Februar mit k\u00f6stlichen K\u00e4sefondue und Raclette in ihren ganz pers\u00f6nlichen Chalets in Gottlieben am Seerhein.<br \/>In unseren urigen Chalets k\u00f6nnen Sie in einmaliger Atmosph\u00e4re schweizer K\u00e4sespezialti\u00e4ten erleben. Weiters gibt es jeden Samstag Nachmittag f\u00fcr Klein und Gross unseren Waffelzauber bei diesem Sie Ihre eigenen Waffeln backen und bei der Garnierung Ihre Kreativit\u00e4t freien Lauf lassen. k\u00f6nnen<\/p>\n<\/div><\/div>\n\n<div class=\"et_pb_module et_pb_button_module_wrapper et_pb_button_0_wrapper\"><a class=\"et_pb_button_0 et_pb_button et_pb_bg_layout_light et_pb_module et_block_module\" href=\"\" target=\"_blank\">Zum Seerhein Zauber<\/a><\/div>\n<\/div>\n<\/div>\n\n<div class=\"et_pb_row_3 et_pb_row et_block_row\">\n<div class=\"et_pb_column_5 et_pb_column et_pb_column_4_4 et-last-child et_block_column et_pb_css_mix_blend_mode_passthrough\">\n<div class=\"et_pb_divider_0 et_pb_divider et_pb_space et_pb_divider_position_top et_pb_module\"><div class=\"et_pb_divider_internal\"><\/div><\/div>\n<\/div>\n<\/div>\n\n<div class=\"et_pb_row_4 et_pb_row et_pb_gutters1 et_block_row\">\n<div class=\"et_pb_column_6 et_pb_column et_pb_column_1_2 et_block_column et_pb_css_mix_blend_mode_passthrough\">\n<div class=\"et_pb_text_4 et_pb_text et_pb_bg_layout_light et_pb_module et_block_module\"><div class=\"et_pb_text_inner\"><h2>Seerhein Brunch<\/h2>\n<\/div><\/div>\n\n<div class=\"et_pb_text_5 et_pb_text et_pb_bg_layout_light et_pb_module et_block_module\"><div class=\"et_pb_text_inner\"><h3>Jeden Sonntag<\/h3>\n<p>Von Oktober bis Mai,<br \/>begeistert das Porto Sofie seine G\u00e4ste mit dem Seerhein Brunch in Gottlieben:<\/p>\n<p>Geniessen Sie mit Ihrer Familie und Ihren Freunden das grosse Sonntagmittag-Buffet mit Willkommens-Prosecco und reichhaltigem Fr\u00fchst\u00fcck mit frischen Produkten und Lebensmittel aus der Region.<\/p>\n<p>Am Mittag erg\u00e4nzen wir das Fr\u00fchst\u00fccksbuffet mit feinen Salaten, verschiedenen Fleisch,- Fisch,- und vegetarischen Gerichten. Zum Dessert werden Sie mit s\u00fcssen K\u00f6stlichkeiten verw\u00f6hnt.<\/p>\n<\/div><\/div>\n\n<div class=\"et_pb_module et_pb_button_module_wrapper et_pb_button_1_wrapper\"><a class=\"et_pb_button_1 et_pb_button et_pb_bg_layout_light et_pb_module et_block_module\" href=\"\" target=\"_blank\">Zum Seerhein Brunch<\/a><\/div>\n<\/div>\n\n<div class=\"et_pb_column_7 et_pb_column et_pb_column_1_2 et-last-child et_block_column et_pb_css_mix_blend_mode_passthrough\">\n<div class=\"et_pb_image_1 et_pb_image et_pb_module et_block_module\"><span class=\"et_pb_image_wrap\"><img loading=\"lazy\" decoding=\"async\" src=\"https:\/\/staging.portosofie.ch\/wp-content\/uploads\/2026\/02\/Seerhein-Brunch-Porto-Sofie.jpg\" width=\"750\" height=\"750\" srcset=\"https:\/\/staging.portosofie.ch\/wp-content\/uploads\/2026\/02\/Seerhein-Brunch-Porto-Sofie.jpg 750w, https:\/\/staging.portosofie.ch\/wp-content\/uploads\/2026\/02\/Seerhein-Brunch-Porto-Sofie-480x480.jpg 480w\" sizes=\"(min-width: 0px) and (max-width: 480px) 480px, (min-width: 481px) 750px, 100vw\" class=\"wp-image-232\" title=\"Seerhein Brunch Porto Sofie\" alt=\"Seerhein Brunch Porto Sofie\" \/><\/span><\/div>\n<\/div>\n<\/div>\n\n<div class=\"et_pb_row_5 et_pb_row et_block_row\">\n<div class=\"et_pb_column_8 et_pb_column et_pb_column_4_4 et-last-child et_block_column et_pb_css_mix_blend_mode_passthrough\">\n<div class=\"et_pb_divider_1 et_pb_divider et_pb_space et_pb_divider_position_top et_pb_module\"><div class=\"et_pb_divider_internal\"><\/div><\/div>\n<\/div>\n<\/div>\n\n<div class=\"et_pb_row_6 et_pb_row et_pb_gutters1 et_block_row\">\n<div class=\"et_pb_column_9 et_pb_column et_pb_column_1_2 et_block_column et_pb_css_mix_blend_mode_passthrough\">\n<div class=\"et_pb_image_2 et_pb_image et_pb_module et_block_module\"><span class=\"et_pb_image_wrap\"><img loading=\"lazy\" decoding=\"async\" src=\"https:\/\/staging.portosofie.ch\/wp-content\/uploads\/2026\/02\/Waffelzauber.jpg\" width=\"1920\" height=\"1920\" srcset=\"https:\/\/staging.portosofie.ch\/wp-content\/uploads\/2026\/02\/Waffelzauber.jpg 1920w, https:\/\/staging.portosofie.ch\/wp-content\/uploads\/2026\/02\/Waffelzauber-1280x1280.jpg 1280w, https:\/\/staging.portosofie.ch\/wp-content\/uploads\/2026\/02\/Waffelzauber-980x980.jpg 980w, https:\/\/staging.portosofie.ch\/wp-content\/uploads\/2026\/02\/Waffelzauber-480x480.jpg 480w\" sizes=\"(min-width: 0px) and (max-width: 480px) 480px, (min-width: 481px) and (max-width: 980px) 980px, (min-width: 981px) and (max-width: 1280px) 1280px, (min-width: 1281px) 1920px, 100vw\" class=\"wp-image-233\" title=\"Waffelzauber\" alt=\"Zimmer Hotel Porto Sofie am Seerhein, Thurgau, Bodensee\" \/><\/span><\/div>\n<\/div>\n\n<div class=\"et_pb_column_10 et_pb_column et_pb_column_1_2 et-last-child et_block_column et_pb_css_mix_blend_mode_passthrough\">\n<div class=\"et_pb_text_6 et_pb_text et_pb_bg_layout_light et_pb_module et_block_module\"><div class=\"et_pb_text_inner\"><h2>Waffelzauber<\/h2>\n<\/div><\/div>\n\n<div class=\"et_pb_text_7 et_pb_text et_pb_bg_layout_light et_pb_module et_block_module\"><div class=\"et_pb_text_inner\"><p>Jeden Samstag von 12.00 Uhr bis 14.00 Uhr k\u00f6nnen Sie mit Freunden und Familie unser Waffelzauber in einer unserer gem\u00fctlich eingerichteten Chalets und H\u00fctten nutzen. Verschiedene Toppings und Saucen machen Ihre Kreation mit der Waffel perfekt.<\/p>\n<\/div><\/div>\n\n<div class=\"et_pb_module et_pb_button_module_wrapper et_pb_button_2_wrapper\"><a class=\"et_pb_button_2 et_pb_button et_pb_bg_layout_light et_pb_module et_block_module\" href=\"\" target=\"_blank\">Zum Waffelzauber<\/a><\/div>\n<\/div>\n<\/div>\n\n<div class=\"et_pb_row_7 et_pb_row et_block_row\">\n<div class=\"et_pb_column_11 et_pb_column et_pb_column_4_4 et-last-child et_block_column et_pb_css_mix_blend_mode_passthrough\">\n<div class=\"et_pb_divider_2 et_pb_divider et_pb_space et_pb_divider_position_top et_pb_module\"><div class=\"et_pb_divider_internal\"><\/div><\/div>\n<\/div>\n<\/div>\n\n<div class=\"et_pb_row_8 et_pb_row et_pb_gutters1 et_block_row\">\n<div class=\"et_pb_column_12 et_pb_column et_pb_column_1_2 et_block_column et_pb_css_mix_blend_mode_passthrough\">\n<div class=\"et_pb_text_8 et_pb_text et_pb_bg_layout_light et_pb_module et_block_module\"><div class=\"et_pb_text_inner\"><h2>Heiraten<\/h2>\n<\/div><\/div>\n\n<div class=\"et_pb_text_9 et_pb_text et_pb_bg_layout_light et_pb_module et_block_module\"><div class=\"et_pb_text_inner\"><p>Unser stilvolles Boutique-Hotel am Seerhein, in unmittelbarer N\u00e4he eines Naturschutzgebiets und mit Anbindung an \u00f6ffentliche Verkehrsmittel, ist die perfekte Hochzeitslocation. Wir bieten 31 individuell gestaltete Zimmer, eine romantische Seeterrasse und die M\u00f6glichkeit, eure Trauung direkt an der Seepromenade abzuhalten. Von der Hochzeit bis zum Hochzeitsfr\u00fchst\u00fcck am n\u00e4chsten Morgen - bei uns findet alles unter einem Dach statt.<\/p>\n<p>Unser professionelles Team steht euch exklusiv zur Seite, um sicherzustellen, dass eure Hochzeit unvergesslich wird.<\/p>\n<p>Sagt JA zu eurem gro\u00dfen Tag in unserer exklusiven Hochzeitslocation, dem Porto Sofie!<\/p>\n<\/div><\/div>\n\n<div class=\"et_pb_module et_pb_button_module_wrapper et_pb_button_3_wrapper\"><a class=\"et_pb_button_3 et_pb_button et_pb_bg_layout_light et_pb_module et_block_module\" href=\"\" target=\"_blank\">Mehr erfahren<\/a><\/div>\n<\/div>\n\n<div class=\"et_pb_column_13 et_pb_column et_pb_column_1_2 et-last-child et_block_column et_pb_css_mix_blend_mode_passthrough\">\n<div class=\"et_pb_image_3 et_pb_image et_pb_module et_block_module\"><span class=\"et_pb_image_wrap\"><img loading=\"lazy\" decoding=\"async\" src=\"https:\/\/staging.portosofie.ch\/wp-content\/uploads\/2026\/02\/wedding-4.jpg\" width=\"1280\" height=\"1024\" srcset=\"https:\/\/staging.portosofie.ch\/wp-content\/uploads\/2026\/02\/wedding-4.jpg 1280w, https:\/\/staging.portosofie.ch\/wp-content\/uploads\/2026\/02\/wedding-4-980x784.jpg 980w, https:\/\/staging.portosofie.ch\/wp-content\/uploads\/2026\/02\/wedding-4-480x384.jpg 480w\" sizes=\"(min-width: 0px) and (max-width: 480px) 480px, (min-width: 481px) and (max-width: 980px) 980px, (min-width: 981px) 1280px, 100vw\" class=\"wp-image-234\" title=\"wedding-4\" alt=\"Hochzeitsessen - Photo by Cagno Di Media Production\" \/><\/span><\/div>\n<\/div>\n<\/div>\n\n<div class=\"et_pb_row_9 et_pb_row et_block_row\">\n<div class=\"et_pb_column_14 et_pb_column et_pb_column_4_4 et-last-child et_block_column et_pb_css_mix_blend_mode_passthrough\">\n<div class=\"et_pb_divider_3 et_pb_divider et_pb_space et_pb_divider_position_top et_pb_module\"><div class=\"et_pb_divider_internal\"><\/div><\/div>\n<\/div>\n<\/div>\n\n<div class=\"et_pb_row_10 et_pb_row et_pb_gutters1 et_block_row\">\n<div class=\"et_pb_column_15 et_pb_column et_pb_column_1_2 et_block_column et_pb_css_mix_blend_mode_passthrough\">\n<div class=\"et_pb_image_4 et_pb_image et_pb_module et_block_module\"><span class=\"et_pb_image_wrap\"><img loading=\"lazy\" decoding=\"async\" src=\"https:\/\/staging.portosofie.ch\/wp-content\/uploads\/2026\/02\/Seminarraum_1.png\" width=\"1920\" height=\"1440\" srcset=\"https:\/\/staging.portosofie.ch\/wp-content\/uploads\/2026\/02\/Seminarraum_1.png 1920w, https:\/\/staging.portosofie.ch\/wp-content\/uploads\/2026\/02\/Seminarraum_1-1280x960.png 1280w, https:\/\/staging.portosofie.ch\/wp-content\/uploads\/2026\/02\/Seminarraum_1-980x735.png 980w, https:\/\/staging.portosofie.ch\/wp-content\/uploads\/2026\/02\/Seminarraum_1-480x360.png 480w\" sizes=\"(min-width: 0px) and (max-width: 480px) 480px, (min-width: 481px) and (max-width: 980px) 980px, (min-width: 981px) and (max-width: 1280px) 1280px, (min-width: 1281px) 1920px, 100vw\" class=\"wp-image-235\" title=\"Seminarraum_1\" alt=\"Hotel Porto Sofie - Cafe am Seerhein - Cappucino\" \/><\/span><\/div>\n<\/div>\n\n<div class=\"et_pb_column_16 et_pb_column et_pb_column_1_2 et-last-child et_block_column et_pb_css_mix_blend_mode_passthrough\">\n<div class=\"et_pb_text_10 et_pb_text et_pb_bg_layout_light et_pb_module et_block_module\"><div class=\"et_pb_text_inner\"><h2>Tagung<\/h2>\n<\/div><\/div>\n\n<div class=\"et_pb_text_11 et_pb_text et_pb_bg_layout_light et_pb_module et_block_module\"><div class=\"et_pb_text_inner\"><p><span>Unsere einzigartige Wasserlage und das besondere Ambiente bieten die perfekte Kulisse f\u00fcr besondere Veranstaltungen in Gottlieben. Egal ob Tagungen, Workshops, Seminare, Geburtstage, Taufen, Intensivseminare oder Kreativmeetings \u2013 wir schaffen einen einzigartigen Rahmen f\u00fcr Ihr Event. Kombiniert mit \u00dcbernachtungen in stilvollen Zimmern, einer global inspirierten Cuisine aus regionalen Produkten und unserer herausragenden Cocktail- und Spirituosenkompetenz wird Ihre Veranstaltung ein voller Erfolg.<\/span><\/p>\n<\/div><\/div>\n\n<div class=\"et_pb_module et_pb_button_module_wrapper et_pb_button_4_wrapper\"><a class=\"et_pb_button_4 et_pb_button et_pb_bg_layout_light et_pb_module et_block_module\" href=\"\" target=\"_blank\">Mehr erfahren<\/a><\/div>\n<\/div>\n<\/div>\n\n<div class=\"et_pb_row_11 et_pb_row et_block_row\">\n<div class=\"et_pb_column_17 et_pb_column et_pb_column_4_4 et-last-child et_block_column et_pb_css_mix_blend_mode_passthrough\">\n<div class=\"et_pb_divider_4 et_pb_divider et_pb_space et_pb_divider_position_top et_pb_module\"><div class=\"et_pb_divider_internal\"><\/div><\/div>\n<\/div>\n<\/div>\n\n<div class=\"et_pb_row_12 et_pb_row et_pb_gutters1 et_block_row\">\n<div class=\"et_pb_column_18 et_pb_column et_pb_column_1_2 et_block_column et_pb_css_mix_blend_mode_passthrough\">\n<div class=\"et_pb_text_12 et_pb_text et_pb_bg_layout_light et_pb_module et_block_module\"><div class=\"et_pb_text_inner\"><h2>Kurse &amp; Tastings<\/h2>\n<\/div><\/div>\n\n<div class=\"et_pb_text_13 et_pb_text et_pb_bg_layout_light et_pb_module et_block_module\"><div class=\"et_pb_text_inner\"><p>F\u00fcr unsere Liebhaber von verschiedenen Spirituosen bieten wir unsere Kurse &amp; Tastings an. Hier bieten wir ein Angebot von verschiedenen Spezialit\u00e4ten. Ob f\u00fcr Sie privat oder als Firmenanlass, bekommen Sie bei uns Ihr gew\u00fcnschtes Programm.<\/p>\n<\/div><\/div>\n\n<div class=\"et_pb_module et_pb_button_module_wrapper et_pb_button_5_wrapper\"><a class=\"et_pb_button_5 et_pb_button et_pb_bg_layout_light et_pb_module et_block_module\" href=\"\" target=\"_blank\">Zur Kurse und Tastings<\/a><\/div>\n<\/div>\n\n<div class=\"et_pb_column_19 et_pb_column et_pb_column_1_2 et-last-child et_block_column et_pb_css_mix_blend_mode_passthrough\">\n<div class=\"et_pb_image_5 et_pb_image et_pb_module et_block_module\"><span class=\"et_pb_image_wrap\"><img loading=\"lazy\" decoding=\"async\" src=\"https:\/\/staging.portosofie.ch\/wp-content\/uploads\/2026\/02\/kurse-tastings-Porto-Sofie.webp\" width=\"1000\" height=\"1000\" srcset=\"https:\/\/staging.portosofie.ch\/wp-content\/uploads\/2026\/02\/kurse-tastings-Porto-Sofie.webp 1000w, https:\/\/staging.portosofie.ch\/wp-content\/uploads\/2026\/02\/kurse-tastings-Porto-Sofie-980x980.webp 980w, https:\/\/staging.portosofie.ch\/wp-content\/uploads\/2026\/02\/kurse-tastings-Porto-Sofie-480x480.webp 480w\" sizes=\"(min-width: 0px) and (max-width: 480px) 480px, (min-width: 481px) and (max-width: 980px) 980px, (min-width: 981px) 1000px, 100vw\" class=\"wp-image-236\" title=\"kurse-tastings-Porto-Sofie\" alt=\"Bar Hotel Porto Sofie am Seerhein, Thurgau, Bodensee\" \/><\/span><\/div>\n<\/div>\n<\/div>\n<\/div>\n\n<div class=\"et_pb_section_3 et_pb_section et_section_regular et_block_section\">\n<div class=\"et_pb_row_13 et_pb_row et_block_row\">\n<div class=\"et_pb_column_20 et_pb_column et_pb_column_4_4 et-last-child et_block_column et_pb_css_mix_blend_mode_passthrough\">\n<div class=\"dipi_divider_0 dipi_divider et_pb_bg_layout_light et_pb_module\">\n\t\t<div class=\"dipi-pixel-divider dipi-pixel-divider-row dipi-pixel-divider-text dipi-pixel-divider-mirror\"><div class=\"dipi-td-decoration  dipi-td-decoration-line dipi-td-first\"><\/div><h2 class=\"dipi-td-content\">Erleben Sie noch mehr<\/h2><div class=\"dipi-td-decoration  dipi-td-decoration-line dipi-td-second\"><\/div><\/div><\/div>\n<\/div>\n<\/div>\n\n<div class=\"et_pb_row_14 et_pb_row et_pb_row_4col et_block_row et_block_row_4col\">\n<div class=\"et_pb_column_21 et_pb_column et_pb_column_1_4 et_block_column et_pb_css_mix_blend_mode_passthrough\">\n<div class=\"et_pb_blurb_0 et_pb_blurb et_pb_bg_layout_light et_pb_blurb_position_top et_pb_module et_block_module\"><div class=\"et_pb_blurb_content\"><div class=\"et_pb_main_blurb_image\"><a href=\"https:\/\/book.portosofie.ch\" target=\"_blank\" rel=\"noopener\"><span class=\"et_pb_image_wrap et_pb_only_image_mode_wrap\"><img loading=\"lazy\" decoding=\"async\" src=\"https:\/\/staging.portosofie.ch\/wp-content\/uploads\/2026\/02\/Hotel-Porto-Sofie-jetzt-uebernachten-Bodensee-Kreuzlingen-Seerhein-Gottlieben.webp\" width=\"945\" height=\"945\" srcset=\"https:\/\/staging.portosofie.ch\/wp-content\/uploads\/2026\/02\/Hotel-Porto-Sofie-jetzt-uebernachten-Bodensee-Kreuzlingen-Seerhein-Gottlieben.webp 945w, https:\/\/staging.portosofie.ch\/wp-content\/uploads\/2026\/02\/Hotel-Porto-Sofie-jetzt-uebernachten-Bodensee-Kreuzlingen-Seerhein-Gottlieben-480x480.webp 480w\" sizes=\"(min-width: 0px) and (max-width: 480px) 480px, (min-width: 481px) 945px, 100vw\" class=\"wp-image-237\" alt=\"Zimmer Hotel Porto Sofie am Seerhein, Thurgau, Bodensee\" \/><\/span><\/a><\/div><div class=\"et_pb_blurb_container\"><h4 class=\"et_pb_module_header\"><a href=\"https:\/\/book.portosofie.ch\" target=\"_blank\" rel=\"noopener\">\u00dcbernachten<\/a><\/h4><div class=\"et_pb_blurb_description\"><p>Jetzt reservieren und \u00fcbernachten.<\/p>\n<\/div><\/div><\/div><\/div>\n<\/div>\n\n<div class=\"et_pb_column_22 et_pb_column et_pb_column_1_4 et_block_column et_pb_css_mix_blend_mode_passthrough\">\n<div class=\"et_pb_blurb_1 et_pb_blurb et_pb_bg_layout_light et_pb_blurb_position_top et_pb_module et_block_module\"><div class=\"et_pb_blurb_content\"><div class=\"et_pb_main_blurb_image\"><span class=\"et_pb_image_wrap et_pb_only_image_mode_wrap\"><img loading=\"lazy\" decoding=\"async\" src=\"https:\/\/staging.portosofie.ch\/wp-content\/uploads\/2026\/02\/Hotel-Porto-Sofie-Brasserie-Bodensee-Kreuzlingen-Seerhein-Gottlieben.webp\" width=\"945\" height=\"945\" srcset=\"https:\/\/staging.portosofie.ch\/wp-content\/uploads\/2026\/02\/Hotel-Porto-Sofie-Brasserie-Bodensee-Kreuzlingen-Seerhein-Gottlieben.webp 945w, https:\/\/staging.portosofie.ch\/wp-content\/uploads\/2026\/02\/Hotel-Porto-Sofie-Brasserie-Bodensee-Kreuzlingen-Seerhein-Gottlieben-480x480.webp 480w\" sizes=\"(min-width: 0px) and (max-width: 480px) 480px, (min-width: 481px) 945px, 100vw\" class=\"wp-image-238\" \/><\/span><\/div><div class=\"et_pb_blurb_container\"><h4 class=\"et_pb_module_header\">Geniessen<\/h4><div class=\"et_pb_blurb_description\"><p>Jetzt reservieren und geniessen.<\/p>\n<\/div><\/div><\/div><\/div>\n<\/div>\n\n<div class=\"et_pb_column_23 et_pb_column et_pb_column_1_4 et_block_column et_pb_css_mix_blend_mode_passthrough\">\n<div class=\"et_pb_blurb_2 et_pb_blurb et_pb_bg_layout_light et_pb_blurb_position_top et_pb_module et_block_module\"><div class=\"et_pb_blurb_content\"><div class=\"et_pb_main_blurb_image\"><span class=\"et_pb_image_wrap et_pb_only_image_mode_wrap\"><img loading=\"lazy\" decoding=\"async\" src=\"https:\/\/staging.portosofie.ch\/wp-content\/uploads\/2026\/02\/2-08d6e377-74b6-45e0-b6fa-303dc939d9e1-512x512-1.jpg\" width=\"512\" height=\"512\" srcset=\"https:\/\/staging.portosofie.ch\/wp-content\/uploads\/2026\/02\/2-08d6e377-74b6-45e0-b6fa-303dc939d9e1-512x512-1.jpg 512w, https:\/\/staging.portosofie.ch\/wp-content\/uploads\/2026\/02\/2-08d6e377-74b6-45e0-b6fa-303dc939d9e1-512x512-1-480x480.jpg 480w\" sizes=\"(min-width: 0px) and (max-width: 480px) 480px, (min-width: 481px) 512px, 100vw\" class=\"wp-image-239\" \/><\/span><\/div><div class=\"et_pb_blurb_container\"><h4 class=\"et_pb_module_header\">Tasten<\/h4><div class=\"et_pb_blurb_description\"><p>Jetzt reservieren und tasten.<\/p>\n<\/div><\/div><\/div><\/div>\n<\/div>\n\n<div class=\"et_pb_column_24 et_pb_column et_pb_column_1_4 et-last-child et_block_column et_pb_css_mix_blend_mode_passthrough\">\n<div class=\"et_pb_blurb_3 et_pb_blurb et_pb_bg_layout_light et_pb_blurb_position_top et_pb_module et_block_module\"><div class=\"et_pb_blurb_content\"><div class=\"et_pb_main_blurb_image\"><span class=\"et_pb_image_wrap et_pb_only_image_mode_wrap\"><img loading=\"lazy\" decoding=\"async\" src=\"https:\/\/staging.portosofie.ch\/wp-content\/uploads\/2026\/02\/Hotel-Porto-Sofie-Events-Bodensee-Kreuzlingen-Seerhein-Gottlieben-.webp\" width=\"945\" height=\"945\" srcset=\"https:\/\/staging.portosofie.ch\/wp-content\/uploads\/2026\/02\/Hotel-Porto-Sofie-Events-Bodensee-Kreuzlingen-Seerhein-Gottlieben-.webp 945w, https:\/\/staging.portosofie.ch\/wp-content\/uploads\/2026\/02\/Hotel-Porto-Sofie-Events-Bodensee-Kreuzlingen-Seerhein-Gottlieben--480x480.webp 480w\" sizes=\"(min-width: 0px) and (max-width: 480px) 480px, (min-width: 481px) 945px, 100vw\" class=\"wp-image-240\" \/><\/span><\/div><div class=\"et_pb_blurb_container\"><h4 class=\"et_pb_module_header\">Erleben<\/h4><div class=\"et_pb_blurb_description\"><p>Jetzt reservieren und erleben.<\/p>\n<\/div><\/div><\/div><\/div>\n<\/div>\n<\/div>\n<\/div>","protected":false},"excerpt":{"rendered":"","protected":false},"author":1,"featured_media":0,"parent":0,"menu_order":0,"comment_status":"closed","ping_status":"closed","template":"","meta":{"_acf_changed":false,"_et_pb_use_builder":"on","_et_pb_old_content":"","_et_gb_content_width":"","iawp_total_views":0,"footnotes":""},"dipi_cpt_category":[],"class_list":["post-227","page","type-page","status-publish","hentry"],"acf":[],"_links":{"self":[{"href":"https:\/\/staging.portosofie.ch\/en\/wp-json\/wp\/v2\/pages\/227","targetHints":{"allow":["GET"]}}],"collection":[{"href":"https:\/\/staging.portosofie.ch\/en\/wp-json\/wp\/v2\/pages"}],"about":[{"href":"https:\/\/staging.portosofie.ch\/en\/wp-json\/wp\/v2\/types\/page"}],"author":[{"embeddable":true,"href":"https:\/\/staging.portosofie.ch\/en\/wp-json\/wp\/v2\/users\/1"}],"replies":[{"embeddable":true,"href":"https:\/\/staging.portosofie.ch\/en\/wp-json\/wp\/v2\/comments?post=227"}],"version-history":[{"count":0,"href":"https:\/\/staging.portosofie.ch\/en\/wp-json\/wp\/v2\/pages\/227\/revisions"}],"wp:attachment":[{"href":"https:\/\/staging.portosofie.ch\/en\/wp-json\/wp\/v2\/media?parent=227"}],"wp:term":[{"taxonomy":"dipi_cpt_category","embeddable":true,"href":"https:\/\/staging.portosofie.ch\/en\/wp-json\/wp\/v2\/dipi_cpt_category?post=227"}],"curies":[{"name":"wp","href":"https:\/\/api.w.org\/{rel}","templated":true}]}}