{"id":257,"date":"2026-02-21T17:30:13","date_gmt":"2026-02-21T16:30:13","guid":{"rendered":"https:\/\/server-wechsel.de\/?page_id=257"},"modified":"2026-03-15T11:47:56","modified_gmt":"2026-03-15T10:47:56","slug":"flying-dinner","status":"publish","type":"page","link":"https:\/\/staging.portosofie.ch\/en\/flying-dinner\/","title":{"rendered":"Flying Dinner"},"content":{"rendered":"<div class=\"et_pb_section_0 et_pb_section et_section_regular et_block_section section_has_divider et_pb_bottom_divider et_clickable\">\r\n<div class=\"et_pb_row_0 et_pb_row et_block_row\">\r\n<div class=\"et_pb_column_0 et_pb_column et_pb_column_1_3 et_block_column et_pb_css_mix_blend_mode_passthrough\">\r\n<div class=\"et_pb_text_0 et_pb_text et_pb_bg_layout_light et_pb_module et_block_module\"><div class=\"et_pb_text_inner\"><h1>Flying Dinner<\/h1>\n<\/div><\/div>\r\n\r\n<div class=\"et_pb_text_1 et_pb_text et_pb_bg_layout_dark et_pb_module et_block_module\"><div class=\"et_pb_text_inner\"><p>Lassen Sie sich von einem Flying Dinner direkt am Wasser des Seerhein am idyllischen Bodensee verw\u00f6hnen! Ob f\u00fcr eine private Feier oder einen eleganten Firmenanlass \u2013 wir bieten mit unserem 10-G\u00e4nge Flying Dinner eine sinnliche Kulinarik in unserem gewohnt stilvollem Ambiente, sodass Ihr Anlass in eindr\u00fccklicher Erinnerung bleibt. Geniessen Sie unvergessliche Momente bei uns am Seerhein, wo Genuss und Geselligkeit im Vordergrund stehen.<\/p>\n<\/div><\/div>\r\n<\/div>\r\n\r\n<div class=\"et_pb_column_1 et_pb_column et_pb_column_2_3 et-last-child et_block_column et_pb_column_empty et_pb_css_mix_blend_mode_passthrough\"><\/div>\r\n<\/div>\r\n<div class=\"et_pb_bottom_inside_divider et-no-transition\"><\/div><\/div>\r\n\r\n<div class=\"et_pb_section_1 et_pb_section et_section_regular et_block_section\">\r\n<div class=\"et_pb_row_1 et_pb_row et_block_row\">\r\n<div class=\"et_pb_column_2 et_pb_column et_pb_column_4_4 et-last-child et_block_column et_pb_css_mix_blend_mode_passthrough\">\r\n<div class=\"et_pb_text_2 et_pb_text et_pb_bg_layout_light et_pb_module et_block_module\"><div class=\"et_pb_text_inner\"><h1>Flying Dinner<\/h1>\n<\/div><\/div>\r\n\r\n<div class=\"et_pb_text_3 et_pb_text et_pb_bg_layout_dark et_pb_module et_block_module\"><div class=\"et_pb_text_inner\"><p>Lassen Sie sich von einem Flying Dinner direkt am Wasser des Seerhein am idyllischen Bodensee verw\u00f6hnen! Ob f\u00fcr eine private Feier oder einen eleganten Firmenanlass \u2013 wir bieten mit unserem 10-G\u00e4nge Flying Dinner eine sinnliche Kulinarik in unserem gewohnt stilvollem Ambiente, sodass Ihr Anlass in eindr\u00fccklicher Erinnerung bleibt. Geniessen Sie unvergessliche Momente bei uns am Seerhein, wo Genuss und Geselligkeit im Vordergrund stehen.<\/p>\n<\/div><\/div>\r\n<\/div>\r\n<\/div>\r\n<\/div>\r\n\r\n<div class=\"et_pb_section_2 et_pb_section et_section_regular et_block_section\">\r\n<div class=\"et_pb_row_2 et_pb_row et_block_row\">\r\n<div class=\"et_pb_column_3 et_pb_column et_pb_column_4_4 et-last-child et_block_column et_pb_css_mix_blend_mode_passthrough\">\r\n<div class=\"et_pb_text_4 et_pb_text et_pb_bg_layout_light et_pb_module et_block_module\"><div class=\"et_pb_text_inner\"><h2>Flying Dinner<\/h2>\n<\/div><\/div>\r\n\r\n<div class=\"et_pb_text_5 et_pb_text et_pb_bg_layout_light et_pb_module et_block_module\"><div class=\"et_pb_text_inner\"><p><span class=\"NormalTextRun SCXW194547906 BCX0\">Das<\/span><span class=\"NormalTextRun SCXW194547906 BCX0\"> Flying Dinner <\/span><span class=\"NormalTextRun SCXW194547906 BCX0\">besteht<\/span><span class=\"NormalTextRun SCXW194547906 BCX0\"> aus einer Vielzahl von verschiedenen G\u00e4ngen<\/span><span class=\"NormalTextRun SCXW194547906 BCX0\">, <\/span><span class=\"NormalTextRun SCXW194547906 BCX0\">wobei die Portionen bewusst klein gehalten werden. Jeder Gang wird von unserem aufmerksamen Service Team in Form von kleinen Gerichten serviert, wodurch den G\u00e4sten die M\u00f6glichkeit geboten wird, individuell zu entscheiden, welchen Gang sie probieren m\u00f6chten.<\/span> <span class=\"NormalTextRun SCXW194547906 BCX0\">Die Besonderheit des Flying Dinners liegt in der gelungenen Verbindung der Vorteile eines <\/span><span class=\"NormalTextRun SpellingErrorV2Themed SCXW194547906 BCX0\">Menu\u0308s<\/span><span class=\"NormalTextRun SCXW194547906 BCX0\"> und eines Buffets. Jeder Gast kann aus einer breiten Auswahl an Gerichten w\u00e4hlen und diese nach Belieben probieren, \u00e4hnlich wie bei einem Buffet. Der l\u00e4stige Gang zum Buffet, verbunden mit langem Anstehen, wird jedoch vermieden, da die einzelnen G\u00e4nge den G\u00e4sten pers\u00f6nlich serviert werden, ganz im Stil eines <\/span><span class=\"NormalTextRun SpellingErrorV2Themed SCXW194547906 BCX0\">Menu\u0308s<\/span><span class=\"NormalTextRun SCXW194547906 BCX0\">.<\/span> <span class=\"NormalTextRun SCXW194547906 BCX0\">Die exklusive Lage <\/span><span class=\"NormalTextRun SCXW194547906 BCX0\">gepaart mit aussergew\u00f6hnlichem Ambiente unterstreicht den kulinarischen Genuss und l\u00e4sst Ihr Flying Dinner <\/span><span class=\"NormalTextRun SCXW194547906 BCX0\">zu einem ganz besonderen Anlass werden.<\/span><\/p>\n<\/div><\/div>\r\n\r\n<div class=\"et_pb_text_6 et_pb_text et_pb_bg_layout_light et_pb_module et_block_module\"><div class=\"et_pb_text_inner\"><p>Auswahl:<br \/>\n2 kalte Vorspeisen |1 Suppe | 2 warme Vorspeisen |<br \/>\n4 Hauptg\u00e4nge (Fleisch \/ Fisch \/ vegetarisch) |1 Dessert<\/p>\n<p>Personen: ab 30 Personen<br \/>\nPreis p. P.: CHF 99.- Erwachsene<br \/>\nCHF 49,- Kinder 6 - 12 Jahre<br \/>\nCHF 19,- Kinder 1 - 5 Jahre<\/p>\n<\/div><\/div>\r\n<\/div>\r\n<\/div>\r\n\r\n<div class=\"et_pb_row_3 et_pb_row et_block_row\">\r\n<div class=\"et_pb_column_4 et_pb_column et_pb_column_1_2 et_block_column et_pb_css_mix_blend_mode_passthrough\">\r\n<div class=\"et_pb_text_7 et_pb_text et_pb_bg_layout_light et_pb_module et_block_module et_pb_text_align_left et_pb_text_align_center-phone\"><div class=\"et_pb_text_inner\"><h3>Kalte Vorspeisen<\/h3>\n<\/div><\/div>\r\n\r\n<div class=\"dipi_price_list_0 dipi_price_list et_pb_module\"><div class=\"dipi_price_list-main show_lightbox show_lightbox_tablet show_lightbox_phone\">\r\n<div class=\"dipi_price_list_item_0 dipi_price_list_item et_pb_bg_layout_light et_pb_module\"><div class=\"dipi_price_list_item_wrapper\"><div class=\"dipi_price_list_text_wrapper\"><div class=\"dipi_price_list_header\"><h2 class=\"dipi_price_list_title\">Gr\u00fcner Salat<\/h2><div class=\"dipi_price_list_separator\"><\/div>\n      <div class=\"dipi_price_list_price\"><span>  <\/span><\/div>\n      <\/div> <div class=\"dipi_price_list_content\">Marktfrischer Blattsalat der Saison | Hausdressing<\/div><\/div><\/div><\/div>\r\n\r\n<div class=\"dipi_price_list_item_1 dipi_price_list_item et_pb_bg_layout_light et_pb_module\"><div class=\"dipi_price_list_item_wrapper\"><div class=\"dipi_price_list_text_wrapper\"><div class=\"dipi_price_list_header\"><h2 class=\"dipi_price_list_title\">Bunter Salat<\/h2><div class=\"dipi_price_list_separator\"><\/div>\n      <div class=\"dipi_price_list_price\"><span>  <\/span><\/div>\n      <\/div> <div class=\"dipi_price_list_content\">Marktfrischer gemischter Salat der Saison | Hausdressing<\/div><\/div><\/div><\/div>\r\n\r\n<div class=\"dipi_price_list_item_2 dipi_price_list_item et_pb_bg_layout_light et_pb_module\"><div class=\"dipi_price_list_item_wrapper\"><div class=\"dipi_price_list_text_wrapper\"><div class=\"dipi_price_list_header\"><h2 class=\"dipi_price_list_title\">Marinierte Burrata<\/h2><div class=\"dipi_price_list_separator\"><\/div>\n      <div class=\"dipi_price_list_price\"><span>  <\/span><\/div>\n      <\/div> <div class=\"dipi_price_list_content\">Burrata | Rucola | Cocktailtomaten | Kr\u00e4uterpesto<\/div><\/div><\/div><\/div>\r\n\r\n<div class=\"dipi_price_list_item_3 dipi_price_list_item et_pb_bg_layout_light et_pb_module\"><div class=\"dipi_price_list_item_wrapper\"><div class=\"dipi_price_list_text_wrapper\"><div class=\"dipi_price_list_header\"><h2 class=\"dipi_price_list_title\">Forellenmousse<\/h2><div class=\"dipi_price_list_separator\"><\/div>\n      <div class=\"dipi_price_list_price\"><span>  <\/span><\/div>\n      <\/div> <div class=\"dipi_price_list_content\">Forellenmousse | Gurke | Meerrettich | Radieschen\u00a0<\/div><\/div><\/div><\/div>\r\n\r\n<div class=\"dipi_price_list_item_4 dipi_price_list_item et_pb_bg_layout_light et_pb_module\"><div class=\"dipi_price_list_item_wrapper\"><div class=\"dipi_price_list_text_wrapper\"><div class=\"dipi_price_list_header\"><h2 class=\"dipi_price_list_title\">Roastbeef<\/h2><div class=\"dipi_price_list_separator\"><\/div>\n      <div class=\"dipi_price_list_price\"><span>  <\/span><\/div>\n      <\/div> <div class=\"dipi_price_list_content\">Roastbeef | Rucola | Parmesan | getrocknete Tomate | Kr\u00e4uterpesto<\/div><\/div><\/div><\/div>\r\n<\/div><\/div>\r\n<\/div>\r\n\r\n<div class=\"et_pb_column_5 et_pb_column et_pb_column_1_2 et-last-child et_block_column et_pb_css_mix_blend_mode_passthrough\">\r\n<div class=\"et_pb_text_8 et_pb_text et_pb_bg_layout_light et_pb_module et_block_module et_pb_text_align_left et_pb_text_align_center-phone\"><div class=\"et_pb_text_inner\"><h3>Warme Vorspeisen<\/h3>\n<\/div><\/div>\r\n\r\n<div class=\"dipi_price_list_1 dipi_price_list et_pb_module\"><div class=\"dipi_price_list-main show_lightbox show_lightbox_tablet show_lightbox_phone\">\r\n<div class=\"dipi_price_list_item_5 dipi_price_list_item et_pb_bg_layout_light et_pb_module\"><div class=\"dipi_price_list_item_wrapper\"><div class=\"dipi_price_list_text_wrapper\"><div class=\"dipi_price_list_header\"><h2 class=\"dipi_price_list_title\">Gegrillter Ziegenk\u00e4se<\/h2><div class=\"dipi_price_list_separator\"><\/div>\n      <div class=\"dipi_price_list_price\"><span>  <\/span><\/div>\n      <\/div> <div class=\"dipi_price_list_content\">Franz\u00f6sischer Ziegenk\u00e4se | mediterranes Gem\u00fcse | N\u00fcsse | Kr\u00e4uterpesto\u00a0<\/div><\/div><\/div><\/div>\r\n\r\n<div class=\"dipi_price_list_item_6 dipi_price_list_item et_pb_bg_layout_light et_pb_module\"><div class=\"dipi_price_list_item_wrapper\"><div class=\"dipi_price_list_text_wrapper\"><div class=\"dipi_price_list_header\"><h2 class=\"dipi_price_list_title\">Gebratene Riesencrevetten<\/h2><div class=\"dipi_price_list_separator\"><\/div>\n      <div class=\"dipi_price_list_price\"><span>  <\/span><\/div>\n      <\/div> <div class=\"dipi_price_list_content\">Riesencrevetten | Mango Chutney | Cherry Tomaten | Kr\u00e4uterpesto | Chili | Knoblauch\u00a0<\/div><\/div><\/div><\/div>\r\n\r\n<div class=\"dipi_price_list_item_7 dipi_price_list_item et_pb_bg_layout_light et_pb_module\"><div class=\"dipi_price_list_item_wrapper\"><div class=\"dipi_price_list_text_wrapper\"><div class=\"dipi_price_list_header\"><h2 class=\"dipi_price_list_title\">Hackfleischb\u00e4llchen  <\/h2><div class=\"dipi_price_list_separator\"><\/div>\n      <div class=\"dipi_price_list_price\"><span>  <\/span><\/div>\n      <\/div> <div class=\"dipi_price_list_content\">Hackfleischb\u00e4llchen aus Kalb- und Rindfleisch | wu\u0308rzige Tomatensauce<\/div><\/div><\/div><\/div>\r\n\r\n<div class=\"dipi_price_list_item_8 dipi_price_list_item et_pb_bg_layout_light et_pb_module\"><div class=\"dipi_price_list_item_wrapper\"><div class=\"dipi_price_list_text_wrapper\"><div class=\"dipi_price_list_header\"><h2 class=\"dipi_price_list_title\">Arancinis auf Risotto  <\/h2><div class=\"dipi_price_list_separator\"><\/div>\n      <div class=\"dipi_price_list_price\"><span>  <\/span><\/div>\n      <\/div> <div class=\"dipi_price_list_content\">Risottoreis | Parmesan | Zwiebel | Weisswein | Kr\u00e4uterpesto<\/div><\/div><\/div><\/div>\r\n<\/div><\/div>\r\n<\/div>\r\n<\/div>\r\n\r\n<div class=\"et_pb_row_4 et_pb_row et_block_row\">\r\n<div class=\"et_pb_column_6 et_pb_column et_pb_column_4_4 et-last-child et_block_column et_pb_css_mix_blend_mode_passthrough\">\r\n<div class=\"et_pb_text_9 et_pb_text et_pb_bg_layout_light et_pb_module et_block_module et_pb_text_align_left et_pb_text_align_center-phone\"><div class=\"et_pb_text_inner\"><h3>Suppen<\/h3>\n<\/div><\/div>\r\n\r\n<div class=\"dipi_price_list_2 dipi_price_list et_pb_module\"><div class=\"dipi_price_list-main show_lightbox show_lightbox_tablet show_lightbox_phone\">\r\n<div class=\"dipi_price_list_item_9 dipi_price_list_item et_pb_bg_layout_light et_pb_module\"><div class=\"dipi_price_list_item_wrapper\"><div class=\"dipi_price_list_text_wrapper\"><div class=\"dipi_price_list_header\"><h2 class=\"dipi_price_list_title\">Thurgauer Riesling-Cr\u00e8mesuppe <\/h2><div class=\"dipi_price_list_separator\"><\/div>\n      <div class=\"dipi_price_list_price\"><span>  <\/span><\/div>\n      <\/div> <div class=\"dipi_price_list_content\">Riesling | Rahm | Gem\u00fcsefond | Cro\u00fbtons\u00a0\u00a0<\/div><\/div><\/div><\/div>\r\n\r\n<div class=\"dipi_price_list_item_10 dipi_price_list_item et_pb_bg_layout_light et_pb_module\"><div class=\"dipi_price_list_item_wrapper\"><div class=\"dipi_price_list_text_wrapper\"><div class=\"dipi_price_list_header\"><h2 class=\"dipi_price_list_title\">Tomatencr\u00e8mesuppe <\/h2><div class=\"dipi_price_list_separator\"><\/div>\n      <div class=\"dipi_price_list_price\"><span>  <\/span><\/div>\n      <\/div> <div class=\"dipi_price_list_content\">Tomate | Rahm | Gem\u00fcsefond | Cro\u00fbtons\u00a0\u00a0<\/div><\/div><\/div><\/div>\r\n\r\n<div class=\"dipi_price_list_item_11 dipi_price_list_item et_pb_bg_layout_light et_pb_module\"><div class=\"dipi_price_list_item_wrapper\"><div class=\"dipi_price_list_text_wrapper\"><div class=\"dipi_price_list_header\"><h2 class=\"dipi_price_list_title\">Rinderbouillon<\/h2><div class=\"dipi_price_list_separator\"><\/div>\n      <div class=\"dipi_price_list_price\"><span>  <\/span><\/div>\n      <\/div> <div class=\"dipi_price_list_content\">Kr\u00e4ftige Rinderbouillon | hausgemachte Fl\u00e4dli<\/div><\/div><\/div><\/div>\r\n<\/div><\/div>\r\n<\/div>\r\n<\/div>\r\n\r\n<div class=\"et_pb_row_5 et_pb_row et_block_row\">\r\n<div class=\"et_pb_column_7 et_pb_column et_pb_column_1_2 et_block_column et_pb_css_mix_blend_mode_passthrough\">\r\n<div class=\"et_pb_text_10 et_pb_text et_pb_bg_layout_light et_pb_module et_block_module et_pb_text_align_left et_pb_text_align_center-phone\"><div class=\"et_pb_text_inner\"><h3>Hauptg\u00e4nge<\/h3>\n<\/div><\/div>\r\n\r\n<div class=\"dipi_price_list_3 dipi_price_list et_pb_module\"><div class=\"dipi_price_list-main show_lightbox show_lightbox_tablet show_lightbox_phone\">\r\n<div class=\"dipi_price_list_item_12 dipi_price_list_item et_pb_bg_layout_light et_pb_module\"><div class=\"dipi_price_list_item_wrapper\"><div class=\"dipi_price_list_text_wrapper\"><div class=\"dipi_price_list_header\"><h2 class=\"dipi_price_list_title\">Provenzialisches Pouletbr\u00fcstli\u202f<\/h2><div class=\"dipi_price_list_separator\"><\/div>\n      <div class=\"dipi_price_list_price\"><span>  <\/span><\/div>\n      <\/div> <div class=\"dipi_price_list_content\">Gebratenes Pouletbru\u0308stli | Risotto | Parmesanschaum | frisches Marktgemu\u0308se<\/div><\/div><\/div><\/div>\r\n\r\n<div class=\"dipi_price_list_item_13 dipi_price_list_item et_pb_bg_layout_light et_pb_module\"><div class=\"dipi_price_list_item_wrapper\"><div class=\"dipi_price_list_text_wrapper\"><div class=\"dipi_price_list_header\"><h2 class=\"dipi_price_list_title\">Niedergegarte Rinderhuft<\/h2><div class=\"dipi_price_list_separator\"><\/div>\n      <div class=\"dipi_price_list_price\"><span>  <\/span><\/div>\n      <\/div> <div class=\"dipi_price_list_content\">Zarte Rinderhuft | Aromenjus | Bratkartoffeln<\/div><\/div><\/div><\/div>\r\n\r\n<div class=\"dipi_price_list_item_14 dipi_price_list_item et_pb_bg_layout_light et_pb_module\"><div class=\"dipi_price_list_item_wrapper\"><div class=\"dipi_price_list_text_wrapper\"><div class=\"dipi_price_list_header\"><h2 class=\"dipi_price_list_title\">Ragout vom Rind <\/h2><div class=\"dipi_price_list_separator\"><\/div>\n      <div class=\"dipi_price_list_price\"><span>  <\/span><\/div>\n      <\/div> <div class=\"dipi_price_list_content\">Herzhaftes Ragout vom Rind | Sp\u00e4tzle | frisches Marktgemu\u0308se<\/div><\/div><\/div><\/div>\r\n\r\n<div class=\"dipi_price_list_item_15 dipi_price_list_item et_pb_bg_layout_light et_pb_module\"><div class=\"dipi_price_list_item_wrapper\"><div class=\"dipi_price_list_text_wrapper\"><div class=\"dipi_price_list_header\"><h2 class=\"dipi_price_list_title\">Schweinefilet im Speckmantel<\/h2><div class=\"dipi_price_list_separator\"><\/div>\n      <div class=\"dipi_price_list_price\"><span>  <\/span><\/div>\n      <\/div> <div class=\"dipi_price_list_content\">Zartes Filet vom Schwein | Speck | Sp\u00e4tzle | Aromenjus<\/div><\/div><\/div><\/div>\r\n\r\n<div class=\"dipi_price_list_item_16 dipi_price_list_item et_pb_bg_layout_light et_pb_module\"><div class=\"dipi_price_list_item_wrapper\"><div class=\"dipi_price_list_text_wrapper\"><div class=\"dipi_price_list_header\"><h2 class=\"dipi_price_list_title\">Fischknusperli  <\/h2><div class=\"dipi_price_list_separator\"><\/div>\n      <div class=\"dipi_price_list_price\"><span>  <\/span><\/div>\n      <\/div> <div class=\"dipi_price_list_content\">Egli knusprig gebacken | Sauce Tartare | Bratkartoffeln<\/div><\/div><\/div><\/div>\r\n\r\n<div class=\"dipi_price_list_item_17 dipi_price_list_item et_pb_bg_layout_light et_pb_module\"><div class=\"dipi_price_list_item_wrapper\"><div class=\"dipi_price_list_text_wrapper\"><div class=\"dipi_price_list_header\"><h2 class=\"dipi_price_list_title\">Filet vom Zander <\/h2><div class=\"dipi_price_list_separator\"><\/div>\n      <div class=\"dipi_price_list_price\"><span>  <\/span><\/div>\n      <\/div> <div class=\"dipi_price_list_content\">Gebratenes Zanderfilet | Kr\u00e4uterbutter | Hasselbackkartoffeln | frisches Marktgemu\u0308se<\/div><\/div><\/div><\/div>\r\n\r\n<div class=\"dipi_price_list_item_18 dipi_price_list_item et_pb_bg_layout_light et_pb_module\"><div class=\"dipi_price_list_item_wrapper\"><div class=\"dipi_price_list_text_wrapper\"><div class=\"dipi_price_list_header\"><h2 class=\"dipi_price_list_title\">Filet vom Lachs  <\/h2><div class=\"dipi_price_list_separator\"><\/div>\n      <div class=\"dipi_price_list_price\"><span>  <\/span><\/div>\n      <\/div> <div class=\"dipi_price_list_content\">Gebratenes Lachsfilet | Zitronenrisotto | Kr\u00e4uter\u00f6l<\/div><\/div><\/div><\/div>\r\n\r\n<div class=\"dipi_price_list_item_19 dipi_price_list_item et_pb_bg_layout_light et_pb_module\"><div class=\"dipi_price_list_item_wrapper\"><div class=\"dipi_price_list_text_wrapper\"><div class=\"dipi_price_list_header\"><h2 class=\"dipi_price_list_title\">Knuspriger Tofu <\/h2><div class=\"dipi_price_list_separator\"><\/div>\n      <div class=\"dipi_price_list_price\"><span>  <\/span><\/div>\n      <\/div> <div class=\"dipi_price_list_content\">Tofu gebacken | Zitronenrisotto | frisches Marktgem\u00fcse | Parmesanschaum <\/div><\/div><\/div><\/div>\r\n\r\n<div class=\"dipi_price_list_item_20 dipi_price_list_item et_pb_bg_layout_light et_pb_module\"><div class=\"dipi_price_list_item_wrapper\"><div class=\"dipi_price_list_text_wrapper\"><div class=\"dipi_price_list_header\"><h2 class=\"dipi_price_list_title\">Piemontesische Pasta  <\/h2><div class=\"dipi_price_list_separator\"><\/div>\n      <div class=\"dipi_price_list_price\"><span>  <\/span><\/div>\n      <\/div> <div class=\"dipi_price_list_content\">Hausgemachte Pasta | Tru\u0308ffelrahmsauce | Cherrytomaten | Ruccola<\/div><\/div><\/div><\/div>\r\n\r\n<div class=\"dipi_price_list_item_21 dipi_price_list_item et_pb_bg_layout_light et_pb_module\"><div class=\"dipi_price_list_item_wrapper\"><div class=\"dipi_price_list_text_wrapper\"><div class=\"dipi_price_list_header\"><h2 class=\"dipi_price_list_title\">Quiche Lorraine<\/h2><div class=\"dipi_price_list_separator\"><\/div>\n      <div class=\"dipi_price_list_price\"><span>  <\/span><\/div>\n      <\/div> <div class=\"dipi_price_list_content\">Bl\u00e4tterteig | Ei | Zucchetti | Ru\u0308ebli | Peperoni | Champignons | Schweizer Bergk\u00e4se<\/div><\/div><\/div><\/div>\r\n<\/div><\/div>\r\n<\/div>\r\n\r\n<div class=\"et_pb_column_8 et_pb_column et_pb_column_1_2 et-last-child et_block_column et_pb_css_mix_blend_mode_passthrough\">\r\n<div class=\"et_pb_text_11 et_pb_text et_pb_bg_layout_light et_pb_module et_block_module et_pb_text_align_left et_pb_text_align_center-phone\"><div class=\"et_pb_text_inner\"><h3>Dessert<\/h3>\n<\/div><\/div>\r\n\r\n<div class=\"dipi_price_list_4 dipi_price_list et_pb_module\"><div class=\"dipi_price_list-main show_lightbox show_lightbox_tablet show_lightbox_phone\">\r\n<div class=\"dipi_price_list_item_22 dipi_price_list_item et_pb_bg_layout_light et_pb_module\"><div class=\"dipi_price_list_item_wrapper\"><div class=\"dipi_price_list_text_wrapper\"><div class=\"dipi_price_list_header\"><h2 class=\"dipi_price_list_title\">Altwiener Kaiserschmarrn <\/h2><div class=\"dipi_price_list_separator\"><\/div>\n      <div class=\"dipi_price_list_price\"><span>  <\/span><\/div>\n      <\/div> <div class=\"dipi_price_list_content\">Kaiserschmarrn | Zwetschgenr\u00f6ster  <\/div><\/div><\/div><\/div>\r\n\r\n<div class=\"dipi_price_list_item_23 dipi_price_list_item et_pb_bg_layout_light et_pb_module\"><div class=\"dipi_price_list_item_wrapper\"><div class=\"dipi_price_list_text_wrapper\"><div class=\"dipi_price_list_header\"><h2 class=\"dipi_price_list_title\">Tiramisu <\/h2><div class=\"dipi_price_list_separator\"><\/div>\n      <div class=\"dipi_price_list_price\"><span>  <\/span><\/div>\n      <\/div> <div class=\"dipi_price_list_content\">L\u00f6ffelbiskuits | Mascarpone | Kaffee <\/div><\/div><\/div><\/div>\r\n\r\n<div class=\"dipi_price_list_item_24 dipi_price_list_item et_pb_bg_layout_light et_pb_module\"><div class=\"dipi_price_list_item_wrapper\"><div class=\"dipi_price_list_text_wrapper\"><div class=\"dipi_price_list_header\"><h2 class=\"dipi_price_list_title\">Frischer Obstsalat <\/h2><div class=\"dipi_price_list_separator\"><\/div>\n      <div class=\"dipi_price_list_price\"><span>  <\/span><\/div>\n      <\/div> <div class=\"dipi_price_list_content\">Fr\u00fcchte der Saison | Grand Marnier | Rahm <\/div><\/div><\/div><\/div>\r\n\r\n<div class=\"dipi_price_list_item_25 dipi_price_list_item et_pb_bg_layout_light et_pb_module\"><div class=\"dipi_price_list_item_wrapper\"><div class=\"dipi_price_list_text_wrapper\"><div class=\"dipi_price_list_header\"><h2 class=\"dipi_price_list_title\">Apfelstrudel im Glas<\/h2><div class=\"dipi_price_list_separator\"><\/div>\n      <div class=\"dipi_price_list_price\"><span>  <\/span><\/div>\n      <\/div> <div class=\"dipi_price_list_content\">Thurgauer \u00c4pfel | Mascarponecreme | Bl\u00e4tterteig | Minze | Granatapfel<\/div><\/div><\/div><\/div>\r\n\r\n<div class=\"dipi_price_list_item_26 dipi_price_list_item et_pb_bg_layout_light et_pb_module\"><div class=\"dipi_price_list_item_wrapper\"><div class=\"dipi_price_list_text_wrapper\"><div class=\"dipi_price_list_header\"><h2 class=\"dipi_price_list_title\">Panna Cotta <\/h2><div class=\"dipi_price_list_separator\"><\/div>\n      <div class=\"dipi_price_list_price\"><span>  <\/span><\/div>\n      <\/div> <div class=\"dipi_price_list_content\">Rahm | Vanille | Fruchtspiegel <\/div><\/div><\/div><\/div>\r\n\r\n<div class=\"dipi_price_list_item_27 dipi_price_list_item et_pb_bg_layout_light et_pb_module\"><div class=\"dipi_price_list_item_wrapper\"><div class=\"dipi_price_list_text_wrapper\"><div class=\"dipi_price_list_header\"><h2 class=\"dipi_price_list_title\">Mousse au Chocolat <\/h2><div class=\"dipi_price_list_separator\"><\/div>\n      <div class=\"dipi_price_list_price\"><span>  <\/span><\/div>\n      <\/div> <div class=\"dipi_price_list_content\">Schokolade | Rahmtupfer | Beeren <\/div><\/div><\/div><\/div>\r\n\r\n<div class=\"dipi_price_list_item_28 dipi_price_list_item et_pb_bg_layout_light et_pb_module\"><div class=\"dipi_price_list_item_wrapper\"><div class=\"dipi_price_list_text_wrapper\"><div class=\"dipi_price_list_header\"><h2 class=\"dipi_price_list_title\">Waldbeerentraum<\/h2><div class=\"dipi_price_list_separator\"><\/div>\n      <div class=\"dipi_price_list_price\"><span>  <\/span><\/div>\n      <\/div> <div class=\"dipi_price_list_content\">Waldbeeren | Vanille-Mascarpone Creme | Amarettinicrunch | Minze | Heidelbeeren<\/div><\/div><\/div><\/div>\r\n<\/div><\/div>\r\n<\/div>\r\n<\/div>\r\n<\/div>\r\n\r\n<div class=\"et_pb_section_3 et_pb_section et_section_regular et_block_section\">\r\n<div class=\"et_pb_row_6 et_pb_row et_block_row preset--module--divi-row--5138c454-be54-4233-bd3b-f8e6a8747976\">\r\n<div class=\"et_pb_column_9 et_pb_column et_pb_column_4_4 et-last-child et_block_column et_pb_css_mix_blend_mode_passthrough preset--module--divi-column--73121f80-a3ef-4484-8763-c3f18e3c56d2\">\r\n<div class=\"et_pb_cta_0 et_pb_promo et_pb_bg_layout_dark et_pb_module et_block_module preset--module--divi-cta--0cae81ab-7223-4b50-8e71-bfb309c58c86\"><div class=\"et_pb_promo_description\"><h2 class=\"et_pb_module_header\">Flying Dinner f\u00fcr Ihr Event oder Anlass<\/h2><div class=\"et_pb_promo_content\"><p>Erleben Sie unvergessliche Ap\u00e9ro-Momente am Bodensee! Ob f\u00fcr private Feiern oder gesch\u00e4ftliche Anl\u00e4sse, unser Team sorgt f\u00fcr kulinarische Highlights in einzigartigem Ambiente. Kontaktieren Sie uns, um Ihren individuellen Ap\u00e9ro zu planen, und genie\u00dfen Sie fein abgestimmte K\u00f6stlichkeiten in geselliger Atmosph\u00e4re.<\/p>\n<\/div><\/div><div class=\"et_pb_button_wrapper\"><a class=\"et_pb_button et_pb_promo_button\" href=\"#\">Jetzt anfragen<\/a><\/div><\/div>\r\n<\/div>\r\n<\/div>\r\n<\/div>","protected":false},"excerpt":{"rendered":"","protected":false},"author":1,"featured_media":0,"parent":0,"menu_order":0,"comment_status":"closed","ping_status":"closed","template":"","meta":{"_acf_changed":false,"_et_pb_use_builder":"on","_et_pb_old_content":"","_et_gb_content_width":"","iawp_total_views":0,"footnotes":""},"dipi_cpt_category":[],"class_list":["post-257","page","type-page","status-publish","hentry"],"acf":[],"_links":{"self":[{"href":"https:\/\/staging.portosofie.ch\/en\/wp-json\/wp\/v2\/pages\/257","targetHints":{"allow":["GET"]}}],"collection":[{"href":"https:\/\/staging.portosofie.ch\/en\/wp-json\/wp\/v2\/pages"}],"about":[{"href":"https:\/\/staging.portosofie.ch\/en\/wp-json\/wp\/v2\/types\/page"}],"author":[{"embeddable":true,"href":"https:\/\/staging.portosofie.ch\/en\/wp-json\/wp\/v2\/users\/1"}],"replies":[{"embeddable":true,"href":"https:\/\/staging.portosofie.ch\/en\/wp-json\/wp\/v2\/comments?post=257"}],"version-history":[{"count":0,"href":"https:\/\/staging.portosofie.ch\/en\/wp-json\/wp\/v2\/pages\/257\/revisions"}],"wp:attachment":[{"href":"https:\/\/staging.portosofie.ch\/en\/wp-json\/wp\/v2\/media?parent=257"}],"wp:term":[{"taxonomy":"dipi_cpt_category","embeddable":true,"href":"https:\/\/staging.portosofie.ch\/en\/wp-json\/wp\/v2\/dipi_cpt_category?post=257"}],"curies":[{"name":"wp","href":"https:\/\/api.w.org\/{rel}","templated":true}]}}