{"id":25977736,"date":"2026-02-21T19:03:19","date_gmt":"2026-02-21T18:03:19","guid":{"rendered":"https:\/\/server-wechsel.de\/?page_id=25977736"},"modified":"2026-03-15T12:42:56","modified_gmt":"2026-03-15T11:42:56","slug":"veranstaltungen","status":"publish","type":"page","link":"https:\/\/staging.portosofie.ch\/en\/veranstaltungen\/","title":{"rendered":"Veranstaltungen"},"content":{"rendered":"<div class=\"et_pb_section_0 et_pb_section et_section_regular et_block_section\"><\/div>\r\n\r\n<div class=\"et_pb_section_1 et_pb_section et_section_regular et_block_section section_has_divider et_pb_bottom_divider\" id=\"Events\">\r\n<div class=\"et_pb_row_0 et_pb_row et_block_row\" id=\"winter1\">\r\n<div class=\"et_pb_column_0 et_pb_column et_pb_column_4_4 et-last-child et_block_column et_pb_css_mix_blend_mode_passthrough\">\r\n<div class=\"et_pb_text_0 et_pb_text et_pb_bg_layout_light et_pb_module et_block_module\"><div class=\"et_pb_text_inner\"><h1>Unsere Events im Hotel Porto Sofie<\/h1>\n<\/div><\/div>\r\n<\/div>\r\n<\/div>\r\n\r\n<div class=\"et_pb_row_1 et_pb_row et-vb-row--no-module et_block_row\">\r\n<div class=\"et_pb_column_1 et_pb_column et_pb_column_4_4 et-last-child et_block_column et_pb_column_empty et_pb_css_mix_blend_mode_passthrough\"><\/div>\r\n<\/div>\r\n\r\n<div class=\"et_pb_row_2 et_pb_row et_block_row\">\r\n<div class=\"et_pb_column_2 et_pb_column et_pb_column_4_4 et-last-child et_block_column et_pb_css_mix_blend_mode_passthrough\">\r\n<div class=\"et_pb_text_1 et_pb_text et_pb_bg_layout_light et_pb_module et_block_module\"><div class=\"et_pb_text_inner\"><p>Reservieren Sie jetzt das gew\u00fcnschte Event.<\/p>\n<\/div><\/div>\r\n\r\n<div class=\"et_pb_module et_pb_button_module_wrapper et_pb_button_0_wrapper\"><a class=\"et_pb_button_0 et_pb_button et_pb_bg_layout_light et_pb_module et_block_module\" href=\"#kontakt2\">Jetzt reservieren<\/a><\/div>\r\n<\/div>\r\n<\/div>\r\n<div class=\"et_pb_bottom_inside_divider et-no-transition\"><\/div><\/div>\r\n\r\n<div class=\"et_pb_section_2 et_pb_section et_section_regular et_block_section\" id=\"Kurse\">\r\n<div class=\"et_pb_row_3 et_pb_row et_block_row\">\r\n<div class=\"et_pb_column_3 et_pb_column et_pb_column_4_4 et-last-child et_block_column et_pb_css_mix_blend_mode_passthrough\">\r\n<div class=\"et_pb_text_2 et_pb_text et_pb_bg_layout_light et_pb_module et_block_module\"><div class=\"et_pb_text_inner\"><h1>Kurse &amp; Tastings<\/h1>\n<\/div><\/div>\r\n<\/div>\r\n<\/div>\r\n\r\n<div class=\"et_pb_row_4 et_pb_row et_block_row\">\r\n<div class=\"et_pb_column_4 et_pb_column et_pb_column_1_3 et_block_column et_pb_css_mix_blend_mode_passthrough\">\r\n<div class=\"et_pb_blurb_0 et_pb_blurb et_pb_bg_layout_light et_pb_blurb_position_top et_pb_module et_block_module\"><div class=\"et_pb_blurb_content\"><div class=\"et_pb_main_blurb_image\"><span class=\"et_pb_image_wrap et_pb_only_image_mode_wrap\"><img loading=\"lazy\" decoding=\"async\" src=\"https:\/\/staging.portosofie.ch\/wp-content\/uploads\/2026\/02\/drinks-g59a8c3c01_1920.jpg\" width=\"1920\" height=\"1280\" srcset=\"https:\/\/staging.portosofie.ch\/wp-content\/uploads\/2026\/02\/drinks-g59a8c3c01_1920.jpg 1920w, https:\/\/staging.portosofie.ch\/wp-content\/uploads\/2026\/02\/drinks-g59a8c3c01_1920-1280x853.jpg 1280w, https:\/\/staging.portosofie.ch\/wp-content\/uploads\/2026\/02\/drinks-g59a8c3c01_1920-980x653.jpg 980w, https:\/\/staging.portosofie.ch\/wp-content\/uploads\/2026\/02\/drinks-g59a8c3c01_1920-480x320.jpg 480w\" sizes=\"(min-width: 0px) and (max-width: 480px) 480px, (min-width: 481px) and (max-width: 980px) 980px, (min-width: 981px) and (max-width: 1280px) 1280px, (min-width: 1281px) 1920px, 100vw\" class=\"wp-image-522\" \/><\/span><\/div><div class=\"et_pb_blurb_container\"><h3 class=\"et_pb_module_header\">Cocktailkurs - Classic Drinks<\/h3><div class=\"et_pb_blurb_description\"><p>Barkeeper und Spirituosen Sommelier Patrick Braun stellt Ihnen\u00a0alles zum Thema Cocktails und das richtige Mixen vor. Zu Beginn erfahren Sie mehr \u00fcber die Bargeschichte, den Aufbau einer Bar und das Arbeitsequipment eines professionellen Barkeepers. Au\u00dferdem erhalten Sie einen Einblick in die Spirituosen und Gl\u00e4serkunde sowie die unterschiedlichen Zubereitungsarten der Cocktails.<\/p>\n<p>Inhalt des Seminars:<\/p>\n<p>Nach einem kurzen Snack werden Sie unter Anleitung Klassiker und moderne Interpretationen sowie alkoholfreie Cocktails kennen und zubereiten lernen.<\/p>\n<ul>\n<li>Mindestteilnehmer: 5<\/li>\n<li>Mindestalter 18 Jahre<\/li>\n<li>Dauer: 6 h<\/li>\n<li>Kosten pro Person: 90,00 SFr<\/li>\n<\/ul>\n<p>Wir bieten Ihnen die M\u00f6glichkeiten unsere Veranstaltungen als Firmenevent zu buchen.<\/p>\n<\/div><\/div><\/div><\/div>\r\n<\/div>\r\n\r\n<div class=\"et_pb_column_5 et_pb_column et_pb_column_1_3 et_block_column et_pb_css_mix_blend_mode_passthrough\">\r\n<div class=\"et_pb_blurb_1 et_pb_blurb et_pb_bg_layout_light et_pb_blurb_position_top et_pb_module et_block_module\"><div class=\"et_pb_blurb_content\"><div class=\"et_pb_main_blurb_image\"><span class=\"et_pb_image_wrap et_pb_only_image_mode_wrap\"><img loading=\"lazy\" decoding=\"async\" src=\"https:\/\/staging.portosofie.ch\/wp-content\/uploads\/2026\/02\/alcohol-gf6e42b8b5_1920.jpg\" width=\"1920\" height=\"1280\" srcset=\"https:\/\/staging.portosofie.ch\/wp-content\/uploads\/2026\/02\/alcohol-gf6e42b8b5_1920.jpg 1920w, https:\/\/staging.portosofie.ch\/wp-content\/uploads\/2026\/02\/alcohol-gf6e42b8b5_1920-1280x853.jpg 1280w, https:\/\/staging.portosofie.ch\/wp-content\/uploads\/2026\/02\/alcohol-gf6e42b8b5_1920-980x653.jpg 980w, https:\/\/staging.portosofie.ch\/wp-content\/uploads\/2026\/02\/alcohol-gf6e42b8b5_1920-480x320.jpg 480w\" sizes=\"(min-width: 0px) and (max-width: 480px) 480px, (min-width: 481px) and (max-width: 980px) 980px, (min-width: 981px) and (max-width: 1280px) 1280px, (min-width: 1281px) 1920px, 100vw\" class=\"wp-image-25977743\" \/><\/span><\/div><div class=\"et_pb_blurb_container\"><h3 class=\"et_pb_module_header\">Cocktailkurs Obstbr\u00e4nde <\/h3><div class=\"et_pb_blurb_description\"><p>Barkeeper und Spirituosen Sommelier Patrick Braun stellt Ihnen\u00a0alles zum Thema Cocktails und das richtige Mixen vor. Zu Beginn erfahren Sie mehr \u00fcber die Bargeschichte, den Aufbau einer Bar und das Arbeitsequipment eines professionellen Barkeepers. Au\u00dferdem erhalten Sie einen Einblick in die Spirituosen und Gl\u00e4serkunde sowie die unterschiedlichen Zubereitungsarten der Cocktails.<\/p>\n<p>Inhalt des Seminars:<\/p>\n<p>Nach einem kurzen Snack werden Sie unter Anleitung Klassiker und moderne Interpretationen sowie alkoholfreie Cocktails kennen und zubereiten lernen.<\/p>\n<ul>\n<li>Mindestteilnehmer: 5<\/li>\n<li>Mindestalter 18 Jahre<\/li>\n<li>Dauer: 6 h<\/li>\n<li>Kosten pro Person: 90,00 SFr<\/li>\n<\/ul>\n<p>Wir bieten Ihnen die M\u00f6glichkeiten unsere Veranstaltungen als Firmenevent zu buchen.<\/p>\n<\/div><\/div><\/div><\/div>\r\n<\/div>\r\n\r\n<div class=\"et_pb_column_6 et_pb_column et_pb_column_1_3 et-last-child et_block_column et_pb_css_mix_blend_mode_passthrough\">\r\n<div class=\"et_pb_blurb_2 et_pb_blurb et_pb_bg_layout_light et_pb_blurb_position_top et_pb_module et_block_module\"><div class=\"et_pb_blurb_content\"><div class=\"et_pb_main_blurb_image\"><span class=\"et_pb_image_wrap et_pb_only_image_mode_wrap\"><img loading=\"lazy\" decoding=\"async\" src=\"https:\/\/staging.portosofie.ch\/wp-content\/uploads\/2026\/02\/Gin-tast.jpeg\" width=\"1920\" height=\"1280\" srcset=\"https:\/\/staging.portosofie.ch\/wp-content\/uploads\/2026\/02\/Gin-tast.jpeg 1920w, https:\/\/staging.portosofie.ch\/wp-content\/uploads\/2026\/02\/Gin-tast-1280x853.jpeg 1280w, https:\/\/staging.portosofie.ch\/wp-content\/uploads\/2026\/02\/Gin-tast-980x653.jpeg 980w, https:\/\/staging.portosofie.ch\/wp-content\/uploads\/2026\/02\/Gin-tast-480x320.jpeg 480w\" sizes=\"(min-width: 0px) and (max-width: 480px) 480px, (min-width: 481px) and (max-width: 980px) 980px, (min-width: 981px) and (max-width: 1280px) 1280px, (min-width: 1281px) 1920px, 100vw\" class=\"wp-image-25977744\" \/><\/span><\/div><div class=\"et_pb_blurb_container\"><h3 class=\"et_pb_module_header\">Gin Tasting<\/h3><div class=\"et_pb_blurb_description\"><p>Spirituosen Sommelier Patrick Braun stellt Ihnen die vielseitige Gin Welt und ihre Entstehungsgeschichte vor.<\/p>\n<p>Inhalt des Seminars:<\/p>\n<p>Welcome Gin Cocktail,\u00a0F\u00fcnf Gin Sorten \u00e1 2cl, Tonic Water Ihrer Wahl oder nach unserer Empfehlung<\/p>\n<ul>\n<li>Mindestteilnehmer: 5<\/li>\n<li>Mindestalter 18 Jahre<\/li>\n<li>Dauer: 3 h (18.30 Uhr - 21.30 Uhr)<\/li>\n<li>Kosten pro Person: 70,00 SFr<\/li>\n<\/ul>\n<p>Wir bieten Ihnen die M\u00f6glichkeiten unsere Veranstaltungen als Firmenevent zu buchen.<\/p>\n<\/div><\/div><\/div><\/div>\r\n<\/div>\r\n<\/div>\r\n\r\n<div class=\"et_pb_row_5 et_pb_row et_block_row\">\r\n<div class=\"et_pb_column_7 et_pb_column et_pb_column_4_4 et-last-child et_block_column et_pb_css_mix_blend_mode_passthrough\">\r\n<div class=\"et_pb_module et_pb_button_module_wrapper et_pb_button_1_wrapper\"><a class=\"et_pb_button_1 et_pb_button et_pb_bg_layout_dark et_pb_module et_block_module\" href=\"#kontakt2\" target=\"_blank\">Jetzt einen Kurs anfragen<\/a><\/div>\r\n<\/div>\r\n<\/div>\r\n<\/div>\r\n\r\n<div class=\"et_pb_section_3 et_pb_section et_section_regular et_block_section\" id=\"kontakt2\">\r\n<div class=\"et_pb_row_6 et_pb_row et_block_row\">\r\n<div class=\"et_pb_column_8 et_pb_column et_pb_column_4_4 et-last-child et_block_column et_pb_css_mix_blend_mode_passthrough\">\r\n\r\n\n\t\t\t<div id=\"et_pb_contact_form_0\" class=\"et_pb_with_border et_pb_module et_d4_element et_pb_contact_form_0 et_pb_contact_form_container clearfix et_block_module\" data-form_unique_num=\"0\" data-form_unique_id=\"2efa77bc-2e5f-4c73-9652-88484c70833f\">\n\t\t\t\t\n\t\t\t\t\n\t\t\t\t\n\t\t\t\t\n\t\t\t\t<h1 class=\"et_pb_contact_main_title\">Tagungsraum anfragen<\/h1>\n\t\t\t\t<div class=\"et-pb-contact-message\"><\/div>\n\t\t\t\t\n\t\t\t\t<div class=\"et_pb_contact\">\n\t\t\t\t\t<form class=\"et_pb_contact_form clearfix\" method=\"post\" action=\"https:\/\/staging.portosofie.ch\/en\/wp-json\/wp\/v2\/pages\/25977736\" data-trp-original-action=\"https:\/\/staging.portosofie.ch\/en\/wp-json\/wp\/v2\/pages\/25977736\">\n\t\t\t\t\t\t<p class=\"et_d4_element et_pb_contact_field et_pb_contact_field_0 et_pb_contact_field_half\" data-id=\"vname\" data-type=\"input\">\n\t\t\t\t\n\t\t\t\t\n\t\t\t\t\n\t\t\t\t\n\t\t\t\t<label for=\"et_pb_contact_vname_0\" class=\"et_pb_contact_form_label\">VName<\/label>\n\t\t\t\t<input type=\"text\" id=\"et_pb_contact_vname_0\" class=\"input\" value=\"\" name=\"et_pb_contact_vname_0\" data-required_mark=\"required\" data-field_type=\"input\" data-original_id=\"vname\" placeholder=\"VName\">\n\t\t\t<\/p><p class=\"et_d4_element et_pb_contact_field et_pb_contact_field_1 et_pb_contact_field_half et_pb_contact_field_last\" data-id=\"nname\" data-type=\"input\">\n\t\t\t\t\n\t\t\t\t\n\t\t\t\t\n\t\t\t\t\n\t\t\t\t<label for=\"et_pb_contact_nname_0\" class=\"et_pb_contact_form_label\">NName<\/label>\n\t\t\t\t<input type=\"text\" id=\"et_pb_contact_nname_0\" class=\"input\" value=\"\" name=\"et_pb_contact_nname_0\" data-required_mark=\"required\" data-field_type=\"input\" data-original_id=\"nname\" placeholder=\"NName\">\n\t\t\t<\/p><p class=\"et_d4_element et_pb_contact_field et_pb_contact_field_2 et_pb_contact_field_half\" data-id=\"telefon\" data-type=\"input\">\n\t\t\t\t\n\t\t\t\t\n\t\t\t\t\n\t\t\t\t\n\t\t\t\t<label for=\"et_pb_contact_telefon_0\" class=\"et_pb_contact_form_label\">Telefon<\/label>\n\t\t\t\t<input type=\"text\" id=\"et_pb_contact_telefon_0\" class=\"input\" value=\"\" name=\"et_pb_contact_telefon_0\" data-required_mark=\"required\" data-field_type=\"input\" data-original_id=\"telefon\" placeholder=\"Telefon\">\n\t\t\t<\/p><p class=\"et_d4_element et_pb_contact_field et_pb_contact_field_3 et_pb_contact_field_half et_pb_contact_field_last\" data-id=\"email\" data-type=\"email\">\n\t\t\t\t\n\t\t\t\t\n\t\t\t\t\n\t\t\t\t\n\t\t\t\t<label for=\"et_pb_contact_email_0\" class=\"et_pb_contact_form_label\">E-Mail-Adresse<\/label>\n\t\t\t\t<input type=\"text\" id=\"et_pb_contact_email_0\" class=\"input\" value=\"\" name=\"et_pb_contact_email_0\" data-required_mark=\"required\" data-field_type=\"email\" data-original_id=\"email\" placeholder=\"E-Mail-Adresse\">\n\t\t\t<\/p><p class=\"et_d4_element et_pb_contact_field et_pb_contact_field_4 et_pb_contact_field_last\" data-id=\"dropdown\" data-type=\"select\">\n\t\t\t\t\n\t\t\t\t\n\t\t\t\t\n\t\t\t\t\n\t\t\t\t<label for=\"et_pb_contact_dropdown_0\" class=\"et_pb_contact_form_label\">Dropdown<\/label>\n\t\t\t\t<select id=\"et_pb_contact_dropdown_0\" class=\"et_pb_contact_select input\" name=\"et_pb_contact_dropdown_0\" data-required_mark=\"required\" data-field_type=\"select\" data-original_id=\"dropdown\">\n\t\t\t\t\t\t<option value=\"\">Dropdown<\/option><option value=\"Seerhein-Brunch\">Seerhein-Brunch<\/option><option value=\"Seerhein-Winterzauber\">Seerhein-Winterzauber<\/option><option value=\"Tasting &amp; Kurse\">Tasting & Kurse<\/option><option value=\"Events im Porto Sofie\">Events im Porto Sofie<\/option><option value=\"Sonstige\">Sonstige<\/option>\n\t\t\t\t\t<\/select>\n\t\t\t<\/p><p class=\"et_d4_element et_pb_contact_field et_pb_contact_field_5 et_pb_contact_field_last\" data-id=\"nachricht\" data-type=\"text\">\n\t\t\t\t\n\t\t\t\t\n\t\t\t\t\n\t\t\t\t\n\t\t\t\t<label for=\"et_pb_contact_nachricht_0\" class=\"et_pb_contact_form_label\">Nachricht<\/label>\n\t\t\t\t<textarea name=\"et_pb_contact_nachricht_0\" id=\"et_pb_contact_nachricht_0\" class=\"et_pb_contact_message input\" data-required_mark=\"required\" data-field_type=\"text\" data-original_id=\"nachricht\" placeholder=\"Nachricht\"><\/textarea>\n\t\t\t<\/p>\n\t\t\t\t\t\t<input type=\"hidden\" value=\"et_contact_proccess\" name=\"et_pb_contactform_submit_0\"\/>\n\t\t\t\t\t\t<div class=\"et_contact_bottom_container\">\n\t\t\t\t\t\t\t\n\t\t\t\t\t\t\t<button type=\"submit\" name=\"et_builder_submit_button\" class=\"et_pb_contact_submit et_pb_button\">Nachricht senden<\/button>\n\t\t\t\t\t\t<\/div>\n\t\t\t\t\t\t<input type=\"hidden\" id=\"_wpnonce-et-pb-contact-form-submitted-0\" name=\"_wpnonce-et-pb-contact-form-submitted-0\" value=\"94cf85e7d9\" \/><input type=\"hidden\" name=\"_wp_http_referer\" value=\"\/en\/wp-json\/wp\/v2\/pages\/25977736\" \/>\n\t\t\t\t\t<input type=\"hidden\" name=\"trp-form-language\" value=\"en\"\/><\/form>\n\t\t\t\t<\/div>\n\t\t\t<\/div>\n\t\t\t\r\n\r\n<\/div>\r\n<\/div>\r\n<\/div>","protected":false},"excerpt":{"rendered":"","protected":false},"author":1,"featured_media":0,"parent":0,"menu_order":0,"comment_status":"closed","ping_status":"closed","template":"","meta":{"_acf_changed":false,"_et_pb_use_builder":"on","_et_pb_old_content":"","_et_gb_content_width":"","iawp_total_views":0,"footnotes":""},"dipi_cpt_category":[],"class_list":["post-25977736","page","type-page","status-publish","hentry"],"acf":[],"_links":{"self":[{"href":"https:\/\/staging.portosofie.ch\/en\/wp-json\/wp\/v2\/pages\/25977736","targetHints":{"allow":["GET"]}}],"collection":[{"href":"https:\/\/staging.portosofie.ch\/en\/wp-json\/wp\/v2\/pages"}],"about":[{"href":"https:\/\/staging.portosofie.ch\/en\/wp-json\/wp\/v2\/types\/page"}],"author":[{"embeddable":true,"href":"https:\/\/staging.portosofie.ch\/en\/wp-json\/wp\/v2\/users\/1"}],"replies":[{"embeddable":true,"href":"https:\/\/staging.portosofie.ch\/en\/wp-json\/wp\/v2\/comments?post=25977736"}],"version-history":[{"count":0,"href":"https:\/\/staging.portosofie.ch\/en\/wp-json\/wp\/v2\/pages\/25977736\/revisions"}],"wp:attachment":[{"href":"https:\/\/staging.portosofie.ch\/en\/wp-json\/wp\/v2\/media?parent=25977736"}],"wp:term":[{"taxonomy":"dipi_cpt_category","embeddable":true,"href":"https:\/\/staging.portosofie.ch\/en\/wp-json\/wp\/v2\/dipi_cpt_category?post=25977736"}],"curies":[{"name":"wp","href":"https:\/\/api.w.org\/{rel}","templated":true}]}}