{"id":25977844,"date":"2026-02-21T19:20:58","date_gmt":"2026-02-21T18:20:58","guid":{"rendered":"https:\/\/server-wechsel.de\/?page_id=25977844"},"modified":"2026-03-15T12:20:02","modified_gmt":"2026-03-15T11:20:02","slug":"oeffnungszeiten","status":"publish","type":"page","link":"https:\/\/staging.portosofie.ch\/en\/oeffnungszeiten\/","title":{"rendered":"\u00d6ffnungszeiten"},"content":{"rendered":"<div class=\"et_pb_section_0 et_pb_section et_section_regular et_block_section\"><\/div>\r\n\r\n<div class=\"et_pb_section_1 et_pb_section et_section_regular et_block_section\">\r\n<div class=\"et_pb_row_0 et_pb_row et_block_row\">\r\n<div class=\"et_pb_column_0 et_pb_column et_pb_column_4_4 et-last-child et_block_column et_pb_css_mix_blend_mode_passthrough\">\r\n<div class=\"et_pb_text_0 et_pb_text et_pb_bg_layout_light et_pb_module et_block_module\"><div class=\"et_pb_text_inner\"><p>Lieber Gast,<\/p>\n<p>Willkommen im Hotel Porto Sofie. Geniessen Sie unser\u00a0 einzigartiges Ambiente in unserer Hotelbar, Caf\u00e9 und Brasserie.<\/p>\n<p>Wir freuen uns jederzeit Sie an unseren \u00d6ffnungszeiten im Hotel begr\u00fcssen zu d\u00fcrfen. Entdecken Sie dabei unsere verschiedenen Spezialit\u00e4ten des Hauses und informieren Sie sich gerne \u00fcber unsere n\u00e4chsten Events &amp; Specials.<\/p>\n<p>Ihr Team vom Hotel Porto Sofie<\/p>\n<p>&nbsp;<\/p>\n<\/div><\/div>\r\n\r\n<div class=\"et_pb_text_1 et_pb_text et_pb_bg_layout_light et_pb_module et_block_module\"><div class=\"et_pb_text_inner\"><h2 style=\"text-align: center;\">Gerne k\u00f6nnen Sie uns kontaktieren:<\/h2>\n<p style=\"text-align: center;\"><a href=\"mailto:info@portosofie.ch\">info@portosofie.ch<\/a><\/p>\n<p style=\"text-align: center;\"><a href=\"tel:+4171 544 66 00\">071 544 66 00<\/a><\/p>\n<\/div><\/div>\r\n<\/div>\r\n<\/div>\r\n\r\n<div class=\"et_pb_row_1 et_pb_row et_pb_gutters2 et_block_row\">\r\n<div class=\"et_pb_column_1 et_pb_column et_pb_column_1_2 et_block_column et_pb_css_mix_blend_mode_passthrough\">\r\n<div class=\"et_pb_text_2 et_pb_text et_pb_bg_layout_light et_pb_module et_block_module\"><div class=\"et_pb_text_inner\"><h2>Hauptsaison<\/h2>\n<p>April bis September<\/p>\n<\/div><\/div>\r\n\r\n<div class=\"et_pb_text_3 et_pb_text et_pb_bg_layout_light et_pb_module et_block_module\"><div class=\"et_pb_text_inner\"><p>Caf\u00e9 - Brasserie - Bar<\/p>\n<p>Sonntag bis Donnerstag<br \/>\n09.00 - 23.00<\/p>\n<p>Freitag & Samstag<br \/>\n09.00 - 00.00<\/p>\n<p>Warme K\u00fcche<br \/>\n12.00 - 21.00<\/p>\n<\/div><\/div>\r\n<\/div>\r\n\r\n<div class=\"et_pb_column_2 et_pb_column et_pb_column_1_2 et-last-child et_block_column et_pb_css_mix_blend_mode_passthrough\">\r\n<div class=\"et_pb_text_4 et_pb_text et_pb_bg_layout_light et_pb_module et_block_module\"><div class=\"et_pb_text_inner\"><h2>Nebensaison<\/h2>\n<p>Oktober bis M\u00e4rz<\/p>\n<\/div><\/div>\r\n\r\n<div class=\"et_pb_text_5 et_pb_text et_pb_bg_layout_light et_pb_module et_block_module\"><div class=\"et_pb_text_inner\"><p>Caf\u00e9 - Brasserie - Bar<\/p>\n<p>Dienstag bis Donnerstag<br \/>09.00 - 22.00<\/p>\n<p>Freitag &amp; Samstag<br \/>09.00 \u2013 23.00<\/p>\n<p>Sonntag<br \/>09.00 - 22.00<\/p>\n<p>Warme K\u00fcche<br \/>12.00 - 21.00<\/p>\n<p>Montag<br \/>Ruhetag<\/p>\n<p> (Ausser 31. M\u00e4rz 2025, normal ge\u00f6ffnet)<\/p>\n<\/div><\/div>\r\n<\/div>\r\n<\/div>\r\n\r\n<div class=\"et_pb_row_2 et_pb_row et_block_row\">\r\n<div class=\"et_pb_column_3 et_pb_column et_pb_column_4_4 et-last-child et_block_column et_pb_css_mix_blend_mode_passthrough\">\r\n<div class=\"et_pb_text_6 et_pb_text et_pb_bg_layout_light et_pb_module et_block_module\"><div class=\"et_pb_text_inner\"><h2>Betriebsferien<\/h2>\n<p>Das Team vom Hotel Porto Sofie ist im folgenden Zeitraum in den Betriebsferien.<\/p>\n<p>Vom 21. Dezember 2026 - einschliesslich 4. Januar 2027.<br \/>Ab 5. Januar 2027 sind wir wieder f\u00fcr sie da!<\/p>\n<p>Gerne k\u00f6nnen Sie uns Anfragen f\u00fcr Hotel-\u00dcbernachtungen ohne Fr\u00fchst\u00fcck zur Zeit der Betriebsferien wie bspw. Neujahr zusenden.<\/p>\n<p>\u00a0<\/p>\n<\/div><\/div>\r\n<\/div>\r\n<\/div>\r\n<\/div>\r\n\r\n<div class=\"et_pb_section_2 et_pb_section et_section_regular et_block_section\"><\/div>","protected":false},"excerpt":{"rendered":"","protected":false},"author":1,"featured_media":0,"parent":0,"menu_order":0,"comment_status":"closed","ping_status":"closed","template":"","meta":{"_acf_changed":false,"_et_pb_use_builder":"on","_et_pb_old_content":"","_et_gb_content_width":"","iawp_total_views":0,"footnotes":""},"dipi_cpt_category":[],"class_list":["post-25977844","page","type-page","status-publish","hentry"],"acf":[],"_links":{"self":[{"href":"https:\/\/staging.portosofie.ch\/en\/wp-json\/wp\/v2\/pages\/25977844","targetHints":{"allow":["GET"]}}],"collection":[{"href":"https:\/\/staging.portosofie.ch\/en\/wp-json\/wp\/v2\/pages"}],"about":[{"href":"https:\/\/staging.portosofie.ch\/en\/wp-json\/wp\/v2\/types\/page"}],"author":[{"embeddable":true,"href":"https:\/\/staging.portosofie.ch\/en\/wp-json\/wp\/v2\/users\/1"}],"replies":[{"embeddable":true,"href":"https:\/\/staging.portosofie.ch\/en\/wp-json\/wp\/v2\/comments?post=25977844"}],"version-history":[{"count":0,"href":"https:\/\/staging.portosofie.ch\/en\/wp-json\/wp\/v2\/pages\/25977844\/revisions"}],"wp:attachment":[{"href":"https:\/\/staging.portosofie.ch\/en\/wp-json\/wp\/v2\/media?parent=25977844"}],"wp:term":[{"taxonomy":"dipi_cpt_category","embeddable":true,"href":"https:\/\/staging.portosofie.ch\/en\/wp-json\/wp\/v2\/dipi_cpt_category?post=25977844"}],"curies":[{"name":"wp","href":"https:\/\/api.w.org\/{rel}","templated":true}]}}