{"id":25977854,"date":"2026-02-21T19:23:15","date_gmt":"2026-02-21T18:23:15","guid":{"rendered":"https:\/\/server-wechsel.de\/?page_id=25977854"},"modified":"2026-03-15T12:02:05","modified_gmt":"2026-03-15T11:02:05","slug":"impressum","status":"publish","type":"page","link":"https:\/\/staging.portosofie.ch\/en\/impressum\/","title":{"rendered":"Impressum"},"content":{"rendered":"<div class=\"et_pb_section_0 et_pb_section et_section_regular et_block_section\">\r\n<div class=\"et_pb_row_0 et_pb_row et_block_row\">\r\n<div class=\"et_pb_column_0 et_pb_column et_pb_column_4_4 et-last-child et_block_column et_pb_css_mix_blend_mode_passthrough\">\r\n<div class=\"et_pb_text_0 et_pb_text et_pb_bg_layout_light et_pb_module et_block_module et_pb_text_align_left\"><div class=\"et_pb_text_inner\"><h2>Impressum<\/h2>\n<p>Betreiber der Webseite ist:<\/p>\n<p>Porto Sofie GmbH<br \/>Am Schlosspark 9<br \/>CH-8274 Gottlieben<br \/>info@portosofie.ch<\/p>\n<p>Gesch\u00e4ftsf\u00fchrung: J\u00fcrgen Seifert &amp; Sophie Schreiber<\/p>\n<p><strong>Newsletter<\/strong><br \/>Wenn Sie unseren Newsletter abonnieren m\u00f6chten, ben\u00f6tigen wir neben Ihrer E-Mail-Adresse die Best\u00e4tigung, dass Sie Inhaber der angegebenen E-Mail-Adresse sind und mit dem Empfang des Newsletters einverstanden sind. Diese Daten verwenden wir ausschliesslich f\u00fcr den Versand unseres Newsletters sowie zur Dokumentation Ihrer Zustimmung.<\/p>\n<p>Eine Weitergabe Ihrer Daten an Dritte erfolgt nicht. Sie k\u00f6nnen Ihre Einwilligung zum Erhalt des Newsletters und zur Speicherung Ihrer E-Mail-Adresse jederzeit widerrufen.<\/p>\n<p>Allgemeine Hinweise zur Nutzung unserer Website<br \/>Mit dem Zugriff auf die Website der Hotel Porto Sofie GmbH (nachstehend \u201ewww.portosofie.ch\u201c genannt) erkl\u00e4ren Sie sich mit den nachfolgenden Nutzungsbedingungen und rechtlichen Hinweisen einverstanden. Sollten Sie mit diesen Bedingungen nicht einverstanden sein, bitten wir Sie, die Website zu verlassen.<\/p>\n<p>Die Website hotelportosofie.ch dient der Bereitstellung allgemeiner Informationen \u00fcber unser Hotel, unsere Angebote, Dienstleistungen und Partnerbetriebe. Trotz sorgf\u00e4ltiger Pflege der Inhalte \u00fcbernehmen wir keine Gew\u00e4hr f\u00fcr deren Aktualit\u00e4t, Vollst\u00e4ndigkeit, Richtigkeit oder Verf\u00fcgbarkeit. Insbesondere k\u00f6nnen wir nicht garantieren, dass unsere Webseite jederzeit ohne Unterbrechung erreichbar sowie frei von Fehlern oder Schadsoftware ist.<\/p>\n<p>Wir behalten uns vor, Inhalte, Angebote oder Preise jederzeit und ohne vorherige Ank\u00fcndigung anzupassen, zu erg\u00e4nzen, zu l\u00f6schen oder die Ver\u00f6ffentlichung zeitweise oder dauerhaft einzustellen.<\/p>\n<p><strong>Haftungsausschluss<\/strong><br \/>Haftungsanspr\u00fcche gegen die Hotel Porto Sofie GmbH, die sich auf Sch\u00e4den materieller oder immaterieller Art beziehen und durch die Nutzung oder Nichtnutzung der bereitgestellten Informationen verursacht wurden, sind ausgeschlossen, sofern keine gesetzlich zwingende Haftung besteht.<\/p>\n<p><strong>Urheberrechte und Schutzrechte<\/strong><br \/>Die Hotel Porto Sofie GmbH ist bestrebt, in allen Inhalten geltende Urheber- und Markenrechte zu beachten. Sollten trotz aller Sorgfalt Verst\u00f6sse festgestellt werden, bitten wir um entsprechende Mitteilung. In einem solchen Fall werden wir die betroffenen Inhalte umgehend entfernen oder korrekt kennzeichnen.<\/p>\n<p>Alle auf dieser Website genannten Marken- und Warenzeichen unterliegen uneingeschr\u00e4nkt den Bestimmungen des jeweils g\u00fcltigen Kennzeichenrechts und den Besitzrechten der jeweiligen Eigent\u00fcmer. Die blossen Nennungen lassen nicht den Schluss zu, dass diese Marken nicht durch Rechte Dritter gesch\u00fctzt sind.<\/p>\n<p>S\u00e4mtliche Inhalte auf hotelportosofie.ch unterliegen, sofern nicht anders vermerkt, dem Urheberrecht der Hotel Porto Sofie GmbH. Das Herunterladen oder Ausdrucken einzelner Seiten oder Inhalte ist ausschliesslich f\u00fcr den privaten Gebrauch und unter vollst\u00e4ndiger Quellenangabe gestattet. Eine vollst\u00e4ndige oder teilweise Vervielf\u00e4ltigung, \u00dcbermittlung, Ver\u00e4nderung, Verlinkung oder Nutzung f\u00fcr kommerzielle oder \u00f6ffentliche Zwecke bedarf der ausdr\u00fccklichen schriftlichen Genehmigung.<\/p>\n<p><strong>Haftung f\u00fcr externe Links<\/strong><br \/>Unsere Website enth\u00e4lt Links zu externen Websites Dritter, auf deren Inhalte wir keinen Einfluss haben. Deshalb k\u00f6nnen wir f\u00fcr diese fremden Inhalte auch keine Verantwortung \u00fcbernehmen. F\u00fcr die Inhalte der verlinkten Seiten ist stets der jeweilige Anbieter oder Betreiber verantwortlich.<\/p>\n<p>Zum Zeitpunkt der Verlinkung wurden die externen Seiten auf m\u00f6gliche Rechtsverst\u00f6sse gepr\u00fcft, wobei keine rechtswidrigen Inhalte erkennbar waren. Eine permanente Kontrolle der Inhalte externer Seiten ist ohne konkrete Hinweise auf eine Rechtsverletzung nicht zumutbar. Bei Bekanntwerden von Rechtsverletzungen werden entsprechende Links umgehend entfernt.<\/p>\n<p><strong>Bildnachweise:<\/strong><br \/>Die auf dieser Website verwendeten Bilder stammen aus folgenden Quellen:<\/p>\n<p>Hotel &amp; Zimmerbilder sowie Videomaterial:<br \/>Pablo Di Cagno |www.fotograf-pablo.ch<\/p>\n<p>Speisen und Getr\u00e4nke:<br \/>Hendrick Pfeiffer | www.fehlsignal.de<\/p>\n<p>Weitere Bildinhalte und Verweise:<br \/>Schiffsfahrten |<br \/>Wandern | Envato Elements | ID VA76LQNS4P<br \/>Konstanz | MTK Achim Mende<br \/>Gottlieber H\u00fcppen | https:\/\/www.gottlieber.ch\/de\/<br \/>Napoleonmuseum | https:\/\/arenenberg.ch\/napoleonmuseum\/ausstellung\/<br \/>Sea Life Konstanz | \u00a9 SEA LIFE Konstanz GmbH<br \/>Badi Seerhein | Fotograf-Pablo.ch<br \/>Technorama |\u00a9 Swiss Science Center Technorama<br \/>Conny-Land | \u00a9 Conny-Land AG<br \/>Schaffhausen Rheinfall | Envato Elements | ID M2ZMB6R<br \/>Therme Konstanz | Bj\u00f8rn Jansen Fotograf, Guido Kasper Photographers, Hans-J\u00f6rg Andonovic-Wagner<br \/>Insel Mainau | \u00a9 Insel Mainau \/ Peter Allgaier<\/p>\n<p>Programmierung &amp;\u00a0Design\u00a0der Website<br \/>Cagno Di Media Production<br \/><a href=\"https:\/\/cagno-di.com\" target=\"_blank\" rel=\"noopener\">www.cagno-di.com<\/a><\/p>\n<\/div><\/div>\r\n<\/div>\r\n<\/div>\r\n<\/div>","protected":false},"excerpt":{"rendered":"","protected":false},"author":1,"featured_media":0,"parent":0,"menu_order":0,"comment_status":"closed","ping_status":"closed","template":"","meta":{"_acf_changed":false,"_et_pb_use_builder":"on","_et_pb_old_content":"","_et_gb_content_width":"","iawp_total_views":1,"footnotes":""},"dipi_cpt_category":[],"class_list":["post-25977854","page","type-page","status-publish","hentry"],"acf":[],"_links":{"self":[{"href":"https:\/\/staging.portosofie.ch\/en\/wp-json\/wp\/v2\/pages\/25977854","targetHints":{"allow":["GET"]}}],"collection":[{"href":"https:\/\/staging.portosofie.ch\/en\/wp-json\/wp\/v2\/pages"}],"about":[{"href":"https:\/\/staging.portosofie.ch\/en\/wp-json\/wp\/v2\/types\/page"}],"author":[{"embeddable":true,"href":"https:\/\/staging.portosofie.ch\/en\/wp-json\/wp\/v2\/users\/1"}],"replies":[{"embeddable":true,"href":"https:\/\/staging.portosofie.ch\/en\/wp-json\/wp\/v2\/comments?post=25977854"}],"version-history":[{"count":0,"href":"https:\/\/staging.portosofie.ch\/en\/wp-json\/wp\/v2\/pages\/25977854\/revisions"}],"wp:attachment":[{"href":"https:\/\/staging.portosofie.ch\/en\/wp-json\/wp\/v2\/media?parent=25977854"}],"wp:term":[{"taxonomy":"dipi_cpt_category","embeddable":true,"href":"https:\/\/staging.portosofie.ch\/en\/wp-json\/wp\/v2\/dipi_cpt_category?post=25977854"}],"curies":[{"name":"wp","href":"https:\/\/api.w.org\/{rel}","templated":true}]}}