{"id":25977861,"date":"2026-02-21T19:26:51","date_gmt":"2026-02-21T18:26:51","guid":{"rendered":"https:\/\/server-wechsel.de\/?page_id=25977861"},"modified":"2026-03-15T11:42:23","modified_gmt":"2026-03-15T10:42:23","slug":"datenschutzerklaerung","status":"publish","type":"page","link":"https:\/\/staging.portosofie.ch\/en\/datenschutzerklaerung\/","title":{"rendered":"Datenschutzerkl\u00e4rung"},"content":{"rendered":"<div class=\"et_pb_section_0 et_pb_section et_section_regular et_block_section\">\r\n<div class=\"et_pb_row_0 et_pb_row et_block_row\">\r\n<div class=\"et_pb_column_0 et_pb_column et_pb_column_4_4 et-last-child et_block_column et_pb_css_mix_blend_mode_passthrough\">\r\n<div class=\"et_pb_text_0 et_pb_text et_pb_bg_layout_light et_pb_module et_block_module et_pb_text_align_left\"><div class=\"et_pb_text_inner\"><h1>Datenschutzerkl\u00e4rung<\/h1>\n<p><strong>Name und Kontakt des Verantwortlichen<\/strong><\/p>\n<p>Hotel Porto Sofie<br \/>Am Schlosspark 9<br \/>8274 Gottlieben \/ Schweiz<br \/>info@portosofie.ch<\/p>\n<p><strong>Sicherheit und Schutz Ihrer personenbezogenen Daten<\/strong><\/p>\n<p>Wir betrachten es als unsere vorrangige Aufgabe, die Vertraulichkeit der von Ihnen bereitgestellten personenbezogenen Daten zu wahren und diese vor unbefugten Zugriffen zu sch\u00fctzen. Deshalb wenden wir \u00e4usserste Sorgfalt und modernste Sicherheitsstandards an, um einen maximalen Schutz Ihrer personenbezogenen Daten zu gew\u00e4hrleisten.<\/p>\n<p>Als privatrechtliches Unternehmen unterliegen wir den Bestimmungen den datenschutzrechtlichen Bestimmungen des Bundes (Datenschutzgesetz, DSG). Wir haben technische und organisatorische Massnahmen getroffen, die sicherstellen, dass die Vorschriften \u00fcber den Datenschutz sowohl von uns, als auch von unseren externen Dienstleistern beachtet werden.<\/p>\n<p><strong>Begriffsbestimmungen<\/strong><\/p>\n<p>Massgebend sind ausschliesslich die Begriffsdefinitionen gem\u00e4ss Art. 3 DSG.<\/p>\n<p><strong>Rechtm\u00e4ssigkeit der Verarbeitung<\/strong><\/p>\n<p>Die Verarbeitung personenbezogener Daten ist nur rechtm\u00e4ssig, wenn f\u00fcr die Verarbeitung eine Rechtsgrundlage besteht. Rechtsgrundlage f\u00fcr die Verarbeitung werden in Art. 13 der schweizerischen Bundesverfassung und den datenschutzrechtlichen Bestimmungen des Bundes (Datenschutzgesetz, DSG) definiert.<\/p>\n<p><strong>Information \u00fcber die Erhebung personenbezogener Daten<\/strong><\/p>\n<p>(1) Im Folgenden informieren wir \u00fcber die Erhebung personenbezogener Daten bei Nutzung unserer Website. Personenbezogene Daten sind z.\u2009B. Name, Adresse, E-Mail-Adressen, Nutzerverhalten.<\/p>\n<p>(2) Bei einer Kontaktaufnahme mit uns per E-Mail oder \u00fcber ein Kontaktformular werden die von Ihnen mitgeteilten Daten (Ihre E-Mail-Adresse, ggf. Ihr Name und Ihre Telefonnummer) von uns gespeichert, um Ihre Fragen zu beantworten. Die in diesem Zusammenhang anfallenden Daten l\u00f6schen wir, nachdem die Speicherung nicht mehr erforderlich ist, oder die Verarbeitung wird eingeschr\u00e4nkt, falls gesetzliche Aufbewahrungspflichten bestehen.<\/p>\n<p><strong>Erhebung personenbezogener Daten bei Besuch unserer Website<\/strong><\/p>\n<p>Bei der bloss informatorischen Nutzung der Website, also wenn Sie sich nicht registrieren oder uns anderweitig Informationen \u00fcbermitteln, erheben wir nur die personenbezogenen Daten, die Ihr Browser an unseren Server \u00fcbermittelt. Wenn Sie unsere Website betrachten m\u00f6chten, erheben wir die folgenden Daten, die f\u00fcr uns technisch erforderlich sind, um Ihnen unsere Website anzuzeigen und die Stabilit\u00e4t und Sicherheit zu gew\u00e4hrleisten:<\/p>\n<ul>\n<li>IP-Adresse<\/li>\n<li>Datum und Uhrzeit der Anfrage<\/li>\n<li>Zeitzonen Differenz zur Greenwich Mean Time (GMT)<\/li>\n<li>Inhalt der Anforderung (konkrete Seite)<\/li>\n<li>Zugriffsstatus\/HTTP-Statuscode<\/li>\n<li>jeweils \u00fcbertragene Datenmenge<\/li>\n<li>Website, von der die Anforderung kommt<\/li>\n<li>Browser<\/li>\n<li>Betriebssystem und dessen Oberfl\u00e4che<\/li>\n<li>Sprache und Version der Browsersoftware.<\/li>\n<\/ul>\n<p>Einsatz von Cookies<\/p>\n<p>(1) Zus\u00e4tzlich zu den zuvor genannten Daten werden bei der Nutzung unserer Website Cookies auf Ihrem Rechner gespeichert. Bei Cookies handelt es sich um kleine Textdateien, die auf Ihrer Festplatte dem von Ihnen verwendeten Browser zugeordnet gespeichert werden und durch welche der Stelle, die den Cookie setzt, bestimmte Informationen zufliessen. Cookies k\u00f6nnen keine Programme ausf\u00fchren oder Viren auf Ihren Computer \u00fcbertragen. Sie dienen dazu, das Internetangebot insgesamt nutzerfreundlicher und effektiver zu machen.<\/p>\n<p>(2) Diese Website nutzt folgende Arten von Cookies, deren Umfang und Funktionsweise im Folgenden erl\u00e4utert werden:<\/p>\n<ul>\n<li>Transiente Cookies (dazu 1.)<\/li>\n<li>Persistente Cookies (dazu 2.)<\/li>\n<\/ul>\n<ol>\n<li>Transiente Cookies werden automatisiert gel\u00f6scht, wenn Sie den Browser schliessen. Dazu z\u00e4hlen insbesondere die Session-Cookies. Diese speichern eine sogenannte Session-ID, mit welcher sich verschiedene Anfragen Ihres Browsers der gemeinsamen Sitzung zuordnen lassen. Dadurch kann Ihr Rechner wiedererkannt werden, wenn Sie auf unsere Website zur\u00fcckkehren. Die Session-Cookies werden gel\u00f6scht, wenn Sie sich ausloggen oder den Browser schliessen.<\/li>\n<li>Persistente Cookies werden automatisiert nach einer vorgegebenen Dauer gel\u00f6scht, die sich je nach Cookie unterscheiden kann. Sie k\u00f6nnen die Cookies in den Sicherheitseinstellungen Ihres Browsers jederzeit l\u00f6schen.<\/li>\n<li>Sie k\u00f6nnen Ihre Browser-Einstellung entsprechend Ihren W\u00fcnschen konfigurieren und z.\u2009B. die Annahme von Third-Party-Cookies oder allen Cookies ablehnen. Sog. \u00abThird Party Cookies\u00bb sind Cookies, die durch einen Dritten gesetzt wurden, folglich nicht durch die eigentliche Website auf der man sich gerade befindet. Wir weisen Sie darauf hin, dass Sie durch die Deaktivierung von Cookies eventuell nicht alle Funktionen dieser Website nutzen k\u00f6nnen.<\/li>\n<li>Wir setzen Cookies ein, um Sie f\u00fcr Folgebesuche identifizieren zu k\u00f6nnen, falls Sie \u00fcber einen Account bei uns verf\u00fcgen. Andernfalls m\u00fcssten Sie sich f\u00fcr jeden Besuch erneut einloggen.<\/li>\n<\/ol>\n<p>Alle Informationen zu unseren Cookies finden Sie unter der folgenden Seite:<\/p>\n<p><a href=\"https:\/\/www.portosofie.ch\/cookie-richtlinien\/\" target=\"_blank\" rel=\"noopener\">https:\/\/www.portosofie.ch\/cookie-richtlinien\/<\/a><\/p>\n<p>Weitere Funktionen und Angebote unserer Website<\/p>\n<p>(1) Neben der rein informatorischen Nutzung unserer Website bieten wir verschiedene Leistungen an, die Sie bei Interesse nutzen k\u00f6nnen. Dazu m\u00fcssen Sie in der Regel weitere personenbezogene Daten angeben, die wir zur Erbringung der jeweiligen Leistung nutzen und f\u00fcr die die zuvor genannten Grunds\u00e4tze zur Datenverarbeitung gelten.<\/p>\n<p>(2) Teilweise bedienen wir uns zur Verarbeitung Ihrer Daten externer Dienstleister. Diese wurden von uns sorgf\u00e4ltig ausgew\u00e4hlt und beauftragt, sind an unsere Weisungen gebunden und werden regelm\u00e4ssig kontrolliert.<\/p>\n<p>(3) Weiterhin k\u00f6nnen wir Ihre personenbezogenen Daten an Dritte weitergeben, wenn Aktionsteilnahmen, Gewinnspiele, Vertragsabschl\u00fcsse oder \u00e4hnliche Leistungen von uns gemeinsam mit Partnern angeboten werden. N\u00e4here Informationen hierzu erhalten Sie bei Angabe Ihrer personenbezogenen Daten oder untenstehend in der Beschreibung des Angebotes.<\/p>\n<p><strong>Kinder<\/strong><\/p>\n<p>Unser Angebot richtet sich grunds\u00e4tzlich an Erwachsene. Personen unter 18 Jahren sollten ohne Zustimmung der Eltern oder Erziehungsberechtigten keine personenbezogenen Daten an uns \u00fcbermitteln.<\/p>\n<p><strong>Rechte der betroffenen Person<\/strong><\/p>\n<p>(1) Widerruf der Einwilligung<\/p>\n<p>Sofern die Verarbeitung der personenbezogenen Daten auf einer erteilten Einwilligung beruht, haben Sie jederzeit das Recht, die Einwilligung zu widerrufen. Durch den Widerruf der Einwilligung wird die Rechtm\u00e4ssigkeit der aufgrund der Einwilligung bis zum Widerruf erfolgten Verarbeitung nicht ber\u00fchrt.<\/p>\n<p>F\u00fcr die Aus\u00fcbung des Widerrufsrechts k\u00f6nnen Sie sich jederzeit an uns wenden.<\/p>\n<p>(2) Recht auf Best\u00e4tigung<\/p>\n<p>Sie haben das Recht, von dem Verantwortlichen eine Best\u00e4tigung dar\u00fcber zu verlangen, ob wir sie betreffende personenbezogene Daten verarbeiten. Die Best\u00e4tigung k\u00f6nnen Sie jederzeit unter den oben genannten Kontaktdaten verlangen.<\/p>\n<p>(3) Auskunftsrecht<\/p>\n<p>Sofern personenbezogene Daten verarbeitet werden, k\u00f6nnen Sie jederzeit Auskunft \u00fcber diese personenbezogenen Daten und \u00fcber folgenden Informationen verlangen:<\/p>\n<ol>\n<li>die Verarbeitungszwecke;<\/li>\n<li>den Kategorien personenbezogener Daten, die verarbeitet werden;<\/li>\n<li>die Empf\u00e4nger oder Kategorien von Empf\u00e4ngern, gegen\u00fcber denen die personenbezogenen Daten offengelegt worden sind oder noch offengelegt werden, insbesondere bei Empf\u00e4ngern in Drittl\u00e4ndern oder bei internationalen Organisationen;<\/li>\n<li>falls m\u00f6glich, die geplante Dauer, f\u00fcr die die personenbezogenen Daten gespeichert werden, oder, falls dies nicht m\u00f6glich ist, die Kriterien f\u00fcr die Festlegung dieser Dauer;<\/li>\n<li>das Bestehen eines Rechts auf Berichtigung oder L\u00f6schung der Sie betreffenden personenbezogenen Daten oder auf Einschr\u00e4nkung der Verarbeitung durch den Verantwortlichen oder eines Widerspruchsrechts gegen diese Verarbeitung;<\/li>\n<li>das Bestehen eines Beschwerderechts bei einer Aufsichtsbeh\u00f6rde;<\/li>\n<li>wenn die personenbezogenen Daten nicht bei der betroffenen Person erhoben werden, alle verf\u00fcgbaren Informationen \u00fcber die Herkunft der Daten;<\/li>\n<li>das Bestehen einer automatisierten Entscheidungsfindung einschliesslich Profiling \u00fcber die involvierte Logik sowie die Tragweite und die angestrebten Auswirkungen einer derartigen Verarbeitung f\u00fcr die betroffene Person.<\/li>\n<\/ol>\n<p>Werden personenbezogene Daten an ein Drittland oder an eine internationale Organisation \u00fcbermittelt, so haben Sie das Recht, \u00fcber die geeigneten Garantien im Zusammenhang mit der \u00dcbermittlung unterrichtet zu werden. Wir stellen eine Kopie der personenbezogenen Daten, die Gegenstand der Verarbeitung sind, zur Verf\u00fcgung. F\u00fcr alle weiteren Kopien, die Sie Person beantragen, k\u00f6nnen wir ein angemessenes Entgelt auf der Grundlage der Verwaltungskosten verlangen. Stellen Sie den Antrag elektronisch, so sind die Informationen in einem g\u00e4ngigen elektronischen Format zur Verf\u00fcgung zu stellen, sofern er nichts anderes angibt. Das Recht auf Erhalt einer Kopie gem\u00e4ss Absatz 3 darf die Rechte und Freiheiten anderer Personen nicht beeintr\u00e4chtigen.<\/p>\n<p>(4) Recht auf Berichtigung<\/p>\n<p>Sie haben das Recht, von uns unverz\u00fcglich die Berichtigung Sie betreffender unrichtiger personenbezogener Daten zu verlangen. Unter Ber\u00fccksichtigung der Zwecke der Verarbeitung haben Sie das Recht, die Vervollst\u00e4ndigung unvollst\u00e4ndiger personenbezogener Daten \u2013 auch mittels einer erg\u00e4nzenden Erkl\u00e4rung \u2013 zu verlangen.<\/p>\n<p>(5) Recht auf L\u00f6schung (\u00abRecht auf vergessen werden\u00bb)<\/p>\n<p>Sie haben das Recht, von dem Verantwortlichen zu verlangen, dass Sie betreffende personenbezogene Daten unverz\u00fcglich gel\u00f6scht werden, und wir sind verpflichtet, personenbezogene Daten unverz\u00fcglich zu l\u00f6schen, sofern einer der folgenden Gr\u00fcnde zutrifft:<\/p>\n<ol>\n<li>Die personenbezogenen Daten sind f\u00fcr die Zwecke, f\u00fcr die sie erhoben oder auf sonstige Weise verarbeitet wurden, nicht mehr notwendig.<\/li>\n<li>Die betroffene Person widerruft ihre Einwilligung, auf die sich die Verarbeitung und es fehlt an einer anderweitigen Rechtsgrundlage f\u00fcr die Verarbeitung.<\/li>\n<li>Die betroffene Person legt Widerspruch gegen die Verarbeitung ein und es liegen keine vorrangigen berechtigten Gr\u00fcnde f\u00fcr die Verarbeitung vor, oder die betroffene Person legt Widerspruch gegen die Verarbeitung ein.<\/li>\n<li>Die personenbezogenen Daten wurden unrechtm\u00e4ssig verarbeitet.<\/li>\n<li>Die L\u00f6schung der personenbezogenen Daten ist zur Erf\u00fcllung einer rechtlichen Verpflichtung nach dem Bundesrecht oder dem Recht der Mitgliedstaaten erforderlich, dem der Verantwortliche unterliegt.<\/li>\n<li>Die personenbezogenen Daten wurden in Bezug auf angebotene Dienste der Informationsgesellschaft erhoben.<\/li>\n<\/ol>\n<p>Hat der Verantwortliche die personenbezogenen Daten \u00f6ffentlich gemacht und ist zu deren L\u00f6schung verpflichtet, so trifft er unter Ber\u00fccksichtigung der verf\u00fcgbaren Technologie und der Implementierungskosten angemessene Massnahmen, auch technischer Art, um f\u00fcr die Datenverarbeitung Verantwortliche, die die personenbezogenen Daten verarbeiten, dar\u00fcber zu informieren, dass eine betroffene Person von ihnen die L\u00f6schung aller Links zu diesen personenbezogenen Daten oder von Kopien oder Replikationen dieser personenbezogenen Daten verlangt hat.<\/p>\n<p>Das Recht auf L\u00f6schung (\u00abRecht auf vergessen werden\u00bb) besteht nicht, soweit die Verarbeitung erforderlich ist:<\/p>\n<ul>\n<li>zur Aus\u00fcbung des Rechts auf freie Meinungs\u00e4usserung und Information;<\/li>\n<li>zur Erf\u00fcllung einer rechtlichen Verpflichtung, die die Verarbeitung nach dem Recht des Bundes oder der Mitgliedstaaten, dem der Verantwortliche unterliegt, erfordert, oder zur Wahrnehmung einer Aufgabe, die im \u00f6ffentlichen Interesse liegt oder in Aus\u00fcbung \u00f6ffentlicher Gewalt erfolgt, die dem Verantwortlichen \u00fcbertragen wurde;<\/li>\n<li>aus Gr\u00fcnden des \u00f6ffentlichen Interesses im Bereich der \u00f6ffentlichen Gesundheit;<\/li>\n<li>f\u00fcr im \u00f6ffentlichen Interesse liegende Archivzwecke, wissenschaftliche oder historische Forschungszwecke oder f\u00fcr statistische Zwecke, soweit das Recht voraussichtlich die Verwirklichung der Ziele dieser Verarbeitung unm\u00f6glich macht oder ernsthaft beeintr\u00e4chtigt, oder<\/li>\n<li>zur Geltendmachung, Aus\u00fcbung oder Verteidigung von Rechtsanspr\u00fcchen.<\/li>\n<\/ul>\n<p>(6) Recht auf Einschr\u00e4nkung der Verarbeitung<\/p>\n<p>Sie haben das Recht, von uns die Einschr\u00e4nkung der Verarbeitung ihrer personenbezogenen Daten zu verlangen, wenn eine der folgenden Voraussetzungen gegeben ist:<\/p>\n<ol>\n<li>die Richtigkeit der personenbezogenen Daten von der betroffenen Person bestritten wird, und zwar f\u00fcr eine Dauer, die es dem Verantwortlichen erm\u00f6glicht, die Richtigkeit der personenbezogenen Daten zu \u00fcberpr\u00fcfen,<\/li>\n<li>die Verarbeitung unrechtm\u00e4ssig ist und die betroffene Person die L\u00f6schung der personenbezogenen Daten ablehnt und stattdessen die Einschr\u00e4nkung der Nutzung der personenbezogenen Daten verlangt;<\/li>\n<li>der Verantwortliche die personenbezogenen Daten f\u00fcr die Zwecke der Verarbeitung nicht l\u00e4nger ben\u00f6tigt, die betroffene Person sie jedoch zur Geltendmachung, Aus\u00fcbung oder Verteidigung von Rechtsanspr\u00fcchen ben\u00f6tigt, oder<\/li>\n<li>die betroffene Person Widerspruch gegen die Verarbeitung eingelegt hat, solange noch nicht feststeht, ob die berechtigten Gr\u00fcnde des Verantwortlichen gegen\u00fcber denen der betroffenen Person \u00fcberwiegen.<\/li>\n<\/ol>\n<p>Wurde die Verarbeitung gem\u00e4ss den oben genannten Voraussetzungen eingeschr\u00e4nkt, so werden diese personenbezogenen Daten \u2013 von ihrer Speicherung abgesehen \u2013 nur mit Einwilligung der betroffenen Person oder zur Geltendmachung, Aus\u00fcbung oder Verteidigung von Rechtsanspr\u00fcchen oder zum Schutz der Rechte einer anderen nat\u00fcrlichen oder juristischen Person oder aus Gr\u00fcnden eines wichtigen \u00f6ffentlichen Interesses des Bundes oder eines Mitgliedstaats verarbeitet.<\/p>\n<p>Um das Recht auf Einschr\u00e4nkung der Verarbeitung geltend zu machen, kann sich die betroffene Person jederzeit an uns wenden.<\/p>\n<p>(7) Recht auf Daten\u00fcbertragbarkeit<\/p>\n<p>Sie haben das Recht, die Sie betreffenden personenbezogenen Daten, die Sie uns bereitgestellt haben, in einem strukturierten, g\u00e4ngigen und maschinenlesbaren Format zu erhalten, und Sie haben das Recht, diese Daten einem anderen Verantwortlichen ohne Behinderung durch den Verantwortlichen, dem die personenbezogenen Daten bereitgestellt wurden, zu \u00fcbermitteln, sofern:<\/p>\n<ul>\n<li>die Verarbeitung auf einer Einwilligung oder auf einem Vertrag beruht und<\/li>\n<li>die Verarbeitung mithilfe automatisierter Verfahren erfolgt.<\/li>\n<\/ul>\n<p>Bei der Aus\u00fcbung des Rechts auf Daten\u00fcbertragbarkeit haben Sie das Recht, zu erwirken, dass die personenbezogenen Daten direkt von einem Verantwortlichen zu einem anderen Verantwortlichen \u00fcbermittelt werden, soweit dies technisch machbar ist. Die Aus\u00fcbung des Rechts auf Daten\u00fcbertragbarkeit l\u00e4sst das Recht auf L\u00f6schung (\u00abRecht auf Vergessen werden\u00bb) unber\u00fchrt. Dieses Recht gilt nicht f\u00fcr eine Verarbeitung, die f\u00fcr die Wahrnehmung einer Aufgabe erforderlich ist, die im \u00f6ffentlichen Interesse liegt oder in Aus\u00fcbung \u00f6ffentlicher Gewalt erfolgt, die dem Verantwortlichen \u00fcbertragen wurde.<\/p>\n<p>(8) Widerspruchsrecht<\/p>\n<p>Sie haben das Recht, aus Gr\u00fcnden, die sich aus Ihrer besonderen Situation ergeben, jederzeit gegen die Verarbeitung Sie betreffender personenbezogener Daten Widerspruch einzulegen; dies gilt auch f\u00fcr ein Profiling. Der Verantwortliche verarbeitet die personenbezogenen Daten nicht mehr, es sei denn, er kann zwingende schutzw\u00fcrdige Gr\u00fcnde f\u00fcr die Verarbeitung nachweisen, die die Interessen, Rechte und Freiheiten der betroffenen Person \u00fcberwiegen, oder die Verarbeitung dient der Geltendmachung, Aus\u00fcbung oder Verteidigung von Rechtsanspr\u00fcchen.<\/p>\n<p>Werden personenbezogene Daten verarbeitet, um Direktwerbung zu betreiben, so haben SIe das Recht, jederzeit Widerspruch gegen die Verarbeitung Sie betreffender personenbezogener Daten zum Zwecke derartiger Werbung einzulegen; dies gilt auch f\u00fcr das Profiling, soweit es mit solcher Direktwerbung in Verbindung steht. Widersprechen Sie der Verarbeitung f\u00fcr Zwecke der Direktwerbung, so werden die personenbezogenen Daten nicht mehr f\u00fcr diese Zwecke verarbeitet.<\/p>\n<p>Im Zusammenhang mit der Nutzung von Diensten der Informationsgesellschaft k\u00f6nnen Sie Ihr Widerspruchsrecht mittels automatisierter Verfahren aus\u00fcben, bei denen technische Spezifikationen verwendet werden.<\/p>\n<p>Sie haben das Recht, aus Gr\u00fcnden, die sich aus Ihrer besonderen Situation ergeben, gegen die Sie betreffende Verarbeitung Sie betreffender personenbezogener Daten, die zu wissenschaftlichen oder historischen Forschungszwecken oder zu statistischen Zwecken erfolgt, Widerspruch einzulegen, es sei denn, die Verarbeitung ist zur Erf\u00fcllung einer im \u00f6ffentlichen Interesse liegenden Aufgabe erforderlich.<\/p>\n<p>Das Widerspruchsrecht k\u00f6nnen Sie jederzeit aus\u00fcben, indem Sie sich an den jeweiligen Verantwortlichen wenden.<\/p>\n<p>(9) Automatisierte Entscheidungen im Einzelfall einschliesslich Profiling<\/p>\n<p>Sie haben das Recht, nicht einer ausschliesslich auf einer automatisierten Verarbeitung \u2013 einschliesslich Profiling \u2013 beruhenden Entscheidung unterworfen zu werden, die Ihnen gegen\u00fcber rechtliche Wirkung entfaltet oder Sie in \u00e4hnlicher Weise erheblich beeintr\u00e4chtigt. Dies gilt nicht, wenn die Entscheidung:<\/p>\n<ol>\n<li>f\u00fcr den Abschluss oder die Erf\u00fcllung eines Vertrags zwischen der betroffenen Person und dem Verantwortlichen erforderlich ist,<\/li>\n<li>aufgrund von Rechtsvorschriften des Bundes oder der Mitgliedstaaten, denen der Verantwortliche unterliegt, zul\u00e4ssig ist und diese Rechtsvorschriften angemessene Massnahmen zur Wahrung der Rechte und Freiheiten sowie der berechtigten Interessen der betroffenen Person enthalten oder<\/li>\n<li>mit ausdr\u00fccklicher Einwilligung der betroffenen Person erfolgt.<\/li>\n<\/ol>\n<p>Der Verantwortliche trifft angemessene Massnahmen, um die Rechte und Freiheiten sowie die berechtigten Interessen der betroffenen Person zu wahren, wozu mindestens das Recht auf Erwirkung des Eingreifens einer Person seitens des Verantwortlichen, auf Darlegung des eigenen Standpunkts und auf Anfechtung der Entscheidung geh\u00f6rt.<\/p>\n<p>Dieses Recht kann die betroffene Person jederzeit aus\u00fcben, indem sie sich an den jeweiligen Verantwortlichen wendet.<\/p>\n<p>(10) Recht auf Beschwerde bei einer Aufsichtsbeh\u00f6rde<\/p>\n<p>Sie haben zudem, unbeschadet eines anderweitigen verwaltungsrechtlichen oder gerichtlichen Rechtsbehelfs, das Recht auf Beschwerde bei einer Aufsichtsbeh\u00f6rde, insbesondere in dem Mitgliedstaat ihres Aufenthaltsorts, ihres Arbeitsplatzes oder des Orts des mutmasslichen Verstosses, wenn die betroffene Person der Ansicht ist, dass die \u00adVerarbeitung der sie betreffenden personenbezogenen Daten gegen diese Verordnung verst\u00f6sst.<\/p>\n<p>(11) Recht auf wirksamen gerichtlichen Rechtsbehelf<\/p>\n<p>Sie haben unbeschadet eines verf\u00fcgbaren verwaltungsrechtlichen oder aussergerichtlichen Rechtsbehelfs einschliesslich des Rechts auf Beschwerde bei einer Aufsichtsbeh\u00f6rde das Recht auf einen wirksamen gerichtlichen Rechtsbehelf, wenn sie der Ansicht ist, dass Ihre, aufgrund dieser Verordnung zustehenden Rechte, infolge einer nicht im Einklang mit dieser Verordnung stehenden Verarbeitung Ihrer personenbezogenen Daten verletzt wurden.<\/p>\n<p><strong>Auftragsverarbeiter<\/strong><\/p>\n<p>Wir bedienen uns externen Dienstleister (Auftragsverarbeiter) z. B. f\u00fcr den Versand von Waren, Newsletter oder Zahlungsabwicklungen. Mit dem Dienstleister wurde eine separate Auftragsdatenverarbeitung geschlossen, um den Schutz Ihrer personenbezogenen Daten zu gew\u00e4hrleisten.<\/p>\n<\/div><\/div>\r\n<\/div>\r\n<\/div>\r\n<\/div>","protected":false},"excerpt":{"rendered":"","protected":false},"author":1,"featured_media":0,"parent":0,"menu_order":0,"comment_status":"closed","ping_status":"closed","template":"","meta":{"_acf_changed":false,"_et_pb_use_builder":"on","_et_pb_old_content":"","_et_gb_content_width":"","iawp_total_views":2,"footnotes":""},"dipi_cpt_category":[],"class_list":["post-25977861","page","type-page","status-publish","hentry"],"acf":[],"_links":{"self":[{"href":"https:\/\/staging.portosofie.ch\/en\/wp-json\/wp\/v2\/pages\/25977861","targetHints":{"allow":["GET"]}}],"collection":[{"href":"https:\/\/staging.portosofie.ch\/en\/wp-json\/wp\/v2\/pages"}],"about":[{"href":"https:\/\/staging.portosofie.ch\/en\/wp-json\/wp\/v2\/types\/page"}],"author":[{"embeddable":true,"href":"https:\/\/staging.portosofie.ch\/en\/wp-json\/wp\/v2\/users\/1"}],"replies":[{"embeddable":true,"href":"https:\/\/staging.portosofie.ch\/en\/wp-json\/wp\/v2\/comments?post=25977861"}],"version-history":[{"count":0,"href":"https:\/\/staging.portosofie.ch\/en\/wp-json\/wp\/v2\/pages\/25977861\/revisions"}],"wp:attachment":[{"href":"https:\/\/staging.portosofie.ch\/en\/wp-json\/wp\/v2\/media?parent=25977861"}],"wp:term":[{"taxonomy":"dipi_cpt_category","embeddable":true,"href":"https:\/\/staging.portosofie.ch\/en\/wp-json\/wp\/v2\/dipi_cpt_category?post=25977861"}],"curies":[{"name":"wp","href":"https:\/\/api.w.org\/{rel}","templated":true}]}}