{"id":262,"date":"2026-02-21T17:32:36","date_gmt":"2026-02-21T16:32:36","guid":{"rendered":"https:\/\/server-wechsel.de\/?page_id=262"},"modified":"2026-03-15T11:48:58","modified_gmt":"2026-03-15T10:48:58","slug":"geniessen","status":"publish","type":"page","link":"https:\/\/staging.portosofie.ch\/en\/geniessen\/","title":{"rendered":"Geniessen"},"content":{"rendered":"<div class=\"et_pb_section_0 et_pb_section et_section_regular et_block_section section_has_divider et_pb_bottom_divider\">\r\n<div class=\"et_pb_row_0 et_pb_row et_block_row\">\r\n<div class=\"et_pb_column_0 et_pb_column et_pb_column_2_5 et_block_column et_pb_column_empty et_pb_css_mix_blend_mode_passthrough\"><\/div>\r\n\r\n<div class=\"et_pb_column_1 et_pb_column et_pb_column_3_5 et-last-child et_block_column et_pb_css_mix_blend_mode_passthrough\">\r\n<div class=\"et_pb_text_0 et_pb_text et_pb_bg_layout_dark et_pb_module et_block_module\"><div class=\"et_pb_text_inner\"><h1>Geniessen am Seerhein<\/h1>\n<\/div><\/div>\r\n<\/div>\r\n<\/div>\r\n<div class=\"et_pb_bottom_inside_divider et-no-transition\"><\/div><\/div>\r\n\r\n<div class=\"et_pb_section_1 et_pb_section et_section_regular et_block_section\">\r\n<div class=\"et_pb_row_1 et_pb_row et_block_row\">\r\n<div class=\"et_pb_column_2 et_pb_column et_pb_column_4_4 et-last-child et_block_column et_pb_css_mix_blend_mode_passthrough\">\r\n<div class=\"et_pb_text_1 et_pb_text et_pb_bg_layout_light et_pb_module et_block_module\"><div class=\"et_pb_text_inner\"><h2>Geniessen...<\/h2>\n<p>sie unsere Kulinarik am Seerhein mit unseren verschiedenen Kreationen a la carte. F\u00fcr Feste und Feierlichkeiten bieten wir Ihnen gerne verschiedene und interessante M\u00f6glichkeiten wie bspw. klassischer Apero, dynamisches Flying Dinner, gemeinschaftliche Tavolata oder sogar ein unterhaltsames und Sommeliergef\u00fchrtes Spirituosendinner.<\/p>\n<\/div><\/div>\r\n<\/div>\r\n<\/div>\r\n<\/div>\r\n\r\n<div class=\"et_pb_section_2 et_pb_section et_section_regular et_block_section\">\r\n<div class=\"et_pb_row_2 et_pb_row et_flex_row\">\r\n<div class=\"et_pb_column_3 et_pb_column et_flex_column et_pb_css_mix_blend_mode_passthrough et_flex_column_12_24 et_flex_column_24_24_tablet et_flex_column_24_24_phone\">\r\n<div class=\"et_pb_image_0 et_pb_image et_pb_module et_flex_module\"><span class=\"et_pb_image_wrap\"><img loading=\"lazy\" decoding=\"async\" src=\"https:\/\/staging.portosofie.ch\/wp-content\/uploads\/2026\/02\/Hotel-Porto-Sofie-Brasserie-Rindstartar.webp\" title=\"Hotel-Porto-Sofie-Brasserie-Rindstartar\" width=\"2560\" height=\"1707\" srcset=\"https:\/\/staging.portosofie.ch\/wp-content\/uploads\/2026\/02\/Hotel-Porto-Sofie-Brasserie-Rindstartar.webp 2560w, https:\/\/staging.portosofie.ch\/wp-content\/uploads\/2026\/02\/Hotel-Porto-Sofie-Brasserie-Rindstartar-1280x854.webp 1280w, https:\/\/staging.portosofie.ch\/wp-content\/uploads\/2026\/02\/Hotel-Porto-Sofie-Brasserie-Rindstartar-980x653.webp 980w, https:\/\/staging.portosofie.ch\/wp-content\/uploads\/2026\/02\/Hotel-Porto-Sofie-Brasserie-Rindstartar-480x320.webp 480w\" sizes=\"(min-width: 0px) and (max-width: 480px) 480px, (min-width: 481px) and (max-width: 980px) 980px, (min-width: 981px) and (max-width: 1280px) 1280px, (min-width: 1281px) 2560px, 100vw\" class=\"wp-image-266\" \/><\/span><\/div>\r\n<\/div>\r\n\r\n<div class=\"et_pb_column_4 et_pb_column et-last-child et_flex_column et_pb_css_mix_blend_mode_passthrough et_flex_column_12_24 et_flex_column_24_24_tablet et_flex_column_24_24_phone\">\r\n<div class=\"et_pb_text_2 et_pb_text et_pb_bg_layout_light et_pb_module et_block_module\"><div class=\"et_pb_text_inner\"><h2>Brasserie<\/h2>\n<\/div><\/div>\r\n\r\n<div class=\"et_pb_text_3 et_pb_text et_pb_bg_layout_light et_pb_module et_block_module\"><div class=\"et_pb_text_inner\"><p>Unsere Brasserie am Seerhein vereint zeitlose, klassische K\u00fcche in elegantem Ambiente. Hier verschmelzen regionale Zutaten und global inspirierte Cuisine zu einem kulinarischen Erlebnis. Genuss und herzliche Gastlichkeit stehen bei uns im Fokus. In historischem Gem\u00e4uer mit atemberaubendem Ausblick bieten wir erlesene Weine, kreative Drinks und eine entspannte Lounge-Bar. Willkommen im Porto Sofie \u2013 wo Geschmack auf Atmosph\u00e4re trifft.<\/p>\n<\/div><\/div>\r\n\r\n<div class=\"et_pb_module et_pb_button_module_wrapper et_pb_button_0_wrapper\"><a class=\"et_pb_button_0 et_pb_button et_pb_bg_layout_light et_pb_module et_block_module\" href=\"\/en\/brasserie\/\" target=\"_blank\">Zur Brasserie<\/a><\/div>\r\n<\/div>\r\n<\/div>\r\n\r\n<div class=\"et_pb_row_3 et_pb_row et_block_row\">\r\n<div class=\"et_pb_column_5 et_pb_column et_pb_column_4_4 et-last-child et_block_column et_pb_css_mix_blend_mode_passthrough\">\r\n<div class=\"et_pb_divider_0 et_pb_divider et_pb_space et_pb_divider_position_top et_pb_module\"><div class=\"et_pb_divider_internal\"><\/div><\/div>\r\n<\/div>\r\n<\/div>\r\n\r\n<div class=\"et_pb_row_4 et_pb_row et_flex_row\">\r\n<div class=\"et_pb_column_6 et_pb_column et_flex_column et_pb_css_mix_blend_mode_passthrough et_flex_column_12_24 et_flex_column_24_24_tablet et_flex_column_24_24_phone\">\r\n<div class=\"et_pb_text_4 et_pb_text et_pb_bg_layout_light et_pb_module et_block_module\"><div class=\"et_pb_text_inner\"><h2>Caf\u00e9<\/h2>\n<\/div><\/div>\r\n\r\n<div class=\"et_pb_text_5 et_pb_text et_pb_bg_layout_light et_pb_module et_block_module\"><div class=\"et_pb_text_inner\"><p>Unser Art Deco Caf\u00e9 im Porto Sofie erwartet Sie an der malerischen Seerhein-Promenade und bietet die ideale Umgebung f\u00fcr erstklassigen Kaffeegenuss. In diesem stilvollen Ambiente k\u00f6nnen Sie unsere exquisiten Kaffeespezialit\u00e4ten zu jeder Tageszeit genie\u00dfen. Wir hei\u00dfen Sie herzlich willkommen zu einem unvergesslichen Genusserlebnis, bei dem Kaffee, Atmosph\u00e4re und Gastfreundschaft perfekt harmonieren.<\/p>\n<p>In unserem Caf\u00e9 haben Sie die M\u00f6glichkeit, unsere Kaffeespezialit\u00e4ten zusammen mit einer erlesenen Auswahl an s\u00fcssen und herzhaften K\u00f6stlichkeiten zu geniessen. Mit unseren original italienischen Glace-Sorten sowie der abwechslungsreichen Kuchen- und Tortenauswahl, finden Sie bei uns immer etwas, das Ihren Tag vers\u00fcsst.<\/p>\n<p>F\u00fcr einen perfekten Start in den Tag bieten wir auch Fr\u00fchst\u00fcck an. Von frischem Gipfeli und Bircherm\u00fcsli bis hin zum mittelgro\u00dfen Fr\u00fchst\u00fcck oder sogar dem Fr\u00fchst\u00fccksbuffet ist f\u00fcr jeden Geschmack etwas dabei.<\/p>\n<p>Und jeden Sonntag (Oktober bis Mai) k\u00f6nnen Sie bei uns ein reichhaltiges Brunch-Buffet genie\u00dfen.<\/p>\n<\/div><\/div>\r\n\r\n<div class=\"et_pb_module et_pb_button_module_wrapper et_pb_button_1_wrapper\"><a class=\"et_pb_button_1 et_pb_button et_pb_bg_layout_light et_pb_module et_block_module\" href=\"\/en\/cafe\/\" target=\"_blank\">Zum Caf\u00e9<\/a><\/div>\r\n<\/div>\r\n\r\n<div class=\"et_pb_column_7 et_pb_column et-last-child et_flex_column et_pb_css_mix_blend_mode_passthrough et_flex_column_12_24 et_flex_column_24_24_tablet et_flex_column_24_24_phone\">\r\n<div class=\"et_pb_image_1 et_pb_image et_pb_module et_flex_module\"><span class=\"et_pb_image_wrap\"><img loading=\"lazy\" decoding=\"async\" src=\"https:\/\/staging.portosofie.ch\/wp-content\/uploads\/2026\/02\/Porto-Sofie-Cappucino.jpg\" title=\"Porto-Sofie-Cappucino\" width=\"1920\" height=\"1601\" srcset=\"https:\/\/staging.portosofie.ch\/wp-content\/uploads\/2026\/02\/Porto-Sofie-Cappucino.jpg 1920w, https:\/\/staging.portosofie.ch\/wp-content\/uploads\/2026\/02\/Porto-Sofie-Cappucino-1280x1067.jpg 1280w, https:\/\/staging.portosofie.ch\/wp-content\/uploads\/2026\/02\/Porto-Sofie-Cappucino-980x817.jpg 980w, https:\/\/staging.portosofie.ch\/wp-content\/uploads\/2026\/02\/Porto-Sofie-Cappucino-480x400.jpg 480w\" sizes=\"(min-width: 0px) and (max-width: 480px) 480px, (min-width: 481px) and (max-width: 980px) 980px, (min-width: 981px) and (max-width: 1280px) 1280px, (min-width: 1281px) 1920px, 100vw\" class=\"wp-image-267\" \/><\/span><\/div>\r\n<\/div>\r\n<\/div>\r\n\r\n<div class=\"et_pb_row_5 et_pb_row et_block_row\">\r\n<div class=\"et_pb_column_8 et_pb_column et_pb_column_4_4 et-last-child et_block_column et_pb_css_mix_blend_mode_passthrough\">\r\n<div class=\"et_pb_divider_1 et_pb_divider et_pb_space et_pb_divider_position_top et_pb_module\"><div class=\"et_pb_divider_internal\"><\/div><\/div>\r\n<\/div>\r\n<\/div>\r\n\r\n<div class=\"et_pb_row_6 et_pb_row et_flex_row\">\r\n<div class=\"et_pb_column_9 et_pb_column et_flex_column et_pb_css_mix_blend_mode_passthrough et_flex_column_12_24 et_flex_column_24_24_tablet et_flex_column_24_24_phone\">\r\n<div class=\"et_pb_image_2 et_pb_image et_pb_module et_flex_module\"><span class=\"et_pb_image_wrap\"><img loading=\"lazy\" decoding=\"async\" src=\"https:\/\/staging.portosofie.ch\/wp-content\/uploads\/2026\/02\/Bar-Hotel-Porto-Sofie-in-Gottlieben-Thurgau-bei-Kreuzlingen-am-Bodensee.jpg\" title=\"Bar-Hotel-Porto-Sofie-in-Gottlieben-Thurgau-bei-Kreuzlingen-am-Bodensee\" width=\"1920\" height=\"1441\" srcset=\"https:\/\/staging.portosofie.ch\/wp-content\/uploads\/2026\/02\/Bar-Hotel-Porto-Sofie-in-Gottlieben-Thurgau-bei-Kreuzlingen-am-Bodensee.jpg 1920w, https:\/\/staging.portosofie.ch\/wp-content\/uploads\/2026\/02\/Bar-Hotel-Porto-Sofie-in-Gottlieben-Thurgau-bei-Kreuzlingen-am-Bodensee-1280x961.jpg 1280w, https:\/\/staging.portosofie.ch\/wp-content\/uploads\/2026\/02\/Bar-Hotel-Porto-Sofie-in-Gottlieben-Thurgau-bei-Kreuzlingen-am-Bodensee-980x736.jpg 980w, https:\/\/staging.portosofie.ch\/wp-content\/uploads\/2026\/02\/Bar-Hotel-Porto-Sofie-in-Gottlieben-Thurgau-bei-Kreuzlingen-am-Bodensee-480x360.jpg 480w\" sizes=\"(min-width: 0px) and (max-width: 480px) 480px, (min-width: 481px) and (max-width: 980px) 980px, (min-width: 981px) and (max-width: 1280px) 1280px, (min-width: 1281px) 1920px, 100vw\" class=\"wp-image-307\" \/><\/span><\/div>\r\n<\/div>\r\n\r\n<div class=\"et_pb_column_10 et_pb_column et-last-child et_flex_column et_pb_css_mix_blend_mode_passthrough et_flex_column_12_24 et_flex_column_24_24_tablet et_flex_column_24_24_phone\">\r\n<div class=\"et_pb_text_6 et_pb_text et_pb_bg_layout_light et_pb_module et_block_module\"><div class=\"et_pb_text_inner\"><h2>Bar<\/h2>\n<\/div><\/div>\r\n\r\n<div class=\"et_pb_text_7 et_pb_text et_pb_bg_layout_light et_pb_module et_block_module\"><div class=\"et_pb_text_inner\"><p>Inmitten des malerischen Ortes Gottlieben befindet sich unser Art-Deco Bar mit einem Barteam, dass mit Leidenschaft und Fachkenntnis feinste Spirituosen und sorgf\u00e4ltig ausgew\u00e4hlte Zutaten zu aussergew\u00f6hnlichen Getr\u00e4nken vereint. Dies geschieht in einer einzigartigen Atmosph\u00e4re, die gepr\u00e4gt ist von stilvollem Ambiente, herzhafter Gastlichkeit und handwerklichem Geschick.<\/p>\n<p>Unser Engagement f\u00fcr Qualit\u00e4t und Raffinesse spiegelt sich in jedem von uns kreierten Drink wider. Wir sind stolz darauf, innovative Kreationen anzubieten und gleichzeitig die zeitlosen Klassiker der Barwelt zu ehren. Unsere Drinks sind nicht nur Getr\u00e4nke, sondern wahre Kunstwerke, die die Sinne ansprechen und unvergessliche Geschmackserlebnisse schaffen.<\/p>\n<\/div><\/div>\r\n\r\n<div class=\"et_pb_module et_pb_button_module_wrapper et_pb_button_2_wrapper\"><a class=\"et_pb_button_2 et_pb_button et_pb_bg_layout_light et_pb_module et_block_module\" href=\"\/en\/bar\/\" target=\"_blank\">Zur Bar<\/a><\/div>\r\n<\/div>\r\n<\/div>\r\n<\/div>","protected":false},"excerpt":{"rendered":"","protected":false},"author":1,"featured_media":0,"parent":0,"menu_order":0,"comment_status":"closed","ping_status":"closed","template":"","meta":{"_acf_changed":false,"_et_pb_use_builder":"on","_et_pb_old_content":"","_et_gb_content_width":"","iawp_total_views":3,"footnotes":""},"dipi_cpt_category":[],"class_list":["post-262","page","type-page","status-publish","hentry"],"acf":[],"_links":{"self":[{"href":"https:\/\/staging.portosofie.ch\/en\/wp-json\/wp\/v2\/pages\/262","targetHints":{"allow":["GET"]}}],"collection":[{"href":"https:\/\/staging.portosofie.ch\/en\/wp-json\/wp\/v2\/pages"}],"about":[{"href":"https:\/\/staging.portosofie.ch\/en\/wp-json\/wp\/v2\/types\/page"}],"author":[{"embeddable":true,"href":"https:\/\/staging.portosofie.ch\/en\/wp-json\/wp\/v2\/users\/1"}],"replies":[{"embeddable":true,"href":"https:\/\/staging.portosofie.ch\/en\/wp-json\/wp\/v2\/comments?post=262"}],"version-history":[{"count":0,"href":"https:\/\/staging.portosofie.ch\/en\/wp-json\/wp\/v2\/pages\/262\/revisions"}],"wp:attachment":[{"href":"https:\/\/staging.portosofie.ch\/en\/wp-json\/wp\/v2\/media?parent=262"}],"wp:term":[{"taxonomy":"dipi_cpt_category","embeddable":true,"href":"https:\/\/staging.portosofie.ch\/en\/wp-json\/wp\/v2\/dipi_cpt_category?post=262"}],"curies":[{"name":"wp","href":"https:\/\/api.w.org\/{rel}","templated":true}]}}