{"id":27585721,"date":"2026-03-27T15:56:29","date_gmt":"2026-03-27T14:56:29","guid":{"rendered":"https:\/\/server-wechsel.de\/?page_id=27585721"},"modified":"2026-03-27T16:00:35","modified_gmt":"2026-03-27T15:00:35","slug":"firmen","status":"publish","type":"page","link":"https:\/\/staging.portosofie.ch\/en\/firmen\/","title":{"rendered":"Firmen"},"content":{"rendered":"<div class=\"et_pb_section_0 et_pb_section et_section_regular et_block_section section_has_divider et_pb_bottom_divider\">\n<div class=\"et_pb_row_0 et_pb_row et_block_row\">\n<div class=\"et_pb_column_0 et_pb_column et_pb_column_2_5 et_block_column et_pb_column_empty et_pb_css_mix_blend_mode_passthrough\"><\/div>\n\n<div class=\"et_pb_column_1 et_pb_column et_pb_column_3_5 et-last-child et_block_column et_pb_css_mix_blend_mode_passthrough\">\n<div class=\"et_pb_text_0 et_pb_text et_pb_bg_layout_dark et_pb_module et_block_module\"><div class=\"et_pb_text_inner\"><h1>Firmen<\/h1>\n<\/div><\/div>\n<\/div>\n<\/div>\n<div class=\"et_pb_bottom_inside_divider et-no-transition\"><\/div><\/div>\n\n<div class=\"et_pb_section_1 et_pb_section et_section_regular et_block_section\">\n<div class=\"et_pb_row_1 et_pb_row et_block_row\">\n<div class=\"et_pb_column_2 et_pb_column et_pb_column_4_4 et-last-child et_block_column et_pb_css_mix_blend_mode_passthrough\">\n<div class=\"et_pb_text_1 et_pb_text et_pb_bg_layout_light et_pb_module et_block_module\"><div class=\"et_pb_text_inner\"><h2>Nur f\u00fcr Firmen...<\/h2>\n<p>Ob Mitarbeiteraufenthalt, Seminar, Firmenessen oder gesch\u00e4ftliche \u00dcbernachtung \u2013 im Hotel Porto Sofie in Gottlieben finden Unternehmen den passenden Rahmen f\u00fcr Business und Genuss direkt am Seerhein.<\/p>\n<p>Firmen profitieren im Hotel Porto Sofie von attraktiven Firmenraten, flexiblen \u00dcbernachtungsm\u00f6glichkeiten und einer idealen Lage f\u00fcr Mitarbeiter, Kunden und Gesch\u00e4ftspartner \u2013 ganzj\u00e4hrig, auch ausserhalb der klassischen Hochsaison.<\/p>\n<\/div><\/div>\n\n<div class=\"et_pb_module et_pb_button_module_wrapper et_pb_button_0_wrapper\"><a class=\"et_pb_button_0 et_pb_button et_pb_bg_layout_light et_pb_module et_block_module\" href=\"mailto:info@portosofie.ch\">Firmenraten anfragen<\/a><\/div>\n<\/div>\n<\/div>\n<\/div>\n\n<div class=\"et_pb_section_2 et_pb_section et_section_regular et_block_section tbvs-section-dark\">\n<div class=\"et_pb_row_2 et_pb_row et_block_row\">\n<div class=\"et_pb_column_3 et_pb_column et_pb_column_4_4 et-last-child et_block_column et_pb_css_mix_blend_mode_passthrough\">\n<div class=\"et_pb_text_2 et_pb_text et_pb_bg_layout_dark et_pb_module et_block_module\"><div class=\"et_pb_text_inner\"><h2>Vorteile mit Firmenraten<br \/>\nim Hotel Porto Sofie<\/h2>\n<\/div><\/div>\n\n<div class=\"et_pb_text_3 et_pb_text et_pb_bg_layout_dark et_pb_module et_block_module\"><div class=\"et_pb_text_inner\"><p>Unternehmen profitieren bei uns von attraktiven Firmenraten f\u00fcr gesch\u00e4ftliche \u00dcbernachtungen \u2013 ideal f\u00fcr Mitarbeiter, Kunden und Gesch\u00e4ftspartner. Auch ausserhalb der Hochsaison bieten wir eine stilvolle Unterkunft in bester Lage direkt am Seerhein.<\/p>\n<\/div><\/div>\n<\/div>\n<\/div>\n\n<div class=\"et_pb_row_3 et_pb_row et_pb_equal_columns et_pb_gutters1 et_block_row\">\n<div class=\"et_pb_column_4 et_pb_column et_pb_column_1_3 et_block_column et_pb_css_mix_blend_mode_passthrough\">\n<div class=\"et_pb_text_4 et_pb_text et_pb_bg_layout_light et_pb_module et_block_module\"><div class=\"et_pb_text_inner\"><h2>Attraktive Firmenraten<\/h2>\n<\/div><\/div>\n\n<div class=\"et_pb_text_5 et_pb_text et_pb_bg_layout_light et_pb_module et_block_module\"><div class=\"et_pb_text_inner\"><p>Unternehmen profitieren bei uns von den Firmenraten f\u00fcr gesch\u00e4ftliche Aufenthalte. Ob einzelne \u00dcbernachtungen oder regelm\u00e4ssige Buchungen \u2013 <br \/>Wir bieten passende Konditionen.<\/p>\n<\/div><\/div>\n<\/div>\n\n<div class=\"et_pb_column_5 et_pb_column et_pb_column_1_3 et_block_column et_pb_css_mix_blend_mode_passthrough\">\n<div class=\"et_pb_text_6 et_pb_text et_pb_bg_layout_light et_pb_module et_block_module\"><div class=\"et_pb_text_inner\"><h2>Ideal f\u00fcr Firmenkunden<\/h2>\n<\/div><\/div>\n\n<div class=\"et_pb_text_7 et_pb_text et_pb_bg_layout_light et_pb_module et_block_module\"><div class=\"et_pb_text_inner\"><p>Unser Hotel eignet sich ideal f\u00fcr Mitarbeitende, Gesch\u00e4ftspartner oder Kunden, die in der Region \u00fcbernachten. Die ruhige Lage, der pers\u00f6nliche Service und die angenehme Atmosph\u00e4re sorgen f\u00fcr einen entspannten Aufenthalt.<\/p>\n<\/div><\/div>\n<\/div>\n\n<div class=\"et_pb_column_6 et_pb_column et_pb_column_1_3 et-last-child et_block_column et_pb_css_mix_blend_mode_passthrough\">\n<div class=\"et_pb_text_8 et_pb_text et_pb_bg_layout_light et_pb_module et_block_module\"><div class=\"et_pb_text_inner\"><h2>Ganzj\u00e4hrig interessant<\/h2>\n<\/div><\/div>\n\n<div class=\"et_pb_text_9 et_pb_text et_pb_bg_layout_light et_pb_module et_block_module\"><div class=\"et_pb_text_inner\"><p>Firmen buchen nicht nur in der Hochsaison. Auch in der Nebensaison ist das Hotel Porto Sofie eine attraktive Adresse f\u00fcr gesch\u00e4ftliche \u00dcbernachtungen mit flexiblen M\u00f6glichkeiten und passenden Firmenkonditionen.<\/p>\n<\/div><\/div>\n<\/div>\n<\/div>\n<\/div>\n\n<div class=\"et_pb_section_3 et_pb_section et_section_regular et_block_section tbvs-section-light\">\n<div class=\"et_pb_row_4 et_pb_row et_block_row\">\n<div class=\"et_pb_column_7 et_pb_column et_pb_column_3_5 et_block_column et_pb_css_mix_blend_mode_passthrough\">\n<div class=\"et_pb_image_0 et_pb_image et_pb_module et_block_module\"><span class=\"et_pb_image_wrap\"><img loading=\"lazy\" decoding=\"async\" src=\"https:\/\/staging.portosofie.ch\/wp-content\/uploads\/Hotel-Porto-Sofie-Lage-in-Gottlieben-in-Thurgau-bei-Konstanz-Fuer-Firmen-scaled-1.png\" width=\"2560\" height=\"1591\" srcset=\"https:\/\/staging.portosofie.ch\/wp-content\/uploads\/Hotel-Porto-Sofie-Lage-in-Gottlieben-in-Thurgau-bei-Konstanz-Fuer-Firmen-scaled-1.png 2560w, https:\/\/staging.portosofie.ch\/wp-content\/uploads\/Hotel-Porto-Sofie-Lage-in-Gottlieben-in-Thurgau-bei-Konstanz-Fuer-Firmen-scaled-1-1280x796.png 1280w, https:\/\/staging.portosofie.ch\/wp-content\/uploads\/Hotel-Porto-Sofie-Lage-in-Gottlieben-in-Thurgau-bei-Konstanz-Fuer-Firmen-scaled-1-980x609.png 980w, https:\/\/staging.portosofie.ch\/wp-content\/uploads\/Hotel-Porto-Sofie-Lage-in-Gottlieben-in-Thurgau-bei-Konstanz-Fuer-Firmen-scaled-1-480x298.png 480w\" sizes=\"(min-width: 0px) and (max-width: 480px) 480px, (min-width: 481px) and (max-width: 980px) 980px, (min-width: 981px) and (max-width: 1280px) 1280px, (min-width: 1281px) 2560px, 100vw\" class=\"wp-image-27585724\" title=\"Hotel Porto Sofie Lage in Gottlieben in Thurgau bei Konstanz, Fu\u0308r Firmen\" \/><\/span><\/div>\n<\/div>\n\n<div class=\"et_pb_column_8 et_pb_column et_pb_column_2_5 et-last-child et_block_column et_pb_css_mix_blend_mode_passthrough\">\n<div class=\"et_pb_text_10 et_pb_text et_pb_bg_layout_light et_pb_module et_block_module\"><div class=\"et_pb_text_inner\"><h2>Lage<\/h2>\n<h2>Bodensee<\/h2>\n<\/div><\/div>\n\n<div class=\"et_pb_text_11 et_pb_text et_pb_bg_layout_light et_pb_module et_block_module\"><div class=\"et_pb_text_inner\"><p>Direkt am Seerhein in Gottlieben gelegen, bietet das Hotel Porto Sofie eine besondere Kombination aus Ruhe, Stil und guter Erreichbarkeit. Durch die N\u00e4he zu Kreuzlingen, Konstanz und dem Bahnhof T\u00e4gerwilen-Gottlieben ist unser Haus ideal f\u00fcr gesch\u00e4ftliche \u00dcbernachtungen, Seminare und Aufenthalte von Gesch\u00e4ftsg\u00e4sten in der Region.<\/p>\n<\/div><\/div>\n<\/div>\n<\/div>\n<\/div>\n\n<div class=\"et_pb_section_4 et_pb_section et_section_regular et_block_section\"><\/div>\n\n<div class=\"et_pb_section_5 et_pb_section et_section_regular et_block_section tbvs-section-dark\">\n<div class=\"et_pb_row_5 et_pb_row et_block_row\">\n<div class=\"et_pb_column_9 et_pb_column et_pb_column_4_4 et-last-child et_block_column et_pb_css_mix_blend_mode_passthrough\">\n<div class=\"et_pb_text_12 et_pb_text et_pb_bg_layout_dark et_pb_module et_block_module\"><div class=\"et_pb_text_inner\"><h2>Mehr als nur \u00dcbernachten<\/h2>\n<p>Firmenessen, Seminare und gesch\u00e4ftliche Aufenthalte in besonderer Atmosph\u00e4re<\/p>\n<\/div><\/div>\n\n<div class=\"et_pb_text_13 et_pb_text et_pb_bg_layout_dark et_pb_module et_block_module\"><div class=\"et_pb_text_inner\"><p>Das Hotel Porto Sofie bietet Unternehmen nicht nur attraktive Firmenraten, sondern auch den passenden Rahmen f\u00fcr gesch\u00e4ftliche Treffen, Seminare und gemeinsame Essen. So verbinden Sie Business, Genuss und Erholung an einem besonderen Ort direkt am Seerhein.<\/p>\n<\/div><\/div>\n<\/div>\n<\/div>\n\n<div class=\"et_pb_row_6 et_pb_row et_pb_equal_columns et_pb_gutters1 et_block_row\">\n<div class=\"et_pb_column_10 et_pb_column et_pb_column_1_3 et_block_column et_pb_css_mix_blend_mode_passthrough\">\n<div class=\"et_pb_text_14 et_pb_text et_pb_bg_layout_light et_pb_module et_block_module\"><div class=\"et_pb_text_inner\"><h2>Firmenessen<\/h2>\n<\/div><\/div>\n\n<div class=\"et_pb_text_15 et_pb_text et_pb_bg_layout_light et_pb_module et_block_module\"><div class=\"et_pb_text_inner\"><p>Ob Business-Lunch, Teamabend oder Essen mit Kunden \u2013 unsere Brasserie bietet den passenden Rahmen f\u00fcr kulinarische Anl\u00e4sse in stilvoller Atmosph\u00e4re.<\/p>\n<\/div><\/div>\n<\/div>\n\n<div class=\"et_pb_column_11 et_pb_column et_pb_column_1_3 et_block_column et_pb_css_mix_blend_mode_passthrough\">\n<div class=\"et_pb_text_16 et_pb_text et_pb_bg_layout_light et_pb_module et_block_module\"><div class=\"et_pb_text_inner\"><h2>Seminare &amp; Tagungen<\/h2>\n<\/div><\/div>\n\n<div class=\"et_pb_text_17 et_pb_text et_pb_bg_layout_light et_pb_module et_block_module\"><div class=\"et_pb_text_inner\"><p>F\u00fcr Meetings, Workshops und kleinere Seminare steht Ihnen unser stilvoller Tagungsraum mit passender Ausstattung und pers\u00f6nlichem Service zur Verf\u00fcgung.<\/p>\n<\/div><\/div>\n<\/div>\n\n<div class=\"et_pb_column_12 et_pb_column et_pb_column_1_3 et-last-child et_block_column et_pb_css_mix_blend_mode_passthrough\">\n<div class=\"et_pb_text_18 et_pb_text et_pb_bg_layout_light et_pb_module et_block_module\"><div class=\"et_pb_text_inner\"><h2>\u00dcbernachten mit Mehrwert<\/h2>\n<\/div><\/div>\n\n<div class=\"et_pb_text_19 et_pb_text et_pb_bg_layout_light et_pb_module et_block_module\"><div class=\"et_pb_text_inner\"><p>31 komfortable Zimmer, Fr\u00fchst\u00fcck inklusive und die ruhige Lage am Wasser machen gesch\u00e4ftliche Aufenthalte besonders angenehm.<\/p>\n<\/div><\/div>\n<\/div>\n<\/div>\n\n<div class=\"et_pb_row_7 et_pb_row et_block_row\">\n<div class=\"et_pb_column_13 et_pb_column et_pb_column_4_4 et-last-child et_block_column et_pb_css_mix_blend_mode_passthrough\">\n<div class=\"et_pb_image_1 et_pb_image et_pb_module et_block_module\"><span class=\"et_pb_image_wrap\"><img loading=\"lazy\" decoding=\"async\" src=\"https:\/\/staging.portosofie.ch\/wp-content\/uploads\/2026\/02\/Hotel-Porto-Sofie-Tavolata-1-scaled-1.jpg\" width=\"2560\" height=\"1707\" srcset=\"https:\/\/staging.portosofie.ch\/wp-content\/uploads\/2026\/02\/Hotel-Porto-Sofie-Tavolata-1-scaled-1.jpg 2560w, https:\/\/staging.portosofie.ch\/wp-content\/uploads\/2026\/02\/Hotel-Porto-Sofie-Tavolata-1-scaled-1-1280x854.jpg 1280w, https:\/\/staging.portosofie.ch\/wp-content\/uploads\/2026\/02\/Hotel-Porto-Sofie-Tavolata-1-scaled-1-980x653.jpg 980w, https:\/\/staging.portosofie.ch\/wp-content\/uploads\/2026\/02\/Hotel-Porto-Sofie-Tavolata-1-scaled-1-480x320.jpg 480w\" sizes=\"(min-width: 0px) and (max-width: 480px) 480px, (min-width: 481px) and (max-width: 980px) 980px, (min-width: 981px) and (max-width: 1280px) 1280px, (min-width: 1281px) 2560px, 100vw\" class=\"wp-image-404\" title=\"Hotel Porto Sofie - Tavolata-1\" \/><\/span><\/div>\n<\/div>\n<\/div>\n<\/div>\n\n<div class=\"et_pb_section_6 et_pb_section et_section_regular et_block_section\" id=\"zauber\">\n<div class=\"et_pb_row_8 et_pb_row et_block_row\">\n<div class=\"et_pb_column_14 et_pb_column et_pb_column_4_4 et-last-child et_block_column et_pb_css_mix_blend_mode_passthrough\">\n<div class=\"et_pb_contact_form_0 et_pb_contact_form_container clearfix et_pb_module et_flex_module divi_contact_form_helper_0\" data-form_unique_num=\"0\" data-form_unique_id=\"2efa77bc-2e5f-4c73-9652-88484c70833f\" id=\"et_pb_contact_form_2efa77bc-2e5f-4c73-9652-88484c70833f\" data-form-config='{\"required_fields_text\":\"Please fill in the following fields:\",\"field_error_text\":\"Please fix the following errors:\",\"invalid_email_text\":\"Please enter a valid email address.\",\"required_captcha_text\":\"Please complete the CAPTCHA.\",\"wrong_captcha_text\":\"There was a problem with the captcha verification.\",\"contactFormId\":\"2efa77bc-2e5f-4c73-9652-88484c70833f\"}'><h1 class=\"et_pb_contact_main_title\">Sie sind an den Firmenraten interessiert?<\/h1><span class=\"et_pb_contact_spinner\"><\/span><div class=\"et-pb-contact-message\"><\/div><div class=\"et_pb_contact\"><form class=\"et_pb_contact_form et_flex_module\" method=\"post\" action=\"https:\/\/staging.portosofie.ch\/en\/wp-json\/wp\/v2\/pages\/27585721\" data-trp-original-action=\"https:\/\/staging.portosofie.ch\/en\/wp-json\/wp\/v2\/pages\/27585721\">\n<div class=\"et_pb_contact_field_0 et_pb_contact_field et_pb_module et_flex_module et_flex_column_12_24 et_flex_column_12_24_tablet et_flex_column_12_24_phone\" data-id=\"firma\" data-type=\"input\"><label class=\"et_pb_contact_form_label\" for=\"et_pb_contact_0_firma_0\">Firma<\/label><input type=\"text\" name=\"et_pb_contact_0_firma_0\" id=\"et_pb_contact_0_firma_0\" class=\"input\" data-required_mark=\"required\" data-field_type=\"input\" data-original_id=\"firma\" placeholder=\"Firma *\" title=\"\" value=\"\" aria-required=\"true\"><\/div>\n\n\n<div class=\"et_pb_contact_field_1 et_pb_contact_field et_pb_module et_flex_module et_flex_column_12_24 et_flex_column_12_24_tablet et_flex_column_12_24_phone\" data-id=\"name\" data-type=\"input\"><label class=\"et_pb_contact_form_label\" for=\"et_pb_contact_0_name_1\">Name<\/label><input type=\"text\" name=\"et_pb_contact_0_name_1\" id=\"et_pb_contact_0_name_1\" class=\"input\" data-required_mark=\"required\" data-field_type=\"input\" data-original_id=\"name\" placeholder=\"Name *\" title=\"\" value=\"\" aria-required=\"true\"><\/div>\n\n\n<div class=\"et_pb_contact_field_2 et_pb_contact_field et_pb_module et_flex_module et_flex_column_12_24 et_flex_column_12_24_tablet et_flex_column_12_24_phone\" data-id=\"telefon\" data-type=\"input\"><label class=\"et_pb_contact_form_label\" for=\"et_pb_contact_0_telefon_2\">Telefon<\/label><input type=\"text\" name=\"et_pb_contact_0_telefon_2\" id=\"et_pb_contact_0_telefon_2\" class=\"input\" data-required_mark=\"required\" data-field_type=\"input\" data-original_id=\"telefon\" placeholder=\"Telefon *\" title=\"\" value=\"\" aria-required=\"true\"><\/div>\n\n\n<div class=\"et_pb_contact_field_3 et_pb_contact_field et_pb_module et_flex_module et_flex_column_12_24 et_flex_column_12_24_tablet et_flex_column_12_24_phone\" data-id=\"email\" data-type=\"email\"><label class=\"et_pb_contact_form_label\" for=\"et_pb_contact_0_email_3\">E-Mail-Adresse<\/label><input type=\"text\" name=\"et_pb_contact_0_email_3\" id=\"et_pb_contact_0_email_3\" class=\"input\" data-required_mark=\"required\" data-field_type=\"email\" data-original_id=\"email\" placeholder=\"E-Mail-Adresse *\" title=\"\" value=\"\" aria-required=\"true\"><\/div>\n\n\n<div class=\"et_pb_contact_field_4 et_pb_contact_field et_pb_module et_flex_module et_flex_column_24_24 et_flex_column_24_24_tablet et_flex_column_24_24_phone\" data-id=\"nachricht\" data-type=\"text\"><label class=\"et_pb_contact_form_label\" for=\"et_pb_contact_0_nachricht_4\">Nachricht<\/label><textarea name=\"et_pb_contact_0_nachricht_4\" id=\"et_pb_contact_0_nachricht_4\" class=\"et_pb_contact_message input\" data-required_mark=\"required\" data-field_type=\"text\" data-original_id=\"nachricht\" placeholder=\"Nachricht *\" pattern=\"\" minlength=\"\" maxlength=\"\" title=\"\" aria-required=\"true\"><\/textarea><\/div>\n\n<input type=\"hidden\" name=\"et_pb_contactform_submit_2efa77bc-2e5f-4c73-9652-88484c70833f\" value=\"et_contact_proccess\"><div class=\"et_contact_bottom_container\"><div class=\"et_pb_button_wrapper\"><button type=\"submit\" name=\"et_builder_submit_button\" class=\"et_pb_button et_pb_contact_submit\" data-wait-text=\"Please Wait...\">Nachricht senden<\/button><\/div><\/div><input type=\"hidden\" id=\"_wpnonce-et-pb-contact-form-submitted-2efa77bc-2e5f-4c73-9652-88484c70833f\" name=\"_wpnonce-et-pb-contact-form-submitted-2efa77bc-2e5f-4c73-9652-88484c70833f\" value=\"c229e6df8c\"><input type=\"hidden\" name=\"_wp_http_referer\" value=\"\/en\/wp-json\/wp\/v2\/pages\/27585721\"><input type=\"hidden\" readonly inputmode=\"none\" name=\"et_pb_contact_field_referer_url\" value=\"\"><input type=\"hidden\" name=\"trp-form-language\" value=\"en\"\/><\/form><\/div><div class=\"et_pb_contact_form_overlay\"><div class=\"et_pb_contact_form_loader_spinner\"><\/div><\/div><\/div>\n\n<\/div>\n<\/div>\n<\/div>","protected":false},"excerpt":{"rendered":"","protected":false},"author":1,"featured_media":0,"parent":0,"menu_order":0,"comment_status":"closed","ping_status":"closed","template":"","meta":{"_acf_changed":false,"_et_pb_use_builder":"on","_et_pb_old_content":"","_et_gb_content_width":"","iawp_total_views":0,"footnotes":""},"dipi_cpt_category":[],"class_list":["post-27585721","page","type-page","status-publish","hentry"],"acf":[],"_links":{"self":[{"href":"https:\/\/staging.portosofie.ch\/en\/wp-json\/wp\/v2\/pages\/27585721","targetHints":{"allow":["GET"]}}],"collection":[{"href":"https:\/\/staging.portosofie.ch\/en\/wp-json\/wp\/v2\/pages"}],"about":[{"href":"https:\/\/staging.portosofie.ch\/en\/wp-json\/wp\/v2\/types\/page"}],"author":[{"embeddable":true,"href":"https:\/\/staging.portosofie.ch\/en\/wp-json\/wp\/v2\/users\/1"}],"replies":[{"embeddable":true,"href":"https:\/\/staging.portosofie.ch\/en\/wp-json\/wp\/v2\/comments?post=27585721"}],"version-history":[{"count":0,"href":"https:\/\/staging.portosofie.ch\/en\/wp-json\/wp\/v2\/pages\/27585721\/revisions"}],"wp:attachment":[{"href":"https:\/\/staging.portosofie.ch\/en\/wp-json\/wp\/v2\/media?parent=27585721"}],"wp:term":[{"taxonomy":"dipi_cpt_category","embeddable":true,"href":"https:\/\/staging.portosofie.ch\/en\/wp-json\/wp\/v2\/dipi_cpt_category?post=27585721"}],"curies":[{"name":"wp","href":"https:\/\/api.w.org\/{rel}","templated":true}]}}