{"id":27585942,"date":"2026-04-03T16:09:30","date_gmt":"2026-04-03T14:09:30","guid":{"rendered":"https:\/\/server-wechsel.de\/?page_id=27585942"},"modified":"2026-04-03T16:24:15","modified_gmt":"2026-04-03T14:24:15","slug":"feiern","status":"publish","type":"page","link":"https:\/\/staging.portosofie.ch\/en\/feiern\/","title":{"rendered":"Feiern"},"content":{"rendered":"<div class=\"et_pb_section_0 et_pb_section et_section_regular et_block_section\">\r\n\r\n<div class=\"et_pb_row_0 et_pb_row et_block_row\">\r\n\r\n<div class=\"et_pb_column_0 et_pb_column et_pb_column_3_5 et_block_column et_pb_css_mix_blend_mode_passthrough\">\r\n\r\n<div class=\"et_pb_text_0 et_pb_text et_pb_bg_layout_dark et_pb_module et_block_module\"><div class=\"et_pb_text_inner\"><h1>Feiern am Seerhein<\/h1>\n<\/div><\/div><\/div>\r\n\r\n<div class=\"et_pb_column_1 et_pb_column et_pb_column_2_5 et-last-child et_block_column et_pb_column_empty et_pb_css_mix_blend_mode_passthrough\"><\/div><\/div><\/div>\r\n\r\n<div class=\"et_pb_section_1 et_pb_section et_section_regular et_block_section\">\r\n\r\n<div class=\"et_pb_row_1 et_pb_row et_block_row\">\r\n\r\n<div class=\"et_pb_column_2 et_pb_column et_pb_column_4_4 et-last-child et_block_column et_pb_css_mix_blend_mode_passthrough\">\r\n\r\n<div class=\"et_pb_text_1 et_pb_text et_pb_bg_layout_light et_pb_module et_block_module\"><div class=\"et_pb_text_inner\"><p>F\u00fcr jede Jahreszeit und einzigartigen Events bieten wir f\u00fcr G\u00e4ste aus der ganzen Umgebung verschiedene Feierlichkeiten und Ereignisse an.<\/p>\n<\/div><\/div><\/div><\/div><\/div>\r\n\r\n<div class=\"et_pb_section_2 et_pb_section et_section_regular et_block_section\">\r\n\r\n<div class=\"et_pb_row_2 et_pb_row et_flex_row\">\r\n\r\n<div class=\"et_pb_column_3 et_pb_column et_flex_column et_pb_css_mix_blend_mode_passthrough et_flex_column_12_24 et_flex_column_12_24_tablet et_flex_column_24_24_phone\">\r\n\r\n<div class=\"et_pb_image_0 et_pb_image et_pb_module et_block_module\"><span class=\"et_pb_image_wrap\"><img loading=\"lazy\" decoding=\"async\" src=\"https:\/\/staging.portosofie.ch\/wp-content\/uploads\/2026\/02\/Apero-Hotel-Porto-Sofie-in-Gottlieben-Erleben-am-Seerhein-in-Thurgau.jpg\" width=\"1000\" height=\"1000\" srcset=\"https:\/\/staging.portosofie.ch\/wp-content\/uploads\/2026\/02\/Apero-Hotel-Porto-Sofie-in-Gottlieben-Erleben-am-Seerhein-in-Thurgau.jpg 1000w, https:\/\/staging.portosofie.ch\/wp-content\/uploads\/2026\/02\/Apero-Hotel-Porto-Sofie-in-Gottlieben-Erleben-am-Seerhein-in-Thurgau-980x980.jpg 980w, https:\/\/staging.portosofie.ch\/wp-content\/uploads\/2026\/02\/Apero-Hotel-Porto-Sofie-in-Gottlieben-Erleben-am-Seerhein-in-Thurgau-480x480.jpg 480w\" sizes=\"(min-width: 0px) and (max-width: 480px) 480px, (min-width: 481px) and (max-width: 980px) 980px, (min-width: 981px) 1000px, 100vw\" class=\"wp-image-251\" title=\"Apero - Hotel Porto Sofie in Gottlieben - Erleben am Seerhein in Thurgau\" alt=\"Hotel Porto Sofie Ape\u0301ro an der Promenade-1\" \/><\/span><\/div><\/div>\r\n\r\n<div class=\"et_pb_column_4 et_pb_column et-last-child et_flex_column et_pb_css_mix_blend_mode_passthrough et_flex_column_12_24 et_flex_column_12_24_tablet et_flex_column_24_24_phone\">\r\n\r\n<div class=\"et_pb_text_2 et_pb_text et_pb_bg_layout_light et_pb_module et_block_module\"><div class=\"et_pb_text_inner\"><h2>Ap\u00e9ro<\/h2>\n<\/div><\/div>\r\n\r\n<div class=\"et_pb_text_3 et_pb_text et_pb_bg_layout_light et_pb_module et_block_module\"><div class=\"et_pb_text_inner\"><p>Lassen Sie sich von unserem Ap\u00e9ro-Angebot direkt am Wasser des Seerhein am idyllischen Bodensee verw\u00f6hnen! Ob private Feiern oder Firmenanl\u00e4sse \u2013 wir bieten eine erlesene Auswahl an feinen H\u00e4ppchen und erfrischenden Getr\u00e4nken in stilvollem Ambiente. Geniessen Sie unvergessliche Momente bei uns am Seerhein, wo Genuss und Geselligkeit im Vordergrund stehen.<\/p>\n<\/div><\/div>\r\n\r\n<div class=\"et_pb_module et_pb_button_module_wrapper et_pb_button_0_wrapper\"><a class=\"et_pb_button_0 et_pb_button et_pb_bg_layout_light et_pb_module et_block_module\" href=\"\" target=\"_blank\">Zum Ap\u00e9ro<\/a><\/div><\/div><\/div>\r\n\r\n\r\n\r\n<div class=\"et_pb_row_4 et_pb_row et_flex_row\">\r\n\r\n<div class=\"et_pb_column_7 et_pb_column et_flex_column et_pb_css_mix_blend_mode_passthrough et_flex_column_12_24 et_flex_column_12_24_tablet et_flex_column_24_24_phone\">\r\n\r\n<div class=\"et_pb_text_6 et_pb_text et_pb_bg_layout_light et_pb_module et_block_module\"><div class=\"et_pb_text_inner\"><h2>Tavolata<\/h2>\n<\/div><\/div>\r\n\r\n<div class=\"et_pb_text_7 et_pb_text et_pb_bg_layout_light et_pb_module et_block_module\"><div class=\"et_pb_text_inner\"><p>Erleben Sie die Freude des gemeinsamen Genusses mit einer Tavolata am Seerhein! An einer liebevoll gedeckten Tafel servieren wir Ihnen abwechslungsreiche K\u00f6stlichkeiten zum Teilen. Ob mit Familie, Freunden oder Kollegen \u2013 geniessen Sie ein entspanntes Essen in geselliger Atmosph\u00e4re und lassen Sie sich von unserer Auswahl an regionalen und saisonalen Spezialit\u00e4ten verw\u00f6hnen.<\/p>\n<\/div><\/div>\r\n\r\n<div class=\"et_pb_module et_pb_button_module_wrapper et_pb_button_2_wrapper\"><a class=\"et_pb_button_2 et_pb_button et_pb_bg_layout_light et_pb_module et_block_module\" href=\"\" target=\"_blank\">Zur Tavolata<\/a><\/div><\/div>\r\n\r\n<div class=\"et_pb_column_8 et_pb_column et-last-child et_flex_column et_pb_css_mix_blend_mode_passthrough et_flex_column_12_24 et_flex_column_12_24_tablet et_flex_column_24_24_phone\">\r\n\r\n<div class=\"et_pb_image_2 et_pb_image et_pb_module et_block_module\"><span class=\"et_pb_image_wrap\"><img loading=\"lazy\" decoding=\"async\" src=\"https:\/\/staging.portosofie.ch\/wp-content\/uploads\/2026\/02\/Tavolata-Hotel-Porto-Sofie-in-Gottlieben-Erleben-am-Seerhein-in-Thurgau.jpg\" width=\"1000\" height=\"1000\" srcset=\"https:\/\/staging.portosofie.ch\/wp-content\/uploads\/2026\/02\/Tavolata-Hotel-Porto-Sofie-in-Gottlieben-Erleben-am-Seerhein-in-Thurgau.jpg 1000w, https:\/\/staging.portosofie.ch\/wp-content\/uploads\/2026\/02\/Tavolata-Hotel-Porto-Sofie-in-Gottlieben-Erleben-am-Seerhein-in-Thurgau-980x980.jpg 980w, https:\/\/staging.portosofie.ch\/wp-content\/uploads\/2026\/02\/Tavolata-Hotel-Porto-Sofie-in-Gottlieben-Erleben-am-Seerhein-in-Thurgau-480x480.jpg 480w\" sizes=\"(min-width: 0px) and (max-width: 480px) 480px, (min-width: 481px) and (max-width: 980px) 980px, (min-width: 981px) 1000px, 100vw\" class=\"wp-image-253\" title=\"Tavolata - Hotel Porto Sofie in Gottlieben - Erleben am Seerhein in Thurgau\" alt=\"Zimmer Hotel Porto Sofie am Seerhein, Thurgau, Bodensee\" \/><\/span><\/div><\/div><\/div>\r\n\r\n<div class=\"et_pb_row_5 et_pb_row et_flex_row\">\r\n\r\n<div class=\"et_pb_column_9 et_pb_column et_flex_column et_pb_css_mix_blend_mode_passthrough et_flex_column_12_24 et_flex_column_12_24_tablet et_flex_column_24_24_phone\">\r\n\r\n<div class=\"et_pb_image_3 et_pb_image et_pb_module et_block_module\"><span class=\"et_pb_image_wrap\"><img loading=\"lazy\" decoding=\"async\" src=\"https:\/\/staging.portosofie.ch\/wp-content\/uploads\/2026\/02\/Barbecue-Hotel-Porto-Sofie-in-Gottlieben-Erleben-am-Seerhein-in-Thurgau.jpg\" width=\"1000\" height=\"1000\" srcset=\"https:\/\/staging.portosofie.ch\/wp-content\/uploads\/2026\/02\/Barbecue-Hotel-Porto-Sofie-in-Gottlieben-Erleben-am-Seerhein-in-Thurgau.jpg 1000w, https:\/\/staging.portosofie.ch\/wp-content\/uploads\/2026\/02\/Barbecue-Hotel-Porto-Sofie-in-Gottlieben-Erleben-am-Seerhein-in-Thurgau-980x980.jpg 980w, https:\/\/staging.portosofie.ch\/wp-content\/uploads\/2026\/02\/Barbecue-Hotel-Porto-Sofie-in-Gottlieben-Erleben-am-Seerhein-in-Thurgau-480x480.jpg 480w\" sizes=\"(min-width: 0px) and (max-width: 480px) 480px, (min-width: 481px) and (max-width: 980px) 980px, (min-width: 981px) 1000px, 100vw\" class=\"wp-image-254\" title=\"Barbecue - Hotel Porto Sofie in Gottlieben - Erleben am Seerhein in Thurgau\" alt=\"Hochzeitsessen - Photo by Cagno Di Media Production\" \/><\/span><\/div><\/div>\r\n\r\n<div class=\"et_pb_column_10 et_pb_column et-last-child et_flex_column et_pb_css_mix_blend_mode_passthrough et_flex_column_12_24 et_flex_column_12_24_tablet et_flex_column_24_24_phone\">\r\n\r\n<div class=\"et_pb_text_8 et_pb_text et_pb_bg_layout_light et_pb_module et_block_module\"><div class=\"et_pb_text_inner\"><h2>Barbecue<\/h2>\n<\/div><\/div>\r\n\r\n<div class=\"et_pb_text_9 et_pb_text et_pb_bg_layout_light et_pb_module et_block_module\"><div class=\"et_pb_text_inner\"><p>Entdecken Sie unser Grill- und Barbecue-Angebot direkt am malerischen Bodensee! Ob private Feiern oder Firmenanl\u00e4sse \u2013 wir verw\u00f6hnen Sie mit frisch gegrillten Spezialitaeten und k\u00f6stlichen Beilagen in einzigartigem Ambiente. Geniessen Sie unvergessliche Momente bei uns am Seerhein, wo Genuss und Geselligkeit im Mittelpunkt stehen.<\/p>\n<\/div><\/div>\r\n\r\n<div class=\"et_pb_module et_pb_button_module_wrapper et_pb_button_3_wrapper\"><a class=\"et_pb_button_3 et_pb_button et_pb_bg_layout_light et_pb_module et_block_module\" href=\"\" target=\"_blank\">Zum Barbecue<\/a><\/div><\/div><\/div>\r\n\r\n\r\n\r\n<\/div>\r\n\r\n<div class=\"et_pb_section_3 et_pb_section et_section_regular et_block_section\">\r\n\r\n<div class=\"et_pb_row_8 et_pb_row et_block_row\">\r\n\r\n<div class=\"et_pb_column_15 et_pb_column et_pb_column_4_4 et-last-child et_block_column et_pb_css_mix_blend_mode_passthrough\">\r\n\r\n<div class=\"dipi_divider_0 dipi_divider et_pb_bg_layout_light et_pb_module\">\n\t\t<div class=\"dipi-pixel-divider dipi-pixel-divider-row dipi-pixel-divider-text dipi-pixel-divider-mirror\"><div class=\"dipi-td-decoration  dipi-td-decoration-line dipi-td-first\"><\/div><h2 class=\"dipi-td-content\">Erleben Sie noch mehr<\/h2><div class=\"dipi-td-decoration  dipi-td-decoration-line dipi-td-second\"><\/div><\/div><\/div><\/div><\/div>\r\n\r\n<div class=\"et_pb_row_9 et_pb_row et_pb_row_4col et_block_row et_block_row_4col\">\r\n\r\n<div class=\"et_pb_column_16 et_pb_column et_pb_column_1_4 et_block_column et_pb_css_mix_blend_mode_passthrough\">\r\n\r\n<div class=\"et_pb_blurb_0 et_pb_blurb et_pb_bg_layout_light et_pb_blurb_position_top et_pb_module et_block_module\"><div class=\"et_pb_blurb_content\"><div class=\"et_pb_main_blurb_image\"><a href=\"https:\/\/book.portosofie.ch\" target=\"_blank\" rel=\"noopener\"><span class=\"et_pb_image_wrap et_pb_only_image_mode_wrap\"><img loading=\"lazy\" decoding=\"async\" src=\"https:\/\/staging.portosofie.ch\/wp-content\/uploads\/2026\/02\/Hotel-Porto-Sofie-jetzt-uebernachten-Bodensee-Kreuzlingen-Seerhein-Gottlieben.webp\" width=\"945\" height=\"945\" srcset=\"https:\/\/staging.portosofie.ch\/wp-content\/uploads\/2026\/02\/Hotel-Porto-Sofie-jetzt-uebernachten-Bodensee-Kreuzlingen-Seerhein-Gottlieben.webp 945w, https:\/\/staging.portosofie.ch\/wp-content\/uploads\/2026\/02\/Hotel-Porto-Sofie-jetzt-uebernachten-Bodensee-Kreuzlingen-Seerhein-Gottlieben-480x480.webp 480w\" sizes=\"(min-width: 0px) and (max-width: 480px) 480px, (min-width: 481px) 945px, 100vw\" class=\"et_animated wp-image-237\" alt=\"Zimmer Hotel Porto Sofie am Seerhein, Thurgau, Bodensee\" \/><\/span><\/a><\/div><div class=\"et_pb_blurb_container\"><h4 class=\"et_pb_module_header\"><a href=\"https:\/\/book.portosofie.ch\" target=\"_blank\" rel=\"noopener\">\u00dcbernachten<\/a><\/h4><div class=\"et_pb_blurb_description\"><p>Jetzt reservieren und \u00fcbernachten.<\/p>\n<\/div><\/div><\/div><\/div><\/div>\r\n\r\n<div class=\"et_pb_column_17 et_pb_column et_pb_column_1_4 et_block_column et_pb_css_mix_blend_mode_passthrough\">\r\n\r\n<div class=\"et_pb_blurb_1 et_pb_blurb et_pb_bg_layout_light et_pb_blurb_position_top et_pb_module et_block_module\"><div class=\"et_pb_blurb_content\"><div class=\"et_pb_main_blurb_image\"><span class=\"et_pb_image_wrap et_pb_only_image_mode_wrap\"><img loading=\"lazy\" decoding=\"async\" src=\"https:\/\/staging.portosofie.ch\/wp-content\/uploads\/2026\/02\/Hotel-Porto-Sofie-Brasserie-Bodensee-Kreuzlingen-Seerhein-Gottlieben.webp\" width=\"945\" height=\"945\" srcset=\"https:\/\/staging.portosofie.ch\/wp-content\/uploads\/2026\/02\/Hotel-Porto-Sofie-Brasserie-Bodensee-Kreuzlingen-Seerhein-Gottlieben.webp 945w, https:\/\/staging.portosofie.ch\/wp-content\/uploads\/2026\/02\/Hotel-Porto-Sofie-Brasserie-Bodensee-Kreuzlingen-Seerhein-Gottlieben-480x480.webp 480w\" sizes=\"(min-width: 0px) and (max-width: 480px) 480px, (min-width: 481px) 945px, 100vw\" class=\"et_animated wp-image-238\" \/><\/span><\/div><div class=\"et_pb_blurb_container\"><h4 class=\"et_pb_module_header\">Geniessen<\/h4><div class=\"et_pb_blurb_description\"><p>Jetzt reservieren und geniessen.<\/p>\n<\/div><\/div><\/div><\/div><\/div>\r\n\r\n<div class=\"et_pb_column_18 et_pb_column et_pb_column_1_4 et_block_column et_pb_css_mix_blend_mode_passthrough\">\r\n\r\n<div class=\"et_pb_blurb_2 et_pb_blurb et_pb_bg_layout_light et_pb_blurb_position_top et_pb_module et_block_module\"><div class=\"et_pb_blurb_content\"><div class=\"et_pb_main_blurb_image\"><span class=\"et_pb_image_wrap et_pb_only_image_mode_wrap\"><img loading=\"lazy\" decoding=\"async\" src=\"https:\/\/staging.portosofie.ch\/wp-content\/uploads\/2026\/02\/2-08d6e377-74b6-45e0-b6fa-303dc939d9e1-512x512-1.jpg\" width=\"512\" height=\"512\" srcset=\"https:\/\/staging.portosofie.ch\/wp-content\/uploads\/2026\/02\/2-08d6e377-74b6-45e0-b6fa-303dc939d9e1-512x512-1.jpg 512w, https:\/\/staging.portosofie.ch\/wp-content\/uploads\/2026\/02\/2-08d6e377-74b6-45e0-b6fa-303dc939d9e1-512x512-1-480x480.jpg 480w\" sizes=\"(min-width: 0px) and (max-width: 480px) 480px, (min-width: 481px) 512px, 100vw\" class=\"et_animated wp-image-239\" \/><\/span><\/div><div class=\"et_pb_blurb_container\"><h4 class=\"et_pb_module_header\">Tasten<\/h4><div class=\"et_pb_blurb_description\"><p>Jetzt reservieren und tasten.<\/p>\n<\/div><\/div><\/div><\/div><\/div>\r\n\r\n<div class=\"et_pb_column_19 et_pb_column et_pb_column_1_4 et-last-child et_block_column et_pb_css_mix_blend_mode_passthrough\">\r\n\r\n<div class=\"et_pb_blurb_3 et_pb_blurb et_pb_bg_layout_light et_pb_blurb_position_top et_pb_module et_block_module\"><div class=\"et_pb_blurb_content\"><div class=\"et_pb_main_blurb_image\"><span class=\"et_pb_image_wrap et_pb_only_image_mode_wrap\"><img loading=\"lazy\" decoding=\"async\" src=\"https:\/\/staging.portosofie.ch\/wp-content\/uploads\/2026\/02\/Hotel-Porto-Sofie-Events-Bodensee-Kreuzlingen-Seerhein-Gottlieben-.webp\" width=\"945\" height=\"945\" srcset=\"https:\/\/staging.portosofie.ch\/wp-content\/uploads\/2026\/02\/Hotel-Porto-Sofie-Events-Bodensee-Kreuzlingen-Seerhein-Gottlieben-.webp 945w, https:\/\/staging.portosofie.ch\/wp-content\/uploads\/2026\/02\/Hotel-Porto-Sofie-Events-Bodensee-Kreuzlingen-Seerhein-Gottlieben--480x480.webp 480w\" sizes=\"(min-width: 0px) and (max-width: 480px) 480px, (min-width: 481px) 945px, 100vw\" class=\"et_animated wp-image-240\" \/><\/span><\/div><div class=\"et_pb_blurb_container\"><h4 class=\"et_pb_module_header\">Erleben<\/h4><div class=\"et_pb_blurb_description\"><p>Jetzt reservieren und erleben.<\/p>\n<\/div><\/div><\/div><\/div><\/div><\/div><\/div>","protected":false},"excerpt":{"rendered":"","protected":false},"author":1,"featured_media":0,"parent":0,"menu_order":0,"comment_status":"closed","ping_status":"closed","template":"","meta":{"_acf_changed":false,"_et_pb_use_builder":"on","_et_pb_old_content":"","_et_gb_content_width":"","iawp_total_views":0,"footnotes":""},"dipi_cpt_category":[],"class_list":["post-27585942","page","type-page","status-publish","hentry"],"acf":[],"_links":{"self":[{"href":"https:\/\/staging.portosofie.ch\/en\/wp-json\/wp\/v2\/pages\/27585942","targetHints":{"allow":["GET"]}}],"collection":[{"href":"https:\/\/staging.portosofie.ch\/en\/wp-json\/wp\/v2\/pages"}],"about":[{"href":"https:\/\/staging.portosofie.ch\/en\/wp-json\/wp\/v2\/types\/page"}],"author":[{"embeddable":true,"href":"https:\/\/staging.portosofie.ch\/en\/wp-json\/wp\/v2\/users\/1"}],"replies":[{"embeddable":true,"href":"https:\/\/staging.portosofie.ch\/en\/wp-json\/wp\/v2\/comments?post=27585942"}],"version-history":[{"count":7,"href":"https:\/\/staging.portosofie.ch\/en\/wp-json\/wp\/v2\/pages\/27585942\/revisions"}],"predecessor-version":[{"id":27585949,"href":"https:\/\/staging.portosofie.ch\/en\/wp-json\/wp\/v2\/pages\/27585942\/revisions\/27585949"}],"wp:attachment":[{"href":"https:\/\/staging.portosofie.ch\/en\/wp-json\/wp\/v2\/media?parent=27585942"}],"wp:term":[{"taxonomy":"dipi_cpt_category","embeddable":true,"href":"https:\/\/staging.portosofie.ch\/en\/wp-json\/wp\/v2\/dipi_cpt_category?post=27585942"}],"curies":[{"name":"wp","href":"https:\/\/api.w.org\/{rel}","templated":true}]}}