{"id":338,"date":"2026-02-21T18:01:11","date_gmt":"2026-02-21T17:01:11","guid":{"rendered":"https:\/\/server-wechsel.de\/?page_id=338"},"modified":"2026-03-27T16:46:50","modified_gmt":"2026-03-27T15:46:50","slug":"meine-reservation","status":"publish","type":"page","link":"https:\/\/staging.portosofie.ch\/en\/meine-reservation\/","title":{"rendered":"Meine Reservation"},"content":{"rendered":"<div class=\"et_pb_section_0 et_pb_section et_section_regular et_block_section\">\n<div class=\"et_pb_row_0 et_pb_row et_block_row\">\n<div class=\"et_pb_column_0 et_pb_column et_pb_column_4_4 et-last-child et_block_column et_pb_css_mix_blend_mode_passthrough\">\n<div class=\"et_pb_text_0 et_pb_text et_pb_bg_layout_light et_pb_module et_block_module\"><div class=\"et_pb_text_inner\"><p>Manchmal \u00e4ndern sich Pl\u00e4ne kurzfristig \u2013 das ist ganz normal. \u00dcber diese Seite k\u00f6nnen Sie Ihre Reservation unkompliziert \u00e4ndern oder stornieren, ohne auf eine R\u00fcckmeldung warten zu m\u00fcssen. Geben Sie dazu bitte Ihre Reservationsdaten ein, damit wir Ihre Buchung eindeutig zuordnen k\u00f6nnen. Bei Fragen oder wenn etwas nicht funktioniert, helfen wir Ihnen nat\u00fcrlich gerne weiter.<\/p>\n<\/div><\/div>\n<\/div>\n<\/div>\n\n<div class=\"et_pb_row_1 et_pb_row et_block_row\">\n<div class=\"et_pb_column_1 et_pb_column et_pb_column_4_4 et-last-child et_block_column et_pb_css_mix_blend_mode_passthrough\">\n<div class=\"et_pb_code_0 et_pb_code et_pb_text_align_center et_pb_module\"><div class=\"et_pb_code_inner\"><iframe loading=\"lazy\" width=\"500\" height=\"400\" id=\"298509f0-b15f-4e0d-8185-33fd04ac3a61\" src=\"https:\/\/app.sitnserved.com\/iframe\/reservation-forms\/298509f0-b15f-4e0d-8185-33fd04ac3a61\/edit\" frameborder=\"0\"><\/iframe>\n<script src=\"https:\/\/app.sitnserved.com\/js\/auto-resize.js?v=1770736172\"><\/script><\/div><\/div>\n<\/div>\n<\/div>\n<\/div>","protected":false},"excerpt":{"rendered":"","protected":false},"author":1,"featured_media":0,"parent":0,"menu_order":0,"comment_status":"closed","ping_status":"closed","template":"","meta":{"_acf_changed":false,"_et_pb_use_builder":"on","_et_pb_old_content":"","_et_gb_content_width":"","iawp_total_views":0,"footnotes":""},"dipi_cpt_category":[],"class_list":["post-338","page","type-page","status-publish","hentry"],"acf":[],"_links":{"self":[{"href":"https:\/\/staging.portosofie.ch\/en\/wp-json\/wp\/v2\/pages\/338","targetHints":{"allow":["GET"]}}],"collection":[{"href":"https:\/\/staging.portosofie.ch\/en\/wp-json\/wp\/v2\/pages"}],"about":[{"href":"https:\/\/staging.portosofie.ch\/en\/wp-json\/wp\/v2\/types\/page"}],"author":[{"embeddable":true,"href":"https:\/\/staging.portosofie.ch\/en\/wp-json\/wp\/v2\/users\/1"}],"replies":[{"embeddable":true,"href":"https:\/\/staging.portosofie.ch\/en\/wp-json\/wp\/v2\/comments?post=338"}],"version-history":[{"count":0,"href":"https:\/\/staging.portosofie.ch\/en\/wp-json\/wp\/v2\/pages\/338\/revisions"}],"wp:attachment":[{"href":"https:\/\/staging.portosofie.ch\/en\/wp-json\/wp\/v2\/media?parent=338"}],"wp:term":[{"taxonomy":"dipi_cpt_category","embeddable":true,"href":"https:\/\/staging.portosofie.ch\/en\/wp-json\/wp\/v2\/dipi_cpt_category?post=338"}],"curies":[{"name":"wp","href":"https:\/\/api.w.org\/{rel}","templated":true}]}}