{"id":410,"date":"2026-02-21T18:17:37","date_gmt":"2026-02-21T17:17:37","guid":{"rendered":"https:\/\/server-wechsel.de\/?page_id=410"},"modified":"2026-03-15T12:41:53","modified_gmt":"2026-03-15T11:41:53","slug":"thank-you","status":"publish","type":"page","link":"https:\/\/staging.portosofie.ch\/en\/thank-you\/","title":{"rendered":"Thank you"},"content":{"rendered":"<div class=\"et_pb_section_0 et_pb_section et_section_regular et_block_section\">\r\n<div class=\"et_pb_row_0 et_pb_row et_block_row\">\r\n<div class=\"et_pb_column_0 et_pb_column et_pb_column_4_4 et-last-child et_block_column et_pb_css_mix_blend_mode_passthrough\">\r\n<div class=\"et_pb_text_0 et_pb_text et_pb_bg_layout_light et_pb_module et_block_module\"><div class=\"et_pb_text_inner\"><h1>Vielen Dank<\/h1>\n<\/div><\/div>\r\n<\/div>\r\n<\/div>\r\n<\/div>\r\n\r\n<div class=\"et_pb_section_1 et_pb_section et_section_regular et_block_section\">\r\n<div class=\"et_pb_row_1 et_pb_row et_block_row preset--module--divi-row--5138c454-be54-4233-bd3b-f8e6a8747976\">\r\n<div class=\"et_pb_column_1 et_pb_column et_pb_column_1_2 et_block_column et_pb_css_mix_blend_mode_passthrough preset--module--divi-column--73121f80-a3ef-4484-8763-c3f18e3c56d2\">\r\n<div class=\"et_pb_image_0 et_pb_image et_pb_module et_block_module preset--module--divi-image--8249bb47-7bda-4c77-8a37-2a958f7a9826\"><span class=\"et_pb_image_wrap\"><img loading=\"lazy\" decoding=\"async\" src=\"https:\/\/staging.portosofie.ch\/wp-content\/uploads\/2026\/02\/porto-sofie-icon-gold-1-Neu-text-shapes-2x.png\" width=\"708\" height=\"708\" srcset=\"https:\/\/staging.portosofie.ch\/wp-content\/uploads\/2026\/02\/porto-sofie-icon-gold-1-Neu-text-shapes-2x.png 708w, https:\/\/staging.portosofie.ch\/wp-content\/uploads\/2026\/02\/porto-sofie-icon-gold-1-Neu-text-shapes-2x-480x480.png 480w\" sizes=\"(min-width: 0px) and (max-width: 480px) 480px, (min-width: 481px) 708px, 100vw\" class=\"wp-image-97\" title=\"porto-sofie-icon-gold-1 Neu-text-shapes-2x\" \/><\/span><\/div>\r\n<\/div>\r\n\r\n<div class=\"et_pb_column_2 et_pb_column et_pb_column_1_2 et-last-child et_block_column et_pb_css_mix_blend_mode_passthrough preset--module--divi-column--73121f80-a3ef-4484-8763-c3f18e3c56d2\">\r\n<div class=\"et_pb_heading_0 et_pb_heading et_pb_module et_block_module preset--module--divi-heading--c33f07d9-41e0-421a-8799-5799df695cce\"><div class=\"et_pb_heading_container\"><h2 class=\"et_pb_module_header\">Vielen Dank f\u00fcr Ihren Kauf!<\/h2><\/div><\/div>\r\n\r\n<div class=\"et_pb_text_1 et_pb_text et_pb_bg_layout_light et_pb_module et_block_module preset--module--divi-text--2c55a9c4-feed-423b-9edb-ae0b5b365cac\"><div class=\"et_pb_text_inner\"><p>Wir freuen uns, dass Sie sich f\u00fcr ein Erlebnis bei Hotel Porto Sofie entschieden haben. Ihr Kauf war erfolgreich und wir k\u00f6nnen es kaum erwarten, Sie bei uns willkommen zu hei\u00dfen.<\/p>\n<\/div><\/div>\r\n<\/div>\r\n<\/div>\r\n\r\n<div class=\"et_pb_row_2 et_pb_row et_block_row preset--module--divi-row--5138c454-be54-4233-bd3b-f8e6a8747976\">\r\n<div class=\"et_pb_column_3 et_pb_column et_pb_column_1_2 et_block_column et_pb_css_mix_blend_mode_passthrough preset--module--divi-column--73121f80-a3ef-4484-8763-c3f18e3c56d2\">\r\n<div class=\"et_pb_heading_1 et_pb_heading et_pb_module et_block_module preset--module--divi-heading--c33f07d9-41e0-421a-8799-5799df695cce\"><div class=\"et_pb_heading_container\"><h2 class=\"et_pb_module_header\">Was Sie als N\u00e4chstes erwartet<\/h2><\/div><\/div>\r\n\r\n<div class=\"et_pb_text_2 et_pb_text et_pb_bg_layout_light et_pb_module et_block_module preset--module--divi-text--2c55a9c4-feed-423b-9edb-ae0b5b365cac\"><div class=\"et_pb_text_inner\"><p>In K\u00fcrze erhalten Sie eine Best\u00e4tigungs-E-Mail mit allen Details zu Ihrem Event oder Gutschein. Sollten Sie Fragen haben, steht Ihnen unser Team jederzeit zur Verf\u00fcgung.<\/p>\n<\/div><\/div>\r\n\r\n<div class=\"et_pb_module et_pb_button_module_wrapper et_pb_button_0_wrapper preset--module--divi-button--1bffc0fc-42a0-49d1-bd9a-ae3ade2d7206_wrapper\"><a class=\"et_pb_button_0 et_pb_button et_pb_bg_layout_light et_pb_module et_block_module preset--module--divi-button--1bffc0fc-42a0-49d1-bd9a-ae3ade2d7206\" href=\"https:\/\/staging.portosofie.ch\/en\/\">Zur\u00fcck zur Startseite<\/a><\/div>\r\n<\/div>\r\n\r\n<div class=\"et_pb_column_4 et_pb_column et_pb_column_1_2 et-last-child et_block_column et_pb_css_mix_blend_mode_passthrough preset--module--divi-column--73121f80-a3ef-4484-8763-c3f18e3c56d2\">\r\n<div class=\"et_pb_image_1 et_pb_image et_pb_module et_block_module preset--module--divi-image--8249bb47-7bda-4c77-8a37-2a958f7a9826\"><span class=\"et_pb_image_wrap\"><img loading=\"lazy\" decoding=\"async\" src=\"https:\/\/staging.portosofie.ch\/wp-content\/uploads\/2026\/02\/Hotel-Porto-Sofie-Deluxe-Seezimmer-Basic-52-1.jpg\" width=\"1920\" height=\"1282\" srcset=\"https:\/\/staging.portosofie.ch\/wp-content\/uploads\/2026\/02\/Hotel-Porto-Sofie-Deluxe-Seezimmer-Basic-52-1.jpg 1920w, https:\/\/staging.portosofie.ch\/wp-content\/uploads\/2026\/02\/Hotel-Porto-Sofie-Deluxe-Seezimmer-Basic-52-1-1280x855.jpg 1280w, https:\/\/staging.portosofie.ch\/wp-content\/uploads\/2026\/02\/Hotel-Porto-Sofie-Deluxe-Seezimmer-Basic-52-1-980x654.jpg 980w, https:\/\/staging.portosofie.ch\/wp-content\/uploads\/2026\/02\/Hotel-Porto-Sofie-Deluxe-Seezimmer-Basic-52-1-480x321.jpg 480w\" sizes=\"(min-width: 0px) and (max-width: 480px) 480px, (min-width: 481px) and (max-width: 980px) 980px, (min-width: 981px) and (max-width: 1280px) 1280px, (min-width: 1281px) 1920px, 100vw\" class=\"wp-image-280\" title=\"Hotel-Porto-Sofie-Deluxe-Seezimmer-Basic-52-1\" alt=\"Zimmer Hotel Porto Sofie am Seerhein, Thurgau, Bodensee\" \/><\/span><\/div>\r\n<\/div>\r\n<\/div>\r\n<\/div>","protected":false},"excerpt":{"rendered":"","protected":false},"author":1,"featured_media":0,"parent":0,"menu_order":0,"comment_status":"closed","ping_status":"closed","template":"","meta":{"_acf_changed":false,"_et_pb_use_builder":"on","_et_pb_old_content":"","_et_gb_content_width":"","iawp_total_views":0,"footnotes":""},"dipi_cpt_category":[],"class_list":["post-410","page","type-page","status-publish","hentry"],"acf":[],"_links":{"self":[{"href":"https:\/\/staging.portosofie.ch\/en\/wp-json\/wp\/v2\/pages\/410","targetHints":{"allow":["GET"]}}],"collection":[{"href":"https:\/\/staging.portosofie.ch\/en\/wp-json\/wp\/v2\/pages"}],"about":[{"href":"https:\/\/staging.portosofie.ch\/en\/wp-json\/wp\/v2\/types\/page"}],"author":[{"embeddable":true,"href":"https:\/\/staging.portosofie.ch\/en\/wp-json\/wp\/v2\/users\/1"}],"replies":[{"embeddable":true,"href":"https:\/\/staging.portosofie.ch\/en\/wp-json\/wp\/v2\/comments?post=410"}],"version-history":[{"count":0,"href":"https:\/\/staging.portosofie.ch\/en\/wp-json\/wp\/v2\/pages\/410\/revisions"}],"wp:attachment":[{"href":"https:\/\/staging.portosofie.ch\/en\/wp-json\/wp\/v2\/media?parent=410"}],"wp:term":[{"taxonomy":"dipi_cpt_category","embeddable":true,"href":"https:\/\/staging.portosofie.ch\/en\/wp-json\/wp\/v2\/dipi_cpt_category?post=410"}],"curies":[{"name":"wp","href":"https:\/\/api.w.org\/{rel}","templated":true}]}}