{"id":446,"date":"2026-02-21T18:33:31","date_gmt":"2026-02-21T17:33:31","guid":{"rendered":"https:\/\/server-wechsel.de\/?page_id=446"},"modified":"2026-03-13T20:27:29","modified_gmt":"2026-03-13T19:27:29","slug":"cafe","status":"publish","type":"page","link":"https:\/\/staging.portosofie.ch\/en\/cafe\/","title":{"rendered":"Caf\u00e9"},"content":{"rendered":"<div class=\"et_pb_section_0 et_pb_section et_section_regular et_block_section\">\n<div class=\"et_pb_row_0 et_pb_row et_block_row\">\n<div class=\"et_pb_column_0 et_pb_column et_pb_column_3_5 et_block_column et_pb_css_mix_blend_mode_passthrough\">\n<div class=\"et_pb_text_0 et_pb_text et_pb_bg_layout_dark et_pb_module et_block_module\"><div class=\"et_pb_text_inner\"><h3>Porto Sofie<\/h3>\n<h1>Das Caf\u00e9 am Seerhein<\/h1>\n<\/div><\/div>\n<\/div>\n\n<div class=\"et_pb_column_1 et_pb_column et_pb_column_2_5 et-last-child et_block_column et_pb_column_empty et_pb_css_mix_blend_mode_passthrough\"><\/div>\n<\/div>\n<\/div>\n\n<div class=\"et_pb_section_1 et_pb_section et_section_regular et_block_section\">\n<div class=\"et_pb_row_1 et_pb_row et_pb_equal_columns et_pb_gutters1 et_block_row\">\n<div class=\"et_pb_column_2 et_pb_column et_pb_column_3_5 et_block_column et_pb_column_empty et_pb_css_mix_blend_mode_passthrough\"><\/div>\n\n<div class=\"et_pb_column_3 et_pb_column et_pb_column_2_5 et-last-child et_block_column et_pb_css_mix_blend_mode_passthrough\">\n<div class=\"et_pb_text_1 et_pb_text et_pb_bg_layout_light et_pb_module et_block_module\"><div class=\"et_pb_text_inner\"><h3>Meinl Cafe<\/h3>\n<\/div><\/div>\n\n<div class=\"et_pb_text_2 et_pb_text et_pb_bg_layout_light et_pb_module et_block_module\"><div class=\"et_pb_text_inner\"><h3>Gottlieben<\/h3>\n<\/div><\/div>\n\n<div class=\"et_pb_text_3 et_pb_text et_pb_bg_layout_light et_pb_module et_block_module\"><div class=\"et_pb_text_inner\"><h3>Caf\u00e9<\/h3>\n<\/div><\/div>\n<\/div>\n<\/div>\n\n<div class=\"et_pb_row_2 et_pb_row et_pb_equal_columns et_pb_gutters1 et_block_row\">\n<div class=\"et_pb_column_4 et_pb_column et_pb_column_4_4 et-last-child et_block_column et_pb_css_mix_blend_mode_passthrough\">\n<div class=\"et_pb_text_4 et_pb_text et_pb_bg_layout_light et_pb_module et_block_module preset--module--divi-text--918df6ba-4d1a-4c53-aa64-67dae52bb1ca\"><div class=\"et_pb_text_inner\"><h3>Erleben Sie eine Kaffeehauskultur mit Herz und Stil<\/h3>\n<\/div><\/div>\n<\/div>\n<\/div>\n\n<div class=\"et_pb_row_3 et_pb_row et_pb_equal_columns et_pb_gutters1 et_block_row\">\n<div class=\"et_pb_column_5 et_pb_column et_pb_column_4_4 et-last-child et_block_column et_pb_css_mix_blend_mode_passthrough\">\n<div class=\"et_pb_text_5 et_pb_text et_pb_bg_layout_light et_pb_module et_block_module\"><div class=\"et_pb_text_inner\"><p>Unser Caf\u00e9 im Porto Sofie bietet den perfekten Rahmen, um eine einzigartige Kaffeehausatmosph\u00e4re zu geniessen. Ganz im Stile des Art Deco ist unser Caf\u00e9 mit seinem attraktiven wie weiten Aussenbereich an der Promenade des Seerheins die Anlaufstelle f\u00fcr einen Kaffee erster G\u00fcte.<\/p>\n<p>Nehmen Sie sich etwas Zeit f\u00fcr einen Moment des Genusses. Unser Caf\u00e9 bietet Ihnen zu jeder Tageszeit einen geschmackvollen R\u00fcckzugsort, der Ihre kulinarischen Sinne begeistert. Unsere Kaffeespezialit\u00e4ten werden mit einem L\u00e4cheln serviert und warten auf Sie.<\/p>\n<\/div><\/div>\n<\/div>\n<\/div>\n<\/div>\n\n<div class=\"et_pb_section_2 et_pb_section et_section_regular et_block_section\"><\/div>\n\n<div class=\"et_pb_section_3 et_pb_section et_section_regular et_block_section\">\n<div class=\"et_pb_row_4 et_pb_row et_pb_equal_columns et_pb_gutters1 et_block_row\">\n<div class=\"et_pb_column_6 et_pb_column et_pb_column_3_5 et_block_column et_pb_column_empty et_pb_css_mix_blend_mode_passthrough\"><\/div>\n\n<div class=\"et_pb_column_7 et_pb_column et_pb_column_2_5 et-last-child et_block_column et_pb_css_mix_blend_mode_passthrough\">\n<div class=\"et_pb_text_6 et_pb_text et_pb_bg_layout_light et_pb_module et_block_module\"><div class=\"et_pb_text_inner\"><h4 class=\"et_pb_module_header\">PREMIUM KAFFEEBOHNEN<\/h4>\n<\/div><\/div>\n\n<div class=\"et_pb_text_7 et_pb_text et_pb_bg_layout_light et_pb_module et_block_module\"><div class=\"et_pb_text_inner\"><h4 class=\"et_pb_module_header\">FR\u00dcHST\u00dcCK<\/h4>\n<\/div><\/div>\n\n<div class=\"et_pb_text_8 et_pb_text et_pb_bg_layout_light et_pb_module et_block_module\"><div class=\"et_pb_text_inner\"><h4 class=\"et_pb_module_header\">BRUNCH<\/h4>\n<\/div><\/div>\n<\/div>\n<\/div>\n\n<div class=\"et_pb_row_5 et_pb_row et_pb_equal_columns et_pb_gutters1 et_block_row\">\n<div class=\"et_pb_column_8 et_pb_column et_pb_column_4_4 et-last-child et_block_column et_pb_css_mix_blend_mode_passthrough\">\n<div class=\"et_pb_text_9 et_pb_text et_pb_bg_layout_light et_pb_module et_block_module preset--module--divi-text--918df6ba-4d1a-4c53-aa64-67dae52bb1ca\"><div class=\"et_pb_text_inner\"><h3>Ein bleibendes Gef\u00fchl von Ankommen und Wohlf\u00fchlen.<\/h3>\n<\/div><\/div>\n<\/div>\n<\/div>\n\n<div class=\"et_pb_row_6 et_pb_row et_pb_equal_columns et_pb_gutters1 et_block_row\">\n<div class=\"et_pb_column_9 et_pb_column et_pb_column_2_5 et_block_column et_pb_column_empty et_pb_css_mix_blend_mode_passthrough\"><\/div>\n\n<div class=\"et_pb_column_10 et_pb_column et_pb_column_3_5 et-last-child et_block_column et_pb_css_mix_blend_mode_passthrough\">\n<div class=\"et_pb_text_10 et_pb_text et_pb_bg_layout_light et_pb_module et_block_module\"><div class=\"et_pb_text_inner\"><p>In unserem Caf\u00e9 k\u00f6nnen Sie unsere Kaffeespezialit\u00e4ten mit einer erlesenen Auswahl an s\u00fcssen und herzhaften K\u00f6stlichkeiten geniessen. Von unseren original italienischen Glace Sorten, bis hin zu unserer abwechslungsreichen Kuchen- und Tortenauswahl finden Sie immer etwas was Ihren Tag vers\u00fcsst.<\/p>\n<p>Um den Tag richtig zu starten bieten wir f\u00fcr unsere fr\u00fchen G\u00e4ste auch Fr\u00fchst\u00fcck an. Vom frischen Gipfeli und Bircherm\u00fcsli bis hin zum mittelgrossen Fr\u00fchst\u00fcck oder sogar dem Fr\u00fchst\u00fccksbuffet ist f\u00fcr jeden das Richtige dabei.<\/p>\n<p>Und jeden Sonntag (Oktober bis Mai) ist bei uns Brunch Tag, wo Sie ein reichhaltiges Brunch Buffet geniessen k\u00f6nnen.<\/p>\n<\/div><\/div>\n<\/div>\n<\/div>\n<\/div>\n\n<div class=\"et_pb_section_4 et_pb_section et_section_regular et_block_section\">\n<div class=\"et_pb_row_7 et_pb_row et_flex_row\">\n<div class=\"et_pb_column_11 et_pb_column et_flex_column et_pb_css_mix_blend_mode_passthrough et_flex_column_12_24 et_flex_column_24_24_tablet et_flex_column_24_24_phone\">\n<div class=\"et_pb_text_11 et_pb_text et_pb_bg_layout_dark et_pb_module et_block_module\"><div class=\"et_pb_text_inner\"><h3>Unsere Kuchenecke<\/h3>\n<p>Entdecken Sie bei uns eine reichhaltige Auswahl an verlockenden Kuchenspezialit\u00e4ten und kunstvoll gefertigten Torten. T\u00e4glich pr\u00e4sentieren wir Ihnen eine wechselnde Palette k\u00f6stlicher Verf\u00fchrungen, angefangen bei erfrischenden Obstw\u00e4hen \u00fcber knusprige Streuselkuchen bis hin zu verlockenden Cheesecakes, raffinierten Kuchenschnitten und exquisiten Torten. Lassen Sie sich von unserer handgefertigten Vielfalt \u00fcberraschen und g\u00f6nnen Sie sich immer wieder neue Gaumenfreuden, die mit Liebe zum Detail und Hingabe an h\u00f6chsten Genuss kreiert werden.<\/p>\n<\/div><\/div>\n<\/div>\n\n<div class=\"et_pb_column_12 et_pb_column et_flex_column et_pb_column_empty et_pb_css_mix_blend_mode_passthrough et_flex_column_6_24 et_flex_column_24_24_tablet et_flex_column_24_24_phone\"><\/div>\n\n<div class=\"et_pb_column_13 et_pb_column et-last-child et_flex_column et_pb_column_empty et_pb_css_mix_blend_mode_passthrough et_flex_column_6_24 et_flex_column_24_24_tablet et_flex_column_24_24_phone\"><\/div>\n<\/div>\n\n<div class=\"et_pb_row_8 et_pb_row et_flex_row\">\n<div class=\"et_pb_column_14 et_pb_column et_flex_column et_pb_css_mix_blend_mode_passthrough et_flex_column_12_24 et_flex_column_12_24_tablet et_flex_column_24_24_phone\">\n<div class=\"et_pb_image_0 et_pb_image et_pb_module et_block_module\"><a href=\"https:\/\/staging.portosofie.ch\/wp-content\/uploads\/2026\/02\/Hotel-Porto-Sofie_kuchen_kaese_high.jpg\" class=\"et_pb_lightbox_image\"><span class=\"et_pb_image_wrap\"><img loading=\"lazy\" decoding=\"async\" src=\"https:\/\/staging.portosofie.ch\/wp-content\/uploads\/2026\/02\/Hotel-Porto-Sofie_kuchen_kaese_high.jpg\" width=\"1213\" height=\"1387\" srcset=\"https:\/\/staging.portosofie.ch\/wp-content\/uploads\/2026\/02\/Hotel-Porto-Sofie_kuchen_kaese_high.jpg 1213w, https:\/\/staging.portosofie.ch\/wp-content\/uploads\/2026\/02\/Hotel-Porto-Sofie_kuchen_kaese_high-980x1121.jpg 980w, https:\/\/staging.portosofie.ch\/wp-content\/uploads\/2026\/02\/Hotel-Porto-Sofie_kuchen_kaese_high-480x549.jpg 480w\" sizes=\"(min-width: 0px) and (max-width: 480px) 480px, (min-width: 481px) and (max-width: 980px) 980px, (min-width: 981px) 1213px, 100vw\" class=\"wp-image-467\" title=\"Hotel Porto Sofie_kuchen_kaese_high\" \/><\/span><\/a><\/div>\n<\/div>\n\n<div class=\"et_pb_column_15 et_pb_column et-last-child et_flex_column et_pb_css_mix_blend_mode_passthrough et_flex_column_12_24 et_flex_column_12_24_tablet et_flex_column_24_24_phone\">\n<div class=\"et_pb_image_1 et_pb_image et_pb_module et_block_module\"><a href=\"https:\/\/staging.portosofie.ch\/wp-content\/uploads\/2026\/02\/Hotel-Porto-Sofie_kuchen_bienenstich.jpg\" class=\"et_pb_lightbox_image\"><span class=\"et_pb_image_wrap\"><img loading=\"lazy\" decoding=\"async\" src=\"https:\/\/staging.portosofie.ch\/wp-content\/uploads\/2026\/02\/Hotel-Porto-Sofie_kuchen_bienenstich.jpg\" width=\"1343\" height=\"1446\" srcset=\"https:\/\/staging.portosofie.ch\/wp-content\/uploads\/2026\/02\/Hotel-Porto-Sofie_kuchen_bienenstich.jpg 1343w, https:\/\/staging.portosofie.ch\/wp-content\/uploads\/2026\/02\/Hotel-Porto-Sofie_kuchen_bienenstich-1280x1378.jpg 1280w, https:\/\/staging.portosofie.ch\/wp-content\/uploads\/2026\/02\/Hotel-Porto-Sofie_kuchen_bienenstich-980x1055.jpg 980w, https:\/\/staging.portosofie.ch\/wp-content\/uploads\/2026\/02\/Hotel-Porto-Sofie_kuchen_bienenstich-480x517.jpg 480w\" sizes=\"(min-width: 0px) and (max-width: 480px) 480px, (min-width: 481px) and (max-width: 980px) 980px, (min-width: 981px) and (max-width: 1280px) 1280px, (min-width: 1281px) 1343px, 100vw\" class=\"wp-image-468\" title=\"Hotel Porto Sofie_kuchen_bienenstich\" \/><\/span><\/a><\/div>\n<\/div>\n<\/div>\n<\/div>\n\n<div class=\"et_pb_section_5 et_pb_section et_section_regular et_block_section et_pb_section_parallax\"><span class=\"et-pb-parallax-wrapper\"><span class=\"et-pb-parallax-background et-pb-parallax-background--css et-pb-parallax-background-module--divi-section-5\" style=\"background-image:url(https:\/\/staging.portosofie.ch\/wp-content\/uploads\/2026\/02\/8092296.jpg)\"><\/span><\/span>\n<div class=\"et_pb_row_9 et_pb_row et_block_row et_pb_row_fullwidth\">\n<div class=\"et_pb_column_16 et_pb_column et_pb_column_1_2 et_block_column et_pb_css_mix_blend_mode_passthrough\">\n<div class=\"et_pb_text_12 et_pb_text et_pb_bg_layout_light et_pb_module et_block_module\"><div class=\"et_pb_text_inner\"><h3>Glace<\/h3>\n<p>Unser original italienisches Glace wird in Italien von einem Familienbetrieb hergestellt, der seit Generationen f\u00fcr das unverkennbare und hochwertige Glace bekannt ist. Unsere Glace werden g\u00e4nzlich ohne Farbstoffe und Konservierungsstoffe nach alter Gelateria Handwerkskunst hergestellt.<\/p>\n<p>Finden Sie Ihre Sorte f\u00fcr Ihren Geschmack.<\/p>\n<\/div><\/div>\n<\/div>\n\n<div class=\"et_pb_column_17 et_pb_column et_pb_column_1_2 et-last-child et_block_column et_pb_column_empty et_pb_css_mix_blend_mode_passthrough\"><\/div>\n<\/div>\n<\/div>\n\n<div class=\"et_pb_section_6 et_pb_section et_section_regular et_block_section\">\n<div class=\"et_pb_row_10 et_pb_row et_pb_equal_columns et_pb_gutters1 et_block_row\">\n<div class=\"et_pb_column_18 et_pb_column et_pb_column_1_2 et_block_column et_pb_css_mix_blend_mode_passthrough\">\n<div class=\"et_pb_image_2 et_pb_image et_pb_module et_block_module\"><a href=\"https:\/\/staging.portosofie.ch\/wp-content\/uploads\/2026\/02\/Porto-Sofie-Tag-10031-scaled-1.jpg\" class=\"et_pb_lightbox_image\"><span class=\"et_pb_image_wrap\"><img loading=\"lazy\" decoding=\"async\" src=\"https:\/\/staging.portosofie.ch\/wp-content\/uploads\/2026\/02\/Porto-Sofie-Tag-10031-scaled-1.jpg\" width=\"1920\" height=\"1280\" srcset=\"https:\/\/staging.portosofie.ch\/wp-content\/uploads\/2026\/02\/Porto-Sofie-Tag-10031-scaled-1.jpg 1920w, https:\/\/staging.portosofie.ch\/wp-content\/uploads\/2026\/02\/Porto-Sofie-Tag-10031-scaled-1-1280x853.jpg 1280w, https:\/\/staging.portosofie.ch\/wp-content\/uploads\/2026\/02\/Porto-Sofie-Tag-10031-scaled-1-980x653.jpg 980w, https:\/\/staging.portosofie.ch\/wp-content\/uploads\/2026\/02\/Porto-Sofie-Tag-10031-scaled-1-480x320.jpg 480w\" sizes=\"(min-width: 0px) and (max-width: 480px) 480px, (min-width: 481px) and (max-width: 980px) 980px, (min-width: 981px) and (max-width: 1280px) 1280px, (min-width: 1281px) 1920px, 100vw\" class=\"wp-image-470\" title=\"Porto Sofie Tag 10031\" \/><\/span><\/a><\/div>\n<\/div>\n\n<div class=\"et_pb_column_19 et_pb_column et_pb_column_1_2 et-last-child et_block_column et_pb_css_mix_blend_mode_passthrough\">\n<div class=\"et_pb_image_3 et_pb_image et_pb_module et_block_module\"><a href=\"https:\/\/staging.portosofie.ch\/wp-content\/uploads\/2026\/02\/Porto-Sofie-Tag-10028-scaled-1.jpg\" class=\"et_pb_lightbox_image\"><span class=\"et_pb_image_wrap\"><img loading=\"lazy\" decoding=\"async\" src=\"https:\/\/staging.portosofie.ch\/wp-content\/uploads\/2026\/02\/Porto-Sofie-Tag-10028-scaled-1.jpg\" width=\"1920\" height=\"1280\" srcset=\"https:\/\/staging.portosofie.ch\/wp-content\/uploads\/2026\/02\/Porto-Sofie-Tag-10028-scaled-1.jpg 1920w, https:\/\/staging.portosofie.ch\/wp-content\/uploads\/2026\/02\/Porto-Sofie-Tag-10028-scaled-1-1280x853.jpg 1280w, https:\/\/staging.portosofie.ch\/wp-content\/uploads\/2026\/02\/Porto-Sofie-Tag-10028-scaled-1-980x653.jpg 980w, https:\/\/staging.portosofie.ch\/wp-content\/uploads\/2026\/02\/Porto-Sofie-Tag-10028-scaled-1-480x320.jpg 480w\" sizes=\"(min-width: 0px) and (max-width: 480px) 480px, (min-width: 481px) and (max-width: 980px) 980px, (min-width: 981px) and (max-width: 1280px) 1280px, (min-width: 1281px) 1920px, 100vw\" class=\"wp-image-471\" title=\"Porto Sofie Tag 10028\" \/><\/span><\/a><\/div>\n<\/div>\n<\/div>\n<\/div>\n\n<div class=\"et_pb_section_7 et_pb_section et_section_regular et_block_section\">\n<div class=\"et_pb_row_11 et_pb_row et_flex_row\">\n<div class=\"et_pb_column_20 et_pb_column et_flex_column et_pb_column_empty et_pb_css_mix_blend_mode_passthrough et_flex_column_8_24 et_flex_column_24_24_tablet et_flex_column_24_24_phone\"><\/div>\n\n<div class=\"et_pb_column_21 et_pb_column et_flex_column et_pb_css_mix_blend_mode_passthrough et_flex_column_8_24 et_flex_column_24_24_tablet et_flex_column_24_24_phone\">\n<div class=\"et_pb_text_13 et_pb_text et_pb_bg_layout_dark et_pb_module et_block_module\"><div class=\"et_pb_text_inner\"><h3>Die Welt geh\u00f6rt dem, der sie\u00a0geniesst.<\/h3>\n<p>Es gibt wohl kein Getr\u00e4nk, welches so beliebt ist und Einfluss nimmt, wie der Kaffee zum Start in den Tag. Erfreulicherweise hat Gottlieben einen besonders hochwertigen Premium Kaffee zu bieten. Ob klassischer Espresso, cremiger Cappuccino, oder angesagter Cold Brew \u2013 in unserem liebsten Caf\u00e9 in Gottlieben erf\u00e4hrt man den besten Kaffeegeschmack.<\/p>\n<\/div><\/div>\n<\/div>\n\n<div class=\"et_pb_column_22 et_pb_column et-last-child et_flex_column et_pb_column_empty et_pb_css_mix_blend_mode_passthrough et_flex_column_8_24 et_flex_column_24_24_tablet et_flex_column_24_24_phone\"><\/div>\n<\/div>\n<\/div>\n\n<div class=\"et_pb_section_8 et_pb_section et_section_regular et_block_section\" id=\"Seerhein_Brunch\">\n<div class=\"et_pb_row_12 et_pb_row et_block_row\">\n<div class=\"et_pb_column_23 et_pb_column et_pb_column_4_4 et-last-child et_block_column et_pb_css_mix_blend_mode_passthrough\">\n<div class=\"et_pb_divider_0 et_pb_divider et_pb_space et_pb_divider_position_top et_pb_module\"><div class=\"et_pb_divider_internal\"><\/div><\/div>\n\n<div class=\"et_pb_text_14 et_pb_text et_pb_bg_layout_light et_pb_module et_block_module\"><div class=\"et_pb_text_inner\"><h1>Fr\u00fchst\u00fccken im Hotel<\/h1>\n<p>CHF 25.- pro Person<\/p>\n<p>T\u00e4glich von 08.00 bis 10.00 Uhr, mit Voranmeldung<\/p>\n<\/div><\/div>\n<\/div>\n<\/div>\n\n<div class=\"et_pb_row_13 et_pb_row et_pb_equal_columns et_block_row centered\">\n<div class=\"et_pb_column_24 et_pb_column et_pb_column_4_4 et-last-child et_block_column et_pb_css_mix_blend_mode_passthrough\">\n<div class=\"et_pb_text_15 et_pb_text et_pb_bg_layout_light et_pb_module et_block_module\"><div class=\"et_pb_text_inner\"><h3>Fr\u00fchst\u00fcck<\/h3>\n<p>F\u00fcr Hotelg\u00e4ste und externe bieten wir t\u00e4glich unser reichhaltiges Fr\u00fchst\u00fcck mit verschiedenen Teigwaren, Aufschnitt, frischen Obst, Joghurt-Variationen, sowie einer Kaffeestation &amp; Saftstation an.\u00a0\u00a0<\/p>\n<p>&nbsp;<\/p>\n<\/div><\/div>\n\n<div class=\"et_pb_module et_pb_button_module_wrapper et_pb_button_0_wrapper\"><a class=\"et_pb_button_0 et_pb_button et_pb_bg_layout_light et_pb_module et_block_module\" href=\"#kontakt2\">Jetzt reservieren<\/a><\/div>\n<\/div>\n<\/div>\n<\/div>\n\n<div class=\"et_pb_section_9 et_pb_section et_section_regular et_block_section\" id=\"menu\">\n<div class=\"et_pb_row_14 et_pb_row et_block_row\">\n<div class=\"et_pb_column_25 et_pb_column et_pb_column_4_4 et-last-child et_block_column et_pb_css_mix_blend_mode_passthrough\">\n<div class=\"et_pb_text_16 et_pb_text et_pb_bg_layout_light et_pb_module et_block_module\"><div class=\"et_pb_text_inner\"><h1>Menu<\/h1>\n<\/div><\/div>\n\n<div class=\"dipi_image_accordion_0 dipi_image_accordion et_pb_bg_layout_light et_pb_module\"><div class=\"dipi_image_accordion_wrapper\" data-accordion-type=\"on_hover\">\n                \n<div class=\"dipi_image_accordion_child_0 dipi_image_accordion_child et_pb_bg_layout_light et_pb_module\"><div class=\"dipi-ia-image-bg\" style=\"position: relative;\">\n                <div class=\"dipi-bg-img-wrapper\" style=\"position: absolute; top: 0; left: 0; width: 100%; height: 100%; z-index: 0; overflow: hidden;\">\n\t\t\t\t<img loading=\"lazy\" decoding=\"async\" src=\"https:\/\/staging.portosofie.ch\/wp-content\/uploads\/2026\/02\/DSC1996-scaled-1.jpg\" width=\"1920\" height=\"1280\" srcset=\"https:\/\/staging.portosofie.ch\/wp-content\/uploads\/2026\/02\/DSC1996-scaled-1.jpg 1920w, https:\/\/staging.portosofie.ch\/wp-content\/uploads\/2026\/02\/DSC1996-scaled-1-1280x853.jpg 1280w, https:\/\/staging.portosofie.ch\/wp-content\/uploads\/2026\/02\/DSC1996-scaled-1-980x653.jpg 980w, https:\/\/staging.portosofie.ch\/wp-content\/uploads\/2026\/02\/DSC1996-scaled-1-480x320.jpg 480w\" sizes=\"(min-width: 0px) and (max-width: 480px) 480px, (min-width: 481px) and (max-width: 980px) 980px, (min-width: 981px) and (max-width: 1280px) 1280px, (min-width: 1281px) 1920px, 100vw\" class=\"wp-image-201\" \/>\n\t\t\t<\/div>\n                <div class=\"dipi_image_accordion_bg dipi_hide_on_hover\"><\/div>\n                <div class=\"dipi_image_accordion_bg_hover\"><\/div>\n                <div class=\"dipi_image_accordion_child_content_wrapper dipi-align-horizontal-center dipi-align-vertical-bottom\">\n                    <div class=\"dipi-accordion-content\" data-active-on-load=\"\" data-active-on-load-tablet=\"\" data-active-on-load-phone=\"\">\n                        \n                        <h3 class=\"dipi-accordion-title\"><div>Weinkarte<\/div><\/h3>\n                        <div class=\"dipi-accordion-description\"><\/div>\n                        <div class=\"dipi-accordion-button-wrap\"><a class=\"et_pb_button dipi_accordion_button\" href=\"\/en\/weinkarte\/\">Zur Weinkarte<\/a><\/div>\n                    <\/div>\n                <\/div>\n            <\/div><\/div>\n\n<div class=\"dipi_image_accordion_child_1 dipi_image_accordion_child et_clickable et_pb_bg_layout_light et_pb_module\"><div class=\"dipi-ia-image-bg\" style=\"position: relative;\">\n                <div class=\"dipi-bg-img-wrapper\" style=\"position: absolute; top: 0; left: 0; width: 100%; height: 100%; z-index: 0; overflow: hidden;\">\n\t\t\t\t<img loading=\"lazy\" decoding=\"async\" src=\"https:\/\/staging.portosofie.ch\/wp-content\/uploads\/2026\/02\/porto_sofie_food0024-scaled-1.jpg\" width=\"1920\" height=\"1280\" srcset=\"https:\/\/staging.portosofie.ch\/wp-content\/uploads\/2026\/02\/porto_sofie_food0024-scaled-1.jpg 1920w, https:\/\/staging.portosofie.ch\/wp-content\/uploads\/2026\/02\/porto_sofie_food0024-scaled-1-1280x853.jpg 1280w, https:\/\/staging.portosofie.ch\/wp-content\/uploads\/2026\/02\/porto_sofie_food0024-scaled-1-980x653.jpg 980w, https:\/\/staging.portosofie.ch\/wp-content\/uploads\/2026\/02\/porto_sofie_food0024-scaled-1-480x320.jpg 480w\" sizes=\"(min-width: 0px) and (max-width: 480px) 480px, (min-width: 481px) and (max-width: 980px) 980px, (min-width: 981px) and (max-width: 1280px) 1280px, (min-width: 1281px) 1920px, 100vw\" class=\"wp-image-195\" \/>\n\t\t\t<\/div>\n                <div class=\"dipi_image_accordion_bg dipi_hide_on_hover\"><\/div>\n                <div class=\"dipi_image_accordion_bg_hover\"><\/div>\n                <div class=\"dipi_image_accordion_child_content_wrapper dipi-align-horizontal-center dipi-align-vertical-bottom\">\n                    <div class=\"dipi-accordion-content\" data-active-on-load=\"\" data-active-on-load-tablet=\"\" data-active-on-load-phone=\"\">\n                        \n                        <h3 class=\"dipi-accordion-title\"><div>Speisekarte<\/div><\/h3>\n                        <div class=\"dipi-accordion-description\"><\/div>\n                        <div class=\"dipi-accordion-button-wrap\"><a class=\"et_pb_button dipi_accordion_button\" href=\"\/en\/speisekarte\/\">Zur Speisekarte<\/a><\/div>\n                    <\/div>\n                <\/div>\n            <\/div><\/div>\n\n<div class=\"dipi_image_accordion_child_2 dipi_image_accordion_child et_clickable et_pb_bg_layout_light et_pb_module\"><div class=\"dipi-ia-image-bg\" style=\"position: relative;\">\n                <div class=\"dipi-bg-img-wrapper\" style=\"position: absolute; top: 0; left: 0; width: 100%; height: 100%; z-index: 0; overflow: hidden;\">\n\t\t\t\t<img loading=\"lazy\" decoding=\"async\" src=\"https:\/\/staging.portosofie.ch\/wp-content\/uploads\/2026\/02\/Porto-Sofie-Signature-Drink-scaled-1.jpg\" width=\"1177\" height=\"1920\" srcset=\"https:\/\/staging.portosofie.ch\/wp-content\/uploads\/2026\/02\/Porto-Sofie-Signature-Drink-scaled-1.jpg 1177w, https:\/\/staging.portosofie.ch\/wp-content\/uploads\/2026\/02\/Porto-Sofie-Signature-Drink-scaled-1-980x1599.jpg 980w, https:\/\/staging.portosofie.ch\/wp-content\/uploads\/2026\/02\/Porto-Sofie-Signature-Drink-scaled-1-480x783.jpg 480w\" sizes=\"(min-width: 0px) and (max-width: 480px) 480px, (min-width: 481px) and (max-width: 980px) 980px, (min-width: 981px) 1177px, 100vw\" class=\"wp-image-202\" \/>\n\t\t\t<\/div>\n                <div class=\"dipi_image_accordion_bg dipi_hide_on_hover\"><\/div>\n                <div class=\"dipi_image_accordion_bg_hover\"><\/div>\n                <div class=\"dipi_image_accordion_child_content_wrapper dipi-align-horizontal-center dipi-align-vertical-bottom\">\n                    <div class=\"dipi-accordion-content\" data-active-on-load=\"\" data-active-on-load-tablet=\"\" data-active-on-load-phone=\"\">\n                        \n                        <h3 class=\"dipi-accordion-title\"><div>Getr\u00e4nkekarte<\/div><\/h3>\n                        <div class=\"dipi-accordion-description\"><\/div>\n                        <div class=\"dipi-accordion-button-wrap\"><a class=\"et_pb_button dipi_accordion_button\" href=\"\/en\/getraenkekarte\/\">Zur Getr\u00e4nkekarte<\/a><\/div>\n                    <\/div>\n                <\/div>\n            <\/div><\/div>\n\n            <\/div><\/div>\n<\/div>\n<\/div>\n<\/div>\n\n<div class=\"et_pb_section_10 et_pb_section et_section_regular et_block_section\" id=\"kontakt\">\n<div class=\"et_pb_row_15 et_pb_row et_block_row\">\n<div class=\"et_pb_column_26 et_pb_column et_pb_column_4_4 et-last-child et_block_column et_pb_css_mix_blend_mode_passthrough\">\n<div class=\"et_pb_text_17 et_pb_text et_pb_bg_layout_light et_pb_module et_block_module\"><div class=\"et_pb_text_inner\"><h3>Reservieren Sie jetzt einen Tisch<\/h3>\n<\/div><\/div>\n\n<div class=\"et_pb_module et_pb_button_module_wrapper et_pb_button_1_wrapper\"><a class=\"et_pb_button_1 et_pb_button et_pb_bg_layout_dark et_pb_module et_block_module\" href=\"\/en\/specials\/#kontakt2\" target=\"_blank\" id=\"dipi_popup_id_1766520\">Jetzt reservieren<\/a><\/div>\n<\/div>\n<\/div>\n<\/div>","protected":false},"excerpt":{"rendered":"","protected":false},"author":1,"featured_media":0,"parent":0,"menu_order":0,"comment_status":"closed","ping_status":"closed","template":"","meta":{"_acf_changed":false,"_et_pb_use_builder":"on","_et_pb_old_content":"","_et_gb_content_width":"","iawp_total_views":0,"footnotes":""},"dipi_cpt_category":[],"class_list":["post-446","page","type-page","status-publish","hentry"],"acf":[],"_links":{"self":[{"href":"https:\/\/staging.portosofie.ch\/en\/wp-json\/wp\/v2\/pages\/446","targetHints":{"allow":["GET"]}}],"collection":[{"href":"https:\/\/staging.portosofie.ch\/en\/wp-json\/wp\/v2\/pages"}],"about":[{"href":"https:\/\/staging.portosofie.ch\/en\/wp-json\/wp\/v2\/types\/page"}],"author":[{"embeddable":true,"href":"https:\/\/staging.portosofie.ch\/en\/wp-json\/wp\/v2\/users\/1"}],"replies":[{"embeddable":true,"href":"https:\/\/staging.portosofie.ch\/en\/wp-json\/wp\/v2\/comments?post=446"}],"version-history":[{"count":0,"href":"https:\/\/staging.portosofie.ch\/en\/wp-json\/wp\/v2\/pages\/446\/revisions"}],"wp:attachment":[{"href":"https:\/\/staging.portosofie.ch\/en\/wp-json\/wp\/v2\/media?parent=446"}],"wp:term":[{"taxonomy":"dipi_cpt_category","embeddable":true,"href":"https:\/\/staging.portosofie.ch\/en\/wp-json\/wp\/v2\/dipi_cpt_category?post=446"}],"curies":[{"name":"wp","href":"https:\/\/api.w.org\/{rel}","templated":true}]}}