{"id":524,"date":"2026-02-21T18:49:20","date_gmt":"2026-02-21T17:49:20","guid":{"rendered":"https:\/\/server-wechsel.de\/?page_id=524"},"modified":"2026-03-16T09:06:20","modified_gmt":"2026-03-16T08:06:20","slug":"mittagstisch","status":"publish","type":"page","link":"https:\/\/staging.portosofie.ch\/en\/mittagstisch\/","title":{"rendered":"Mittagstisch"},"content":{"rendered":"<div class=\"et_pb_section_0 et_pb_section et_section_regular et_block_section\"><\/div>\n\n<div class=\"et_pb_section_1 et_pb_section et_section_regular et_block_section\" id=\"Seerhein_Brunch\">\n<div class=\"et_pb_row_0 et_pb_row et_block_row\">\n<div class=\"et_pb_column_0 et_pb_column et_pb_column_4_4 et-last-child et_block_column et_pb_css_mix_blend_mode_passthrough\">\n<div class=\"et_pb_divider_0 et_pb_divider et_pb_space et_pb_divider_position_top et_pb_module\"><div class=\"et_pb_divider_internal\"><\/div><\/div>\n\n<div class=\"et_pb_text_0 et_pb_text et_pb_bg_layout_light et_pb_module et_block_module\"><div class=\"et_pb_text_inner\"><h1>Mittagstisch im Porto Sofie<\/h1>\n<p>&nbsp;<\/p>\n<p>Dienstag bis Samstag<\/p>\n<p>von 12.00 - 14.00 Uhr<\/p>\n<p>2-Gang-Men\u00fc CHF 24.-<\/p>\n<\/div><\/div>\n<\/div>\n<\/div>\n\n<div class=\"et_pb_row_1 et_pb_row et_flex_row\">\n<div class=\"et_pb_column_1 et_pb_column et_flex_column et_pb_css_mix_blend_mode_passthrough et_flex_column_24_24 et_flex_column_24_24_tablet et_flex_column_24_24_phone\">\n<div class=\"et_pb_text_1 et_pb_text et_pb_bg_layout_light et_pb_module et_block_module\"><div class=\"et_pb_text_inner\"><h3>Lunch am Mittag<\/h3>\n<p>G\u00f6nnen Sie sich eine Pause mit unserem Mittagstisch in gewohnter Umgebung von Gastfreundschaft und Kulinarik. Unsere beiden w\u00f6chentlich wechselnden 2-Gang Men\u00fcs aus regionalen Zutaten umfassen Fleisch, Fisch und vegetarische Optionen.<\/p>\n<p>Unseren Mittagstisch servieren wir Ihnen von Montag - Samstag zwischen 12:00 und 14:00 Uhr immer dort wo es am sch\u00f6nsten ist, auf unserer Terrasse oder in der Brasserie.<\/p>\n<p>Schalten Sie ab, atmen Sie durch und geniessen Sie unseren Mittagstisch.<br \/>Denken Sie daran, rechtzeitig f\u00fcr die n\u00e4chste Arbeitswoche zu reservieren, idealerweise auch f\u00fcr Sie und Ihre Kollegen, als Gruppe bis zu maximal\u00a012\u00a0Personen.<\/p>\n<\/div><\/div>\n<\/div>\n\n<div class=\"et_pb_column_2 et_pb_column et-last-child et_flex_column et_pb_css_mix_blend_mode_passthrough et_flex_column_24_24 et_flex_column_24_24_tablet et_flex_column_24_24_phone\">\n<div class=\"et_pb_image_0 et_pb_image et_pb_module et_block_module\"><span class=\"et_pb_image_wrap\"><img loading=\"lazy\" decoding=\"async\" src=\"https:\/\/staging.portosofie.ch\/wp-content\/uploads\/2026\/02\/Hotel-Porto-Sofie-Mittagstisch-Tisch-eingedeckt-q-in-Gottlieben-in-Thurgau-bei-Kreuzlingen-am-Untersee.jpg\" width=\"709\" height=\"709\" srcset=\"https:\/\/staging.portosofie.ch\/wp-content\/uploads\/2026\/02\/Hotel-Porto-Sofie-Mittagstisch-Tisch-eingedeckt-q-in-Gottlieben-in-Thurgau-bei-Kreuzlingen-am-Untersee.jpg 709w, https:\/\/staging.portosofie.ch\/wp-content\/uploads\/2026\/02\/Hotel-Porto-Sofie-Mittagstisch-Tisch-eingedeckt-q-in-Gottlieben-in-Thurgau-bei-Kreuzlingen-am-Untersee-480x480.jpg 480w\" sizes=\"(min-width: 0px) and (max-width: 480px) 480px, (min-width: 481px) 709px, 100vw\" class=\"wp-image-529\" \/><\/span><\/div>\n<\/div>\n<\/div>\n\n<div class=\"et_pb_row_2 et_pb_row et_block_row\">\n<div class=\"et_pb_column_3 et_pb_column et_pb_column_4_4 et-last-child et_block_column et_pb_css_mix_blend_mode_passthrough\">\n\n\n<div class=\"et_pb_text_2 et_pb_text et_pb_bg_layout_light et_pb_module et_block_module\"><div class=\"et_pb_text_inner\"><p>17.02.2026 - 21.02.2026<\/p>\n<p>Champignonrahmsauce<br \/>\nmit Croutons und Rahm<\/p>\n<p>oder<\/p>\n<p>Kleiner gemischter Salat mit unserem Hausdressing<\/p>\n<p>*******<\/p>\n<p>Gebratenes Lachsfilet auf cremigem Risotto<br \/>\nserviert mit saisonalem Gem\u00fcse<\/p>\n<p>oder<\/p>\n<p>Zucchetti T\u00e4schli auf Tagliatelle\u00a0serviert mit Kr\u00e4uterrahmsauce\u00a0<\/p>\n<\/div><\/div>\n\n<div class=\"et_pb_module et_pb_button_module_wrapper et_pb_button_0_wrapper\"><a class=\"et_pb_button_0 et_pb_button et_pb_bg_layout_light et_pb_module et_block_module\" href=\"#\" id=\"dipi_popup_id_1766520\">Jetzt reservieren<\/a><\/div>\n\n<div class=\"et_pb_signup_0 et_pb_signup et_pb_newsletter et_pb_subscribe et_pb_bg_layout_dark et_pb_text_align_center et_pb_module et_flex_module\"><div class=\"et_pb_newsletter_description\"><h2 class=\"et_pb_module_header\">Unser Mittagsmen\u00fc als Newsletter<\/h2><div class=\"et_pb_newsletter_description_content\"><p>Sie m\u00f6chten w\u00f6chentlich \u00fcber unseren Mittagstisch informiert werden? Gerne k\u00f6nnen Sie sich bei uns eintragen und Sie werden immer Montags Vormittag \u00fcber das aktuelle Wochenmen\u00fc informiert.<\/p>\n<\/div><\/div><div class=\"et_pb_newsletter_form\"><form method=\"post\" class=\"et_pb_newsletter_custom_fields\" action=\"\"><div class=\"et_pb_newsletter_result et_pb_newsletter_error\"><\/div><div class=\"et_pb_newsletter_result et_pb_newsletter_success\"><h2>Vielen Dank f\u00fcr Ihre Anmeldung. Sie werden nun von uns w\u00f6chentlich \u00fcber unser Mittagsmen\u00fc informiert.<\/h2><\/div><div class=\"et_pb_newsletter_fields et_flex_module\" style=\"--flex-direction: row;\"><p class=\"et_pb_newsletter_field et_pb_contact_field_last et_pb_contact_field_last_tablet et_pb_contact_field_last_phone\"><label class=\"et_pb_contact_form_label\" for=\"et_pb_signup_firstname\" style=\"display: none;\">Name<\/label><input class=\"input\" id=\"et_pb_signup_firstname\" type=\"text\" placeholder=\"Name\" name=\"et_pb_signup_firstname\" \/><\/p><p class=\"et_pb_newsletter_field et_pb_contact_field_last et_pb_contact_field_last_tablet et_pb_contact_field_last_phone\"><label class=\"et_pb_contact_form_label\" for=\"et_pb_signup_email\" style=\"display: none;\">Email<\/label><input class=\"input\" id=\"et_pb_signup_email\" type=\"text\" placeholder=\"Email\" name=\"et_pb_signup_email\" \/><\/p><p class=\"et_pb_newsletter_button_wrap\"><a class=\"et_pb_button et_pb_newsletter_button\" href=\"#\"><span class=\"et_subscribe_loader\"><\/span><span class=\"et_pb_newsletter_button_text\">Jetzt anmelden<\/span><\/a><\/p><\/div><input type=\"hidden\" name=\"et_pb_signup_provider\" value=\"sendinblue\" \/><input type=\"hidden\" name=\"et_pb_signup_list_id\" value=\"8\" \/><input type=\"hidden\" name=\"et_pb_signup_account_name\" value=\"info@portosofiech\" \/><input type=\"hidden\" name=\"et_pb_signup_ip_address\" value=\"true\" \/><input type=\"hidden\" name=\"et_pb_signup_checksum\" value=\"dd42595b9700dc77c6dfa2138f11b9e1\" \/><input type=\"hidden\" name=\"trp-form-language\" value=\"en\"\/><\/form><\/div><\/div>\n<\/div>\n<\/div>\n<\/div>\n\n<div class=\"et_pb_section_2 et_pb_section et_section_regular et_block_section\">\n<div class=\"et_pb_row_3 et_pb_row et_block_row\">\n<div class=\"et_pb_column_4 et_pb_column et_pb_column_4_4 et-last-child et_block_column et_pb_css_mix_blend_mode_passthrough\">\n\n\n<div class=\"et_pb_module et_pb_button_module_wrapper et_pb_button_1_wrapper\"><a class=\"et_pb_button_1 et_pb_button et_pb_bg_layout_dark et_pb_module et_block_module\" href=\"#\" id=\"dipi_popup_id_1766520\">Tisch reservieren<\/a><\/div>\n<\/div>\n<\/div>\n\n<div class=\"et_pb_row_4 et_pb_row et_pb_row_4col et_block_row et_block_row_4col\">\n<div class=\"et_pb_column_5 et_pb_column et_pb_column_1_4 et_block_column et_pb_css_mix_blend_mode_passthrough\">\n<div class=\"et_pb_blurb_0 et_pb_blurb et_pb_bg_layout_light et_pb_blurb_position_top et_pb_module et_block_module\"><div class=\"et_pb_blurb_content\"><div class=\"et_pb_main_blurb_image\"><a href=\"https:\/\/book.portosofie.ch\" target=\"_blank\" rel=\"noopener\"><span class=\"et_pb_image_wrap et_pb_only_image_mode_wrap\"><img loading=\"lazy\" decoding=\"async\" src=\"https:\/\/staging.portosofie.ch\/wp-content\/uploads\/2026\/02\/Hotel-Porto-Sofie-jetzt-uebernachten-Bodensee-Kreuzlingen-Seerhein-Gottlieben.webp\" width=\"945\" height=\"945\" srcset=\"https:\/\/staging.portosofie.ch\/wp-content\/uploads\/2026\/02\/Hotel-Porto-Sofie-jetzt-uebernachten-Bodensee-Kreuzlingen-Seerhein-Gottlieben.webp 945w, https:\/\/staging.portosofie.ch\/wp-content\/uploads\/2026\/02\/Hotel-Porto-Sofie-jetzt-uebernachten-Bodensee-Kreuzlingen-Seerhein-Gottlieben-480x480.webp 480w\" sizes=\"(min-width: 0px) and (max-width: 480px) 480px, (min-width: 481px) 945px, 100vw\" class=\"wp-image-237\" alt=\"Zimmer Hotel Porto Sofie am Seerhein, Thurgau, Bodensee\" \/><\/span><\/a><\/div><div class=\"et_pb_blurb_container\"><h4 class=\"et_pb_module_header\"><a href=\"https:\/\/book.portosofie.ch\" target=\"_blank\" rel=\"noopener\">\u00dcbernachten<\/a><\/h4><div class=\"et_pb_blurb_description\"><p>Jetzt reservieren und \u00fcbernachten.<\/p>\n<\/div><\/div><\/div><\/div>\n<\/div>\n\n<div class=\"et_pb_column_6 et_pb_column et_pb_column_1_4 et_block_column et_pb_css_mix_blend_mode_passthrough\">\n<div class=\"et_pb_blurb_1 et_pb_blurb et_pb_bg_layout_light et_pb_blurb_position_top et_pb_module et_block_module\"><div class=\"et_pb_blurb_content\"><div class=\"et_pb_main_blurb_image\"><span class=\"et_pb_image_wrap et_pb_only_image_mode_wrap\"><img loading=\"lazy\" decoding=\"async\" src=\"https:\/\/staging.portosofie.ch\/wp-content\/uploads\/2026\/02\/Hotel-Porto-Sofie-Brasserie-Bodensee-Kreuzlingen-Seerhein-Gottlieben.webp\" width=\"945\" height=\"945\" srcset=\"https:\/\/staging.portosofie.ch\/wp-content\/uploads\/2026\/02\/Hotel-Porto-Sofie-Brasserie-Bodensee-Kreuzlingen-Seerhein-Gottlieben.webp 945w, https:\/\/staging.portosofie.ch\/wp-content\/uploads\/2026\/02\/Hotel-Porto-Sofie-Brasserie-Bodensee-Kreuzlingen-Seerhein-Gottlieben-480x480.webp 480w\" sizes=\"(min-width: 0px) and (max-width: 480px) 480px, (min-width: 481px) 945px, 100vw\" class=\"wp-image-238\" \/><\/span><\/div><div class=\"et_pb_blurb_container\"><h4 class=\"et_pb_module_header\">Geniessen<\/h4><div class=\"et_pb_blurb_description\"><p>Jetzt reservieren und geniessen.<\/p>\n<\/div><\/div><\/div><\/div>\n<\/div>\n\n<div class=\"et_pb_column_7 et_pb_column et_pb_column_1_4 et_block_column et_pb_css_mix_blend_mode_passthrough\">\n<div class=\"et_pb_blurb_2 et_pb_blurb et_pb_bg_layout_light et_pb_blurb_position_top et_pb_module et_block_module\"><div class=\"et_pb_blurb_content\"><div class=\"et_pb_main_blurb_image\"><span class=\"et_pb_image_wrap et_pb_only_image_mode_wrap\"><img loading=\"lazy\" decoding=\"async\" src=\"https:\/\/staging.portosofie.ch\/wp-content\/uploads\/2026\/02\/2-08d6e377-74b6-45e0-b6fa-303dc939d9e1-512x512-1.jpg\" width=\"512\" height=\"512\" srcset=\"https:\/\/staging.portosofie.ch\/wp-content\/uploads\/2026\/02\/2-08d6e377-74b6-45e0-b6fa-303dc939d9e1-512x512-1.jpg 512w, https:\/\/staging.portosofie.ch\/wp-content\/uploads\/2026\/02\/2-08d6e377-74b6-45e0-b6fa-303dc939d9e1-512x512-1-480x480.jpg 480w\" sizes=\"(min-width: 0px) and (max-width: 480px) 480px, (min-width: 481px) 512px, 100vw\" class=\"wp-image-239\" \/><\/span><\/div><div class=\"et_pb_blurb_container\"><h4 class=\"et_pb_module_header\">Tasten<\/h4><div class=\"et_pb_blurb_description\"><p>Jetzt reservieren und tasten.<\/p>\n<\/div><\/div><\/div><\/div>\n<\/div>\n\n<div class=\"et_pb_column_8 et_pb_column et_pb_column_1_4 et-last-child et_block_column et_pb_css_mix_blend_mode_passthrough\">\n<div class=\"et_pb_blurb_3 et_pb_blurb et_pb_bg_layout_light et_pb_blurb_position_top et_pb_module et_block_module\"><div class=\"et_pb_blurb_content\"><div class=\"et_pb_main_blurb_image\"><span class=\"et_pb_image_wrap et_pb_only_image_mode_wrap\"><img loading=\"lazy\" decoding=\"async\" src=\"https:\/\/staging.portosofie.ch\/wp-content\/uploads\/2026\/02\/Hotel-Porto-Sofie-Events-Bodensee-Kreuzlingen-Seerhein-Gottlieben-.webp\" width=\"945\" height=\"945\" srcset=\"https:\/\/staging.portosofie.ch\/wp-content\/uploads\/2026\/02\/Hotel-Porto-Sofie-Events-Bodensee-Kreuzlingen-Seerhein-Gottlieben-.webp 945w, https:\/\/staging.portosofie.ch\/wp-content\/uploads\/2026\/02\/Hotel-Porto-Sofie-Events-Bodensee-Kreuzlingen-Seerhein-Gottlieben--480x480.webp 480w\" sizes=\"(min-width: 0px) and (max-width: 480px) 480px, (min-width: 481px) 945px, 100vw\" class=\"wp-image-240\" \/><\/span><\/div><div class=\"et_pb_blurb_container\"><h4 class=\"et_pb_module_header\">Erleben<\/h4><div class=\"et_pb_blurb_description\"><p>Jetzt reservieren und erleben.<\/p>\n<\/div><\/div><\/div><\/div>\n<\/div>\n<\/div>\n<\/div>\n\n<div class=\"et_pb_section_3 et_pb_section et_section_regular et_block_section\" id=\"kontakt2\"><\/div>","protected":false},"excerpt":{"rendered":"","protected":false},"author":1,"featured_media":0,"parent":0,"menu_order":0,"comment_status":"closed","ping_status":"closed","template":"","meta":{"_acf_changed":false,"_et_pb_use_builder":"on","_et_pb_old_content":"","_et_gb_content_width":"","iawp_total_views":0,"footnotes":""},"dipi_cpt_category":[],"class_list":["post-524","page","type-page","status-publish","hentry"],"acf":[],"_links":{"self":[{"href":"https:\/\/staging.portosofie.ch\/en\/wp-json\/wp\/v2\/pages\/524","targetHints":{"allow":["GET"]}}],"collection":[{"href":"https:\/\/staging.portosofie.ch\/en\/wp-json\/wp\/v2\/pages"}],"about":[{"href":"https:\/\/staging.portosofie.ch\/en\/wp-json\/wp\/v2\/types\/page"}],"author":[{"embeddable":true,"href":"https:\/\/staging.portosofie.ch\/en\/wp-json\/wp\/v2\/users\/1"}],"replies":[{"embeddable":true,"href":"https:\/\/staging.portosofie.ch\/en\/wp-json\/wp\/v2\/comments?post=524"}],"version-history":[{"count":0,"href":"https:\/\/staging.portosofie.ch\/en\/wp-json\/wp\/v2\/pages\/524\/revisions"}],"wp:attachment":[{"href":"https:\/\/staging.portosofie.ch\/en\/wp-json\/wp\/v2\/media?parent=524"}],"wp:term":[{"taxonomy":"dipi_cpt_category","embeddable":true,"href":"https:\/\/staging.portosofie.ch\/en\/wp-json\/wp\/v2\/dipi_cpt_category?post=524"}],"curies":[{"name":"wp","href":"https:\/\/api.w.org\/{rel}","templated":true}]}}