{"id":530,"date":"2026-02-21T18:51:24","date_gmt":"2026-02-21T17:51:24","guid":{"rendered":"https:\/\/server-wechsel.de\/?page_id=530"},"modified":"2026-03-15T12:24:07","modified_gmt":"2026-03-15T11:24:07","slug":"seerhein-brunch","status":"publish","type":"page","link":"https:\/\/staging.portosofie.ch\/en\/seerhein-brunch\/","title":{"rendered":"Seerhein Brunch"},"content":{"rendered":"<div class=\"et_pb_section_0 et_pb_section et_section_regular et_block_section\"><\/div>\r\n\r\n<div class=\"et_pb_section_1 et_pb_section et_section_regular et_block_section\" id=\"Seerhein_Brunch\"><\/div>\r\n\r\n<div class=\"et_pb_section_2 et_pb_section et_section_regular et_block_section\">\r\n<div class=\"et_pb_row_0 et_pb_row et_block_row\">\r\n<div class=\"et_pb_column_0 et_pb_column et_pb_column_1_2 et_block_column et_pb_css_mix_blend_mode_passthrough\">\r\n<div class=\"et_pb_text_0 et_pb_text et_pb_bg_layout_light et_pb_module et_block_module\"><div class=\"et_pb_text_inner\"><h3>Seerhein Brunch f\u00fcr Ihren Anlass<\/h3>\n<\/div><\/div>\r\n\r\n<div class=\"et_pb_text_1 et_pb_text et_pb_bg_layout_light et_pb_module et_block_module\"><div class=\"et_pb_text_inner\"><p>Der Seerhein-Brunch in Gottlieben ist mehr als nur eine kulinarische Erfahrung im Thurgau \u2013 er ist ein Fest der Sinne, eingebettet in die bezaubernde Landschaft am Seerhein, am Bodensee. Hier, inmitten der zauberhaften Kulisse am Seerhein, wird jeder Besuch zu einem unvergesslichen Erlebnis \u2013 ideal f\u00fcr Ihren Anlass wie Geburtstagsfeier, Konfirmation, Kommunions-Feier, Taufe oder Ihr Jubil\u00e4um.<\/p>\n<p>F\u00fcr Familienfeiern \u00f6ffnen wir unsere T\u00fcren zu einer behaglichen Atmosph\u00e4re, die Gross und Klein gleichermassen willkommen heisst. Unser Brunchangebot f\u00fcr die Kleinen sorgt daf\u00fcr, dass auch die j\u00fcngsten G\u00e4ste beim Brunch auf ihre Kosten kommen, von herzhaften Leckereien bis zu s\u00fcssen Verf\u00fchrungen.<\/p>\n<p>Geburtstage werden bei uns zu wahrhaft festlichen Brunch-Events. Lassen Sie sich von unserem aufmerksamen Personal verw\u00f6hnen, w\u00e4hrend Sie den Blick auf den Seerhein beim Brunch geniessen. Unsere kulinarische Vielfalt, gepaart mit einer malerischen Kulisse, schafft die perfekte Brunch-Atmosph\u00e4re f\u00fcr Ihr pers\u00f6nliches Jubil\u00e4um.<\/p>\n<\/div><\/div>\r\n\r\n<div class=\"et_pb_image_0 et_pb_image et_pb_module et_block_module\"><span class=\"et_pb_image_wrap\"><img loading=\"lazy\" decoding=\"async\" src=\"https:\/\/staging.portosofie.ch\/wp-content\/uploads\/2026\/02\/Hotel-Porto-Sofie-Bar-Brasserie-in-Gottlieben-in-Thurgau-bei-Kreuzlingen-am-Seerhein-Brunch-Buffet-Speisesaal-scaled-1.jpeg\" width=\"1920\" height=\"1280\" srcset=\"https:\/\/staging.portosofie.ch\/wp-content\/uploads\/2026\/02\/Hotel-Porto-Sofie-Bar-Brasserie-in-Gottlieben-in-Thurgau-bei-Kreuzlingen-am-Seerhein-Brunch-Buffet-Speisesaal-scaled-1.jpeg 1920w, https:\/\/staging.portosofie.ch\/wp-content\/uploads\/2026\/02\/Hotel-Porto-Sofie-Bar-Brasserie-in-Gottlieben-in-Thurgau-bei-Kreuzlingen-am-Seerhein-Brunch-Buffet-Speisesaal-scaled-1-1280x853.jpeg 1280w, https:\/\/staging.portosofie.ch\/wp-content\/uploads\/2026\/02\/Hotel-Porto-Sofie-Bar-Brasserie-in-Gottlieben-in-Thurgau-bei-Kreuzlingen-am-Seerhein-Brunch-Buffet-Speisesaal-scaled-1-980x653.jpeg 980w, https:\/\/staging.portosofie.ch\/wp-content\/uploads\/2026\/02\/Hotel-Porto-Sofie-Bar-Brasserie-in-Gottlieben-in-Thurgau-bei-Kreuzlingen-am-Seerhein-Brunch-Buffet-Speisesaal-scaled-1-480x320.jpeg 480w\" sizes=\"(min-width: 0px) and (max-width: 480px) 480px, (min-width: 481px) and (max-width: 980px) 980px, (min-width: 981px) and (max-width: 1280px) 1280px, (min-width: 1281px) 1920px, 100vw\" class=\"wp-image-485\" title=\"Hotel Porto Sofie Bar Brasserie in Gottlieben in Thurgau, bei Kreuzlingen am Seerhein - Brunch Buffet Speisesaal\" alt=\"Hotel Porto Sofie - Speisesaal\" \/><\/span><\/div>\r\n<\/div>\r\n\r\n<div class=\"et_pb_column_1 et_pb_column et_pb_column_1_2 et-last-child et_block_column et_pb_css_mix_blend_mode_passthrough\">\r\n<div class=\"et_pb_image_1 et_pb_image et_pb_module et_block_module\"><span class=\"et_pb_image_wrap\"><img loading=\"lazy\" decoding=\"async\" src=\"https:\/\/staging.portosofie.ch\/wp-content\/uploads\/2026\/02\/Hotel-Porto-Sofie-Bar-Brasserie-in-Gottlieben-in-Thurgau-bei-Kreuzlingen-am-Seerhein-Brunch-scaled-1.jpeg\" width=\"1920\" height=\"1280\" srcset=\"https:\/\/staging.portosofie.ch\/wp-content\/uploads\/2026\/02\/Hotel-Porto-Sofie-Bar-Brasserie-in-Gottlieben-in-Thurgau-bei-Kreuzlingen-am-Seerhein-Brunch-scaled-1.jpeg 1920w, https:\/\/staging.portosofie.ch\/wp-content\/uploads\/2026\/02\/Hotel-Porto-Sofie-Bar-Brasserie-in-Gottlieben-in-Thurgau-bei-Kreuzlingen-am-Seerhein-Brunch-scaled-1-1280x853.jpeg 1280w, https:\/\/staging.portosofie.ch\/wp-content\/uploads\/2026\/02\/Hotel-Porto-Sofie-Bar-Brasserie-in-Gottlieben-in-Thurgau-bei-Kreuzlingen-am-Seerhein-Brunch-scaled-1-980x653.jpeg 980w, https:\/\/staging.portosofie.ch\/wp-content\/uploads\/2026\/02\/Hotel-Porto-Sofie-Bar-Brasserie-in-Gottlieben-in-Thurgau-bei-Kreuzlingen-am-Seerhein-Brunch-scaled-1-480x320.jpeg 480w\" sizes=\"(min-width: 0px) and (max-width: 480px) 480px, (min-width: 481px) and (max-width: 980px) 980px, (min-width: 981px) and (max-width: 1280px) 1280px, (min-width: 1281px) 1920px, 100vw\" class=\"wp-image-536\" title=\"Hotel Porto Sofie Bar Brasserie in Gottlieben in Thurgau, bei Kreuzlingen am Seerhein - Brunch\" alt=\"Hotel Porto Sofie - Speisesaal\" \/><\/span><\/div>\r\n\r\n<div class=\"et_pb_text_2 et_pb_text et_pb_bg_layout_light et_pb_module et_block_module\"><div class=\"et_pb_text_inner\"><p>Auch f\u00fcr Firmenanl\u00e4sse bieten wir mit unserem Seerhein-Brunch eine erstklassige M\u00f6glichkeit in inspirierender Atmosph\u00e4re Ideen entfalten zu lassen und Gesch\u00e4ftsbeziehungen zu st\u00e4rken. Von Team-Building-Veranstaltungen \u00fcber Jubil\u00e4en bis hin zu Kundenevents \u2013 unser Brunch ist der Schl\u00fcssel zu gelungenen Unternehmensveranstaltungen.<\/p>\n<p>Die erstklassige Lage unseres Hotels in Gottlieben tr\u00e4gt zus\u00e4tzlich zum einzigartigen Charakter des Seerhein-Brunchs bei. Gottlieben im Kanton Thurgau bietet nicht nur historischen Charme, sondern auch eine F\u00fclle von Freizeitm\u00f6glichkeiten. G\u00e4ste k\u00f6nnen vor oder nach dem Brunch die malerischen Gassen erkunden, die lokale Kunstszene erleben oder sich zu einem entspannten Spaziergang am Ufer des Seerheins aufmachen.<\/p>\n<p>Reservieren Sie noch heute und erleben Sie den Seerhein Brunch in Gottlieben \u2013 wo Genuss und Geselligkeit in einer harmonischen Symbiose aufeinandertreffen. Wir freuen uns auf Sie!<\/p>\n<\/div><\/div>\r\n<\/div>\r\n<\/div>\r\n<\/div>\r\n\r\n<div class=\"et_pb_section_3 et_pb_section et_section_regular et_block_section\">\r\n<div class=\"et_pb_row_1 et_pb_row et_block_row\">\r\n<div class=\"et_pb_column_2 et_pb_column et_pb_column_4_4 et-last-child et_block_column et_pb_css_mix_blend_mode_passthrough\">\r\n<div class=\"dipi_divider_0 dipi_divider et_pb_bg_layout_light et_pb_module\">\n\t\t<div class=\"dipi-pixel-divider dipi-pixel-divider-row dipi-pixel-divider-text dipi-pixel-divider-mirror\"><div class=\"dipi-td-decoration  dipi-td-decoration-line dipi-td-first\"><\/div><h3 class=\"dipi-td-content\">Passend dazu<\/h3><div class=\"dipi-td-decoration  dipi-td-decoration-line dipi-td-second\"><\/div><\/div><\/div>\r\n<\/div>\r\n<\/div>\r\n\r\n<div class=\"et_pb_row_2 et_pb_row et_pb_row_4col et_block_row et_block_row_4col\">\r\n<div class=\"et_pb_column_3 et_pb_column et_pb_column_1_4 et_block_column et_pb_css_mix_blend_mode_passthrough\">\r\n<div class=\"et_pb_blurb_0 et_pb_blurb et_pb_bg_layout_light et_pb_blurb_position_top et_pb_module et_block_module\"><div class=\"et_pb_blurb_content\"><div class=\"et_pb_main_blurb_image\"><a href=\"https:\/\/book.portosofie.ch\" target=\"_blank\" rel=\"noopener\"><span class=\"et_pb_image_wrap et_pb_only_image_mode_wrap\"><img loading=\"lazy\" decoding=\"async\" src=\"https:\/\/staging.portosofie.ch\/wp-content\/uploads\/2026\/02\/Hotel-Porto-Sofie-jetzt-uebernachten-Bodensee-Kreuzlingen-Seerhein-Gottlieben.webp\" width=\"945\" height=\"945\" srcset=\"https:\/\/staging.portosofie.ch\/wp-content\/uploads\/2026\/02\/Hotel-Porto-Sofie-jetzt-uebernachten-Bodensee-Kreuzlingen-Seerhein-Gottlieben.webp 945w, https:\/\/staging.portosofie.ch\/wp-content\/uploads\/2026\/02\/Hotel-Porto-Sofie-jetzt-uebernachten-Bodensee-Kreuzlingen-Seerhein-Gottlieben-480x480.webp 480w\" sizes=\"(min-width: 0px) and (max-width: 480px) 480px, (min-width: 481px) 945px, 100vw\" class=\"wp-image-237\" alt=\"Zimmer Hotel Porto Sofie am Seerhein, Thurgau, Bodensee\" \/><\/span><\/a><\/div><div class=\"et_pb_blurb_container\"><h4 class=\"et_pb_module_header\"><a href=\"https:\/\/book.portosofie.ch\" target=\"_blank\" rel=\"noopener\">\u00dcbernachten<\/a><\/h4><div class=\"et_pb_blurb_description\"><p>Jetzt reservieren und \u00fcbernachten.<\/p>\n<\/div><\/div><\/div><\/div>\r\n<\/div>\r\n\r\n<div class=\"et_pb_column_4 et_pb_column et_pb_column_1_4 et_block_column et_pb_css_mix_blend_mode_passthrough\">\r\n<div class=\"et_pb_blurb_1 et_pb_blurb et_pb_bg_layout_light et_pb_blurb_position_top et_pb_module et_block_module\"><div class=\"et_pb_blurb_content\"><div class=\"et_pb_main_blurb_image\"><span class=\"et_pb_image_wrap et_pb_only_image_mode_wrap\"><img loading=\"lazy\" decoding=\"async\" src=\"https:\/\/staging.portosofie.ch\/wp-content\/uploads\/2026\/02\/Hotel-Porto-Sofie-Brasserie-Bodensee-Kreuzlingen-Seerhein-Gottlieben.webp\" width=\"945\" height=\"945\" srcset=\"https:\/\/staging.portosofie.ch\/wp-content\/uploads\/2026\/02\/Hotel-Porto-Sofie-Brasserie-Bodensee-Kreuzlingen-Seerhein-Gottlieben.webp 945w, https:\/\/staging.portosofie.ch\/wp-content\/uploads\/2026\/02\/Hotel-Porto-Sofie-Brasserie-Bodensee-Kreuzlingen-Seerhein-Gottlieben-480x480.webp 480w\" sizes=\"(min-width: 0px) and (max-width: 480px) 480px, (min-width: 481px) 945px, 100vw\" class=\"wp-image-238\" \/><\/span><\/div><div class=\"et_pb_blurb_container\"><h4 class=\"et_pb_module_header\">Geniessen<\/h4><div class=\"et_pb_blurb_description\"><p>Jetzt reservieren und geniessen.<\/p>\n<\/div><\/div><\/div><\/div>\r\n<\/div>\r\n\r\n<div class=\"et_pb_column_5 et_pb_column et_pb_column_1_4 et_block_column et_pb_css_mix_blend_mode_passthrough\">\r\n<div class=\"et_pb_blurb_2 et_pb_blurb et_pb_bg_layout_light et_pb_blurb_position_top et_pb_module et_block_module\"><div class=\"et_pb_blurb_content\"><div class=\"et_pb_main_blurb_image\"><span class=\"et_pb_image_wrap et_pb_only_image_mode_wrap\"><img loading=\"lazy\" decoding=\"async\" src=\"https:\/\/staging.portosofie.ch\/wp-content\/uploads\/2026\/02\/2-08d6e377-74b6-45e0-b6fa-303dc939d9e1-512x512-1.jpg\" width=\"512\" height=\"512\" srcset=\"https:\/\/staging.portosofie.ch\/wp-content\/uploads\/2026\/02\/2-08d6e377-74b6-45e0-b6fa-303dc939d9e1-512x512-1.jpg 512w, https:\/\/staging.portosofie.ch\/wp-content\/uploads\/2026\/02\/2-08d6e377-74b6-45e0-b6fa-303dc939d9e1-512x512-1-480x480.jpg 480w\" sizes=\"(min-width: 0px) and (max-width: 480px) 480px, (min-width: 481px) 512px, 100vw\" class=\"wp-image-239\" \/><\/span><\/div><div class=\"et_pb_blurb_container\"><h4 class=\"et_pb_module_header\">Tasten<\/h4><div class=\"et_pb_blurb_description\"><p>Jetzt reservieren und tasten.<\/p>\n<\/div><\/div><\/div><\/div>\r\n<\/div>\r\n\r\n<div class=\"et_pb_column_6 et_pb_column et_pb_column_1_4 et-last-child et_block_column et_pb_css_mix_blend_mode_passthrough\">\r\n<div class=\"et_pb_blurb_3 et_pb_blurb et_pb_bg_layout_light et_pb_blurb_position_top et_pb_module et_block_module\"><div class=\"et_pb_blurb_content\"><div class=\"et_pb_main_blurb_image\"><span class=\"et_pb_image_wrap et_pb_only_image_mode_wrap\"><img loading=\"lazy\" decoding=\"async\" src=\"https:\/\/staging.portosofie.ch\/wp-content\/uploads\/2026\/02\/Hotel-Porto-Sofie-Events-Bodensee-Kreuzlingen-Seerhein-Gottlieben-.webp\" width=\"945\" height=\"945\" srcset=\"https:\/\/staging.portosofie.ch\/wp-content\/uploads\/2026\/02\/Hotel-Porto-Sofie-Events-Bodensee-Kreuzlingen-Seerhein-Gottlieben-.webp 945w, https:\/\/staging.portosofie.ch\/wp-content\/uploads\/2026\/02\/Hotel-Porto-Sofie-Events-Bodensee-Kreuzlingen-Seerhein-Gottlieben--480x480.webp 480w\" sizes=\"(min-width: 0px) and (max-width: 480px) 480px, (min-width: 481px) 945px, 100vw\" class=\"wp-image-240\" \/><\/span><\/div><div class=\"et_pb_blurb_container\"><h4 class=\"et_pb_module_header\">Erleben<\/h4><div class=\"et_pb_blurb_description\"><p>Jetzt reservieren und erleben.<\/p>\n<\/div><\/div><\/div><\/div>\r\n<\/div>\r\n<\/div>\r\n<\/div>\r\n\r\n<div class=\"et_pb_section_4 et_pb_section et_section_regular et_block_section\" id=\"kontakt2\">\r\n<div class=\"et_pb_row_3 et_pb_row et_block_row\">\r\n<div class=\"et_pb_column_7 et_pb_column et_pb_column_4_4 et-last-child et_block_column et_pb_css_mix_blend_mode_passthrough\">\r\n<div class=\"et_pb_contact_form_0 et_pb_contact_form_container clearfix et_pb_module et_flex_module divi_contact_form_helper_0\" data-form_unique_num=\"0\" data-form_unique_id=\"10\" id=\"et_pb_contact_form_10\" data-form-config='{\"required_fields_text\":\"Please fill in the following fields:\",\"field_error_text\":\"Please fix the following errors:\",\"invalid_email_text\":\"Please enter a valid email address.\",\"required_captcha_text\":\"Please complete the CAPTCHA.\",\"wrong_captcha_text\":\"There was a problem with the captcha verification.\",\"contactFormId\":\"10\"}'><h1 class=\"et_pb_contact_main_title\">Senden Sie uns eine Anfrage f&uuml;r eine Reservation zum Brunch<\/h1><span class=\"et_pb_contact_spinner\"><\/span><div class=\"et-pb-contact-message\"><\/div><div class=\"et_pb_contact\"><form class=\"et_pb_contact_form et_flex_module\" method=\"post\" action=\"https:\/\/staging.portosofie.ch\/en\/wp-json\/wp\/v2\/pages\/530\" data-trp-original-action=\"https:\/\/staging.portosofie.ch\/en\/wp-json\/wp\/v2\/pages\/530\">\r\n<div class=\"et_pb_contact_field_0 et_pb_contact_field et_pb_module et_flex_module et_flex_column_12_24 et_flex_column_12_24_tablet et_flex_column_12_24_phone\" data-id=\"vorname\" data-type=\"input\"><label class=\"et_pb_contact_form_label\" for=\"et_pb_contact_0_vorname_0\">Vorname<\/label><input type=\"text\" name=\"et_pb_contact_0_vorname_0\" id=\"et_pb_contact_0_vorname_0\" class=\"input\" data-required_mark=\"required\" data-field_type=\"input\" data-original_id=\"vorname\" placeholder=\"Vorname *\" title=\"\" value=\"\" aria-required=\"true\"><\/div>\n\r\n\r\n<div class=\"et_pb_contact_field_1 et_pb_contact_field et_pb_module et_flex_module et_flex_column_12_24 et_flex_column_12_24_tablet et_flex_column_12_24_phone\" data-id=\"nachname\" data-type=\"input\"><label class=\"et_pb_contact_form_label\" for=\"et_pb_contact_0_nachname_1\">Nachname<\/label><input type=\"text\" name=\"et_pb_contact_0_nachname_1\" id=\"et_pb_contact_0_nachname_1\" class=\"input\" data-required_mark=\"required\" data-field_type=\"input\" data-original_id=\"nachname\" placeholder=\"Nachname *\" title=\"\" value=\"\" aria-required=\"true\"><\/div>\n\r\n\r\n<div class=\"et_pb_contact_field_2 et_pb_contact_field et_pb_module et_flex_module et_flex_column_12_24 et_flex_column_12_24_tablet et_flex_column_12_24_phone\" data-id=\"e-mail\" data-type=\"email\"><label class=\"et_pb_contact_form_label\" for=\"et_pb_contact_0_e-mail_2\">E-Mail-Adresse<\/label><input type=\"text\" name=\"et_pb_contact_0_e-mail_2\" id=\"et_pb_contact_0_e-mail_2\" class=\"input\" data-required_mark=\"required\" data-field_type=\"email\" data-original_id=\"e-mail\" placeholder=\"E-Mail-Adresse *\" title=\"\" value=\"\" aria-required=\"true\"><\/div>\n\r\n\r\n<div class=\"et_pb_contact_field_3 et_pb_contact_field et_pb_module et_flex_module et_flex_column_12_24 et_flex_column_12_24_tablet et_flex_column_12_24_phone\" data-id=\"telefon\" data-type=\"input\"><label class=\"et_pb_contact_form_label\" for=\"et_pb_contact_0_telefon_3\">Telefon<\/label><input type=\"text\" name=\"et_pb_contact_0_telefon_3\" id=\"et_pb_contact_0_telefon_3\" class=\"input\" data-required_mark=\"required\" data-field_type=\"input\" data-original_id=\"telefon\" placeholder=\"Telefon *\" title=\"\" value=\"\" aria-required=\"true\"><\/div>\n\r\n\r\n<div class=\"et_pb_contact_field_4 et_pb_contact_field et_pb_module et_flex_module et_flex_column_12_24 et_flex_column_12_24_tablet et_flex_column_12_24_phone\" data-id=\"pax\" data-type=\"select\"><label class=\"et_pb_contact_form_label\" for=\"et_pb_contact_0_pax_4\">PAX<\/label><select name=\"et_pb_contact_0_pax_4\" id=\"et_pb_contact_0_pax_4\" class=\"et_pb_contact_select input\" data-required_mark=\"required\" data-field_type=\"select\" data-original_id=\"pax\" aria-required=\"true\"><option value=\"\">PAX *<\/option><option value=\"1\" data-id=\"\">1<\/option><option value=\"2\" data-id=\"\">2<\/option><option value=\"3\" data-id=\"\">3<\/option><option value=\"4\" data-id=\"\">4<\/option><option value=\"5\" data-id=\"\">5<\/option><option value=\"6\" data-id=\"\">6<\/option><option value=\"7\" data-id=\"\">7<\/option><option value=\"8\" data-id=\"\">8<\/option><option value=\"9\" data-id=\"\">9<\/option><option value=\"10\" data-id=\"\">10<\/option><option value=\"Mehr als 10 Personen\" data-id=\"\">Mehr als 10 Personen<\/option><\/select><span class=\"et_pb_contact_field_desc\">Inklusive Kinder<\/span><\/div>\n\r\n\r\n<div class=\"et_pb_contact_field_5 et_pb_contact_field et_pb_module et_flex_module et_flex_column_12_24 et_flex_column_12_24_tablet et_flex_column_12_24_phone\" data-id=\"datum\" data-type=\"select\"><label class=\"et_pb_contact_form_label\" for=\"et_pb_contact_0_datum_5\">Datum<\/label><select name=\"et_pb_contact_0_datum_5\" id=\"et_pb_contact_0_datum_5\" class=\"et_pb_contact_select input\" data-required_mark=\"required\" data-field_type=\"select\" data-original_id=\"datum\" aria-required=\"true\"><option value=\"\">Datum *<\/option><option value=\"05.10.2025 | 11:00\" data-id=\"\">05.10.2025 | 11:00<\/option><option value=\"12.10.2025 | 11:00\" data-id=\"\">12.10.2025 | 11:00<\/option><option value=\"19.10.2025 | 11:00\" data-id=\"\">19.10.2025 | 11:00<\/option><option value=\"26.10.2025 | 11:00\" data-id=\"\">26.10.2025 | 11:00<\/option><option value=\"02.11.2025 | 11:00\" data-id=\"\">02.11.2025 | 11:00<\/option><option value=\"09.11.2025 | 11:00\" data-id=\"\">09.11.2025 | 11:00<\/option><option value=\"16.11.2025 | 11:00\" data-id=\"\">16.11.2025 | 11:00<\/option><option value=\"23.11.2025 | 11:00\" data-id=\"\">23.11.2025 | 11:00<\/option><option value=\"30.11.2025 | 11:00\" data-id=\"\">30.11.2025 | 11:00<\/option><option value=\"07.12.2025 | 11:00\" data-id=\"\">07.12.2025 | 11:00<\/option><option value=\"14.12.2025 | 11:00\" data-id=\"\">14.12.2025 | 11:00<\/option><option value=\"21.12.2025 | 11:00\" data-id=\"\">21.12.2025 | 11:00<\/option><option value=\"11.01.2026 | 11:00\" data-id=\"\">11.01.2026 | 11:00<\/option><option value=\"18.01.2026 | 11:00\" data-id=\"\">18.01.2026 | 11:00<\/option><option value=\"25.01.2026 | 11:00\" data-id=\"\">25.01.2026 | 11:00<\/option><option value=\"01.02.2026 | 11:00\" data-id=\"\">01.02.2026 | 11:00<\/option><option value=\"08.02.2026 | 11:00\" data-id=\"\">08.02.2026 | 11:00<\/option><option value=\"15.02.2026 | 11:00\" data-id=\"\">15.02.2026 | 11:00<\/option><option value=\"22.02.2026 | 11:00\" data-id=\"\">22.02.2026 | 11:00<\/option><option value=\"01.03.2026 | 11:00\" data-id=\"\">01.03.2026 | 11:00<\/option><option value=\"08.03.2026 | 11:00\" data-id=\"\">08.03.2026 | 11:00<\/option><option value=\"15.03.2026 | 11:00\" data-id=\"\">15.03.2026 | 11:00<\/option><option value=\"22.03.2026 | 11:00\" data-id=\"\">22.03.2026 | 11:00<\/option><option value=\"29.03.2026 | 11:00\" data-id=\"\">29.03.2026 | 11:00<\/option><option value=\"05.04.2026 | 11:00\" data-id=\"\">05.04.2026 | 11:00<\/option><option value=\"12.04.2026 | 11:00\" data-id=\"\">12.04.2026 | 11:00<\/option><option value=\"19.04.2026 | 11:00\" data-id=\"\">19.04.2026 | 11:00<\/option><option value=\"26.04.2026 | 11:00\" data-id=\"\">26.04.2026 | 11:00<\/option><option value=\"03.05.2026 | 11:00\" data-id=\"\">03.05.2026 | 11:00<\/option><option value=\"10.05.2026 | 11:00\" data-id=\"\">10.05.2026 | 11:00<\/option><\/select><\/div>\n\r\n\r\n<div class=\"et_pb_contact_field_6 et_pb_contact_field et_pb_module et_flex_module et_flex_column_24_24 et_flex_column_24_24_tablet et_flex_column_24_24_phone\" data-id=\"nachricht\" data-type=\"text\"><label class=\"et_pb_contact_form_label\" for=\"et_pb_contact_0_nachricht_6\">Nachricht<\/label><textarea name=\"et_pb_contact_0_nachricht_6\" id=\"et_pb_contact_0_nachricht_6\" class=\"et_pb_contact_message input\" data-required_mark=\"not_required\" data-field_type=\"text\" data-original_id=\"nachricht\" placeholder=\"Bemerkung \/ Hinweise\" pattern=\"\" minlength=\"\" maxlength=\"\" title=\"\" aria-required=\"true\"><\/textarea><\/div>\n\r\n<input type=\"hidden\" name=\"et_pb_contactform_submit_10\" value=\"et_contact_proccess\"><div class=\"et_contact_bottom_container\"><div class=\"et_pb_button_wrapper\"><button type=\"submit\" name=\"et_builder_submit_button\" class=\"et_pb_button et_pb_contact_submit\" data-wait-text=\"Please Wait...\">Nachricht senden<\/button><\/div><\/div><input type=\"hidden\" id=\"_wpnonce-et-pb-contact-form-submitted-10\" name=\"_wpnonce-et-pb-contact-form-submitted-10\" value=\"8b8648decd\"><input type=\"hidden\" name=\"_wp_http_referer\" value=\"\/en\/wp-json\/wp\/v2\/pages\/530\"><input type=\"hidden\" readonly inputmode=\"none\" name=\"et_pb_contact_field_referer_url\" value=\"\"><input type=\"hidden\" name=\"trp-form-language\" value=\"en\"\/><\/form><\/div><div class=\"et_pb_contact_form_overlay\"><div class=\"et_pb_contact_form_loader_spinner\"><\/div><\/div><\/div>\n\r\n<\/div>\r\n<\/div>\r\n<\/div>","protected":false},"excerpt":{"rendered":"","protected":false},"author":1,"featured_media":0,"parent":0,"menu_order":0,"comment_status":"closed","ping_status":"closed","template":"","meta":{"_acf_changed":false,"_et_pb_use_builder":"on","_et_pb_old_content":"","_et_gb_content_width":"","iawp_total_views":0,"footnotes":""},"dipi_cpt_category":[],"class_list":["post-530","page","type-page","status-publish","hentry"],"acf":[],"_links":{"self":[{"href":"https:\/\/staging.portosofie.ch\/en\/wp-json\/wp\/v2\/pages\/530","targetHints":{"allow":["GET"]}}],"collection":[{"href":"https:\/\/staging.portosofie.ch\/en\/wp-json\/wp\/v2\/pages"}],"about":[{"href":"https:\/\/staging.portosofie.ch\/en\/wp-json\/wp\/v2\/types\/page"}],"author":[{"embeddable":true,"href":"https:\/\/staging.portosofie.ch\/en\/wp-json\/wp\/v2\/users\/1"}],"replies":[{"embeddable":true,"href":"https:\/\/staging.portosofie.ch\/en\/wp-json\/wp\/v2\/comments?post=530"}],"version-history":[{"count":0,"href":"https:\/\/staging.portosofie.ch\/en\/wp-json\/wp\/v2\/pages\/530\/revisions"}],"wp:attachment":[{"href":"https:\/\/staging.portosofie.ch\/en\/wp-json\/wp\/v2\/media?parent=530"}],"wp:term":[{"taxonomy":"dipi_cpt_category","embeddable":true,"href":"https:\/\/staging.portosofie.ch\/en\/wp-json\/wp\/v2\/dipi_cpt_category?post=530"}],"curies":[{"name":"wp","href":"https:\/\/api.w.org\/{rel}","templated":true}]}}