{"id":27585133,"date":"2026-03-07T16:18:04","date_gmt":"2026-03-07T15:18:04","guid":{"rendered":"https:\/\/server-wechsel.de\/?post_type=product&#038;p=27585133"},"modified":"2026-03-10T14:21:37","modified_gmt":"2026-03-10T13:21:37","slug":"champagne-special-bollinger-0-75","status":"publish","type":"product","link":"https:\/\/staging.portosofie.ch\/en\/product\/champagne-special-bollinger-0-75\/","title":{"rendered":"Champagne Special Bollinger 0.75"},"content":{"rendered":"","protected":false},"excerpt":{"rendered":"<p>BOLLINGER \u2013 Champagne<br \/>\nSpecial Cuv\u00e9e Brut, AOC Pinot Noir 60%, Chardonnay 25%, Pinot Meunier 15%<br \/>\nMit dem Special Cuv\u00e9e zeigt sich Bollinger von seiner besten Seite: Ein Champagner mit feiner Perlage, verf\u00fchrerischer Aromatik und einem langen Abgang. Florale Noten f\u00fcgen sich zu Obst und Beerenfrucht, erg\u00e4nzt von einem Hauch von Brioche. Am Gaumen volumin\u00f6s und mit vollmundigem Schmelz, zugleich subtil und von genialer Finesse, \u00fcberaus nachhaltiges, ja fruchtiges Finale. Grosser, eleganter Champagner mit ureigenem Stil \u2013 James Bond\u2019s Favorit!<\/p>","protected":false},"featured_media":27585341,"template":"","meta":{"_acf_changed":false,"_et_pb_use_builder":"","_et_pb_old_content":"","_et_gb_content_width":"","iawp_total_views":0},"product_brand":[],"product_cat":[15],"product_tag":[],"class_list":{"0":"post-27585133","1":"product","2":"type-product","3":"status-publish","4":"has-post-thumbnail","6":"product_cat-unkategorisiert","8":"first","9":"instock","10":"sold-individually","11":"taxable","12":"shipping-taxable","13":"purchasable","14":"product-type-simple"},"acf":[],"thumbnail":"https:\/\/staging.portosofie.ch\/wp-content\/uploads\/Champagne-Special-Bollinger-0.75-.jpg","price_html":"<span class=\"woocommerce-Price-amount amount\"><bdi><span class=\"woocommerce-Price-currencySymbol\">&#67;&#72;&#70;<\/span>&nbsp;119.00<\/bdi><\/span>","on_sale":false,"stock_status":"instock","rating_html":"","rating_count":0,"_links":{"self":[{"href":"https:\/\/staging.portosofie.ch\/en\/wp-json\/wp\/v2\/product\/27585133","targetHints":{"allow":["GET"]}}],"collection":[{"href":"https:\/\/staging.portosofie.ch\/en\/wp-json\/wp\/v2\/product"}],"about":[{"href":"https:\/\/staging.portosofie.ch\/en\/wp-json\/wp\/v2\/types\/product"}],"wp:featuredmedia":[{"embeddable":true,"href":"https:\/\/staging.portosofie.ch\/en\/wp-json\/wp\/v2\/media\/27585341"}],"wp:attachment":[{"href":"https:\/\/staging.portosofie.ch\/en\/wp-json\/wp\/v2\/media?parent=27585133"}],"wp:term":[{"taxonomy":"product_brand","embeddable":true,"href":"https:\/\/staging.portosofie.ch\/en\/wp-json\/wp\/v2\/product_brand?post=27585133"},{"taxonomy":"product_cat","embeddable":true,"href":"https:\/\/staging.portosofie.ch\/en\/wp-json\/wp\/v2\/product_cat?post=27585133"},{"taxonomy":"product_tag","embeddable":true,"href":"https:\/\/staging.portosofie.ch\/en\/wp-json\/wp\/v2\/product_tag?post=27585133"}],"curies":[{"name":"wp","href":"https:\/\/api.w.org\/{rel}","templated":true}]}}