{"id":27585134,"date":"2026-03-07T16:18:04","date_gmt":"2026-03-07T15:18:04","guid":{"rendered":"https:\/\/server-wechsel.de\/?post_type=product&#038;p=27585134"},"modified":"2026-03-10T14:21:49","modified_gmt":"2026-03-10T13:21:49","slug":"grauburgunder-aufricht","status":"publish","type":"product","link":"https:\/\/staging.portosofie.ch\/en\/product\/grauburgunder-aufricht\/","title":{"rendered":"Grauburgunder Aufricht"},"content":{"rendered":"","protected":false},"excerpt":{"rendered":"<p>Grauburgunder \u2013 Weingut Aufricht \u2013 0.75 l<\/p>\n<p>AUFRICHT \u2013 Meersburg<br \/>\nVon Alten Reben 2023<br \/>\nGrauburgunder 100\u00a0%<br \/>\nDer Grauburgunder zeichnet sich durch eine grosse Harmonie im Geschmacksbereich aus, bei gleichzeitig enormer Spannung und Straffheit. Schmeckt nach reifer Williams-Birne und Honigmelone. In der Nase ein Mix aus gehackten Kr\u00e4utern, \u00c4pfeln, Birnen. Am Gaumen sehr vital, mit frischer Frucht und schlankem K\u00f6rper. Nektarine, Orange und Limette sind ebenso Elemente<\/p>\n<p>Nur zum Genuss im Hotel \u2013 kein Versand.<\/p>","protected":false},"featured_media":27585342,"template":"","meta":{"_acf_changed":false,"_et_pb_use_builder":"","_et_pb_old_content":"","_et_gb_content_width":"","iawp_total_views":0},"product_brand":[],"product_cat":[15],"product_tag":[],"class_list":{"0":"post-27585134","1":"product","2":"type-product","3":"status-publish","4":"has-post-thumbnail","6":"product_cat-unkategorisiert","8":"first","9":"instock","10":"sold-individually","11":"taxable","12":"shipping-taxable","13":"purchasable","14":"product-type-simple"},"acf":[],"thumbnail":"https:\/\/staging.portosofie.ch\/wp-content\/uploads\/Grauburgunder-Aufricht.jpg","price_html":"<span class=\"woocommerce-Price-amount amount\"><bdi><span class=\"woocommerce-Price-currencySymbol\">&#67;&#72;&#70;<\/span>&nbsp;56.00<\/bdi><\/span>","on_sale":false,"stock_status":"instock","rating_html":"","rating_count":0,"_links":{"self":[{"href":"https:\/\/staging.portosofie.ch\/en\/wp-json\/wp\/v2\/product\/27585134","targetHints":{"allow":["GET"]}}],"collection":[{"href":"https:\/\/staging.portosofie.ch\/en\/wp-json\/wp\/v2\/product"}],"about":[{"href":"https:\/\/staging.portosofie.ch\/en\/wp-json\/wp\/v2\/types\/product"}],"wp:featuredmedia":[{"embeddable":true,"href":"https:\/\/staging.portosofie.ch\/en\/wp-json\/wp\/v2\/media\/27585342"}],"wp:attachment":[{"href":"https:\/\/staging.portosofie.ch\/en\/wp-json\/wp\/v2\/media?parent=27585134"}],"wp:term":[{"taxonomy":"product_brand","embeddable":true,"href":"https:\/\/staging.portosofie.ch\/en\/wp-json\/wp\/v2\/product_brand?post=27585134"},{"taxonomy":"product_cat","embeddable":true,"href":"https:\/\/staging.portosofie.ch\/en\/wp-json\/wp\/v2\/product_cat?post=27585134"},{"taxonomy":"product_tag","embeddable":true,"href":"https:\/\/staging.portosofie.ch\/en\/wp-json\/wp\/v2\/product_tag?post=27585134"}],"curies":[{"name":"wp","href":"https:\/\/api.w.org\/{rel}","templated":true}]}}